

{"id":7744,"date":"2024-05-22T17:52:06","date_gmt":"2024-05-22T15:52:06","guid":{"rendered":"https:\/\/espaiphilae.com\/the-tribe-of-isis\/"},"modified":"2024-08-01T14:22:00","modified_gmt":"2024-08-01T12:22:00","slug":"the-tribe-of-isis","status":"publish","type":"page","link":"https:\/\/espaiphilae.com\/en\/the-tribe-of-isis\/","title":{"rendered":"The Tribe of ISIS"},"content":{"rendered":"\n\t<div class=\"row\">\n\t\t<div class='col-md-6'><div class=\"actividad clearfix actividad-futura\">\n        <div class=\"caja-img-act\">\n        <a href=\"https:\/\/espaiphilae.com\/en\/tribu-isis\/the-ritual-of-isis\/\">\n         <img fetchpriority=\"high\" decoding=\"async\" width=\"2560\" height=\"1920\" src=\"https:\/\/espaiphilae.com\/wp-content\/uploads\/stephane-juban-DI8Bf6K1134-unsplash-scaled.jpg\" class=\"img-fluid wp-post-image\" alt=\"\" srcset=\"https:\/\/espaiphilae.com\/wp-content\/uploads\/stephane-juban-DI8Bf6K1134-unsplash-scaled.jpg 2560w, https:\/\/espaiphilae.com\/wp-content\/uploads\/stephane-juban-DI8Bf6K1134-unsplash-700x525.jpg 700w, https:\/\/espaiphilae.com\/wp-content\/uploads\/stephane-juban-DI8Bf6K1134-unsplash-1365x1024.jpg 1365w, https:\/\/espaiphilae.com\/wp-content\/uploads\/stephane-juban-DI8Bf6K1134-unsplash-768x576.jpg 768w, https:\/\/espaiphilae.com\/wp-content\/uploads\/stephane-juban-DI8Bf6K1134-unsplash-1536x1152.jpg 1536w, https:\/\/espaiphilae.com\/wp-content\/uploads\/stephane-juban-DI8Bf6K1134-unsplash-2048x1536.jpg 2048w, https:\/\/espaiphilae.com\/wp-content\/uploads\/stephane-juban-DI8Bf6K1134-unsplash-600x450.jpg 600w\" sizes=\"(max-width: 2560px) 100vw, 2560px\" \/>        <\/a>\n        <\/div>\n        <div class=\"fecha\">\n                    <div class=\"dia_mes\">\n                <span class=\"dia\">21<\/span>\n                <span class=\"mes\">Dec<\/span>\n                <\/div>\n            <div class=\"ano\">2025<\/div>\n        <\/div>\n        \n            <h2 class=\"title-actividad\">The Ritual of ISIS<\/h2>\n            <div class=\"sigle-content\">\n      \t\n\n\nWith Anna Sabat\u00e9\n\nDate: Sunday, 21st DecemberTime: 6 p.m. to 8 p.m.\n\nThe ISIS Woman transforms pain into wisdom and loss into transcendence.\n\nWe will close out 2025 with a purification ritual through the 3 gifts of the Goddess ISIS:\n\nORACULAR INTUITION:Finding every part of myself that was lost or abandoned on my life journey [+]     \n            <\/div>  \n        <a href=\"https:\/\/espaiphilae.com\/en\/tribu-isis\/the-ritual-of-isis\/\" class=\"btn btn-informas\">\n            See more        <\/a>\n\n<\/div><\/div><div class='col-md-6'><div class=\"actividad clearfix actividad-futura\">\n        <div class=\"caja-img-act\">\n        <a href=\"https:\/\/espaiphilae.com\/en\/tribu-isis\/philae-reading-circle\/\">\n         <img decoding=\"async\" width=\"552\" height=\"488\" src=\"https:\/\/espaiphilae.com\/wp-content\/uploads\/comunbatec2.jpg\" class=\"img-fluid wp-post-image\" alt=\"\" \/>        <\/a>\n        <\/div>\n        <div class=\"fecha\">\n                    <div class=\"dia_mes\">\n                <span class=\"dia\">11<\/span>\n                <span class=\"mes\">Jan<\/span>\n                <\/div>\n            <div class=\"ano\">2026<\/div>\n        <\/div>\n        \n            <h2 class=\"title-actividad\">Philae Reading Circle<\/h2>\n            <div class=\"sigle-content\">\n      \t\nThe pleasure of reading and sharing\n\nWith Tina Angrill\n\nDate: Sunday, 11 JanuaryTime: 6:00 p.m. to 7:30 p.m.\n\nAt the Philae Reading Circle, we meet quarterly to read and share our impressions of a literary work, in the company of the author of the book and in a discussion moderated by Tina Angrill [+]     \n            <\/div>  \n        <a href=\"https:\/\/espaiphilae.com\/en\/tribu-isis\/philae-reading-circle\/\" class=\"btn btn-informas\">\n            See more        <\/a>\n\n<\/div><\/div><div class='col-md-6'><div class=\"actividad clearfix actividad-futura\">\n        <div class=\"caja-img-act\">\n        <a href=\"https:\/\/espaiphilae.com\/en\/tribu-isis\/welcome-from-the-inner-self\/\">\n         <img decoding=\"async\" width=\"2216\" height=\"1662\" src=\"https:\/\/espaiphilae.com\/wp-content\/uploads\/india.jpg\" class=\"img-fluid wp-post-image\" alt=\"\" srcset=\"https:\/\/espaiphilae.com\/wp-content\/uploads\/india.jpg 2216w, https:\/\/espaiphilae.com\/wp-content\/uploads\/india-700x525.jpg 700w, https:\/\/espaiphilae.com\/wp-content\/uploads\/india-1365x1024.jpg 1365w, https:\/\/espaiphilae.com\/wp-content\/uploads\/india-768x576.jpg 768w, https:\/\/espaiphilae.com\/wp-content\/uploads\/india-1536x1152.jpg 1536w, https:\/\/espaiphilae.com\/wp-content\/uploads\/india-2048x1536.jpg 2048w, https:\/\/espaiphilae.com\/wp-content\/uploads\/india-600x450.jpg 600w\" sizes=\"(max-width: 2216px) 100vw, 2216px\" \/>        <\/a>\n        <\/div>\n        <div class=\"fecha\">\n                    <div class=\"dia_mes\">\n                <span class=\"dia\">18<\/span>\n                <span class=\"mes\">Jan<\/span>\n                <\/div>\n            <div class=\"ano\">2026<\/div>\n        <\/div>\n        \n            <h2 class=\"title-actividad\">Welcome from the Inner Self<\/h2>\n            <div class=\"sigle-content\">\n      \t\n\n\nWith Rosanna Blasi\n\nDate: Sunday, 18th JanuaryTime: from 7 p.m. to 9 p.m.\n\nWe open the year 2026 with a welcome ritual, a space to find ourselves as we are: physically, emotionally, and mentally.\n\nWe will explore the energy of beginnings\u00a0with curiosity and dedication [+]     \n            <\/div>  \n        <a href=\"https:\/\/espaiphilae.com\/en\/tribu-isis\/welcome-from-the-inner-self\/\" class=\"btn btn-informas\">\n            See more        <\/a>\n\n<\/div><\/div><div class='col-md-6'><div class=\"actividad clearfix actividad-futura\">\n        <div class=\"caja-img-act\">\n        <a href=\"https:\/\/espaiphilae.com\/en\/tribu-isis\/men-and-women-circle\/\">\n         <img loading=\"lazy\" decoding=\"async\" width=\"2560\" height=\"2142\" src=\"https:\/\/espaiphilae.com\/wp-content\/uploads\/aerial-view-diverse-business-people-holding-hands-togeher-teamwork-scaled.jpg\" class=\"img-fluid wp-post-image\" alt=\"\" srcset=\"https:\/\/espaiphilae.com\/wp-content\/uploads\/aerial-view-diverse-business-people-holding-hands-togeher-teamwork-scaled.jpg 2560w, https:\/\/espaiphilae.com\/wp-content\/uploads\/aerial-view-diverse-business-people-holding-hands-togeher-teamwork-700x586.jpg 700w, https:\/\/espaiphilae.com\/wp-content\/uploads\/aerial-view-diverse-business-people-holding-hands-togeher-teamwork-1224x1024.jpg 1224w, https:\/\/espaiphilae.com\/wp-content\/uploads\/aerial-view-diverse-business-people-holding-hands-togeher-teamwork-768x642.jpg 768w, https:\/\/espaiphilae.com\/wp-content\/uploads\/aerial-view-diverse-business-people-holding-hands-togeher-teamwork-1536x1285.jpg 1536w, https:\/\/espaiphilae.com\/wp-content\/uploads\/aerial-view-diverse-business-people-holding-hands-togeher-teamwork-2048x1713.jpg 2048w, https:\/\/espaiphilae.com\/wp-content\/uploads\/aerial-view-diverse-business-people-holding-hands-togeher-teamwork-600x502.jpg 600w\" sizes=\"(max-width: 2560px) 100vw, 2560px\" \/>        <\/a>\n        <\/div>\n        <div class=\"fecha\">\n                    <div class=\"dia_mes\">\n                <span class=\"dia\">13<\/span>\n                <span class=\"mes\">Feb<\/span>\n                <\/div>\n            <div class=\"ano\">2026<\/div>\n        <\/div>\n        \n            <h2 class=\"title-actividad\">Men and Women Circle<\/h2>\n            <div class=\"sigle-content\">\n      \t\n\n\nWith Mart\u00ed Abril and N\u00faria Sord\u00e9\n\nDate: Friday, 13th FebruaryTime: 7:00 p.m. to 9:30 p.m\n\nThe sole purpose of this gathering is to sit in a circle and create a safe and healing space in which we can move towards a more harmonious way of relating to one another, with the aim of healing the relationship between the feminine and the masculine [+]     \n            <\/div>  \n        <a href=\"https:\/\/espaiphilae.com\/en\/tribu-isis\/men-and-women-circle\/\" class=\"btn btn-informas\">\n            See more        <\/a>\n\n<\/div><\/div><div class='col-md-6'><div class=\"actividad clearfix actividad-futura\">\n        <div class=\"caja-img-act\">\n        <a href=\"https:\/\/espaiphilae.com\/en\/tribu-isis\/mens-sana-in-corpore-sano\/\">\n         <img loading=\"lazy\" decoding=\"async\" width=\"1078\" height=\"1080\" src=\"https:\/\/espaiphilae.com\/wp-content\/uploads\/PHOTO-2026-02-20-17-41-21.jpg\" class=\"img-fluid wp-post-image\" alt=\"\" srcset=\"https:\/\/espaiphilae.com\/wp-content\/uploads\/PHOTO-2026-02-20-17-41-21.jpg 1078w, https:\/\/espaiphilae.com\/wp-content\/uploads\/PHOTO-2026-02-20-17-41-21-700x700.jpg 700w, https:\/\/espaiphilae.com\/wp-content\/uploads\/PHOTO-2026-02-20-17-41-21-1022x1024.jpg 1022w, https:\/\/espaiphilae.com\/wp-content\/uploads\/PHOTO-2026-02-20-17-41-21-150x150.jpg 150w, https:\/\/espaiphilae.com\/wp-content\/uploads\/PHOTO-2026-02-20-17-41-21-768x769.jpg 768w, https:\/\/espaiphilae.com\/wp-content\/uploads\/PHOTO-2026-02-20-17-41-21-300x300.jpg 300w, https:\/\/espaiphilae.com\/wp-content\/uploads\/PHOTO-2026-02-20-17-41-21-600x601.jpg 600w, https:\/\/espaiphilae.com\/wp-content\/uploads\/PHOTO-2026-02-20-17-41-21-100x100.jpg 100w\" sizes=\"(max-width: 1078px) 100vw, 1078px\" \/>        <\/a>\n        <\/div>\n        <div class=\"fecha\">\n                    <div class=\"dia_mes\">\n                <span class=\"dia\">21<\/span>\n                <span class=\"mes\">Mar<\/span>\n                <\/div>\n            <div class=\"ano\">2026<\/div>\n        <\/div>\n        \n            <h2 class=\"title-actividad\">Mens sana in corpore sano<\/h2>\n            <div class=\"sigle-content\">\n      \t\nConference\n\nCon Roger Caba\u00f1as, Anna Sabat\u00e9&#8217;s personal trainer\n\nDate: Saturday, 21 MarchTime: 6:00 p.m. to 8:30 p.m.\n\nLet\u2019s explore how moving the body is, quite literally, medicine for the mind. It\u2019s not just about burning calories or anything related to aesthetics, but about understanding how exercise works as a biological \u201creset\u201d that regulates cortisol and triggers endorphins \u2013 those hormones that make us feel capable of anything [+]     \n            <\/div>  \n        <a href=\"https:\/\/espaiphilae.com\/en\/tribu-isis\/mens-sana-in-corpore-sano\/\" class=\"btn btn-informas\">\n            See more        <\/a>\n\n<\/div><\/div><div class='col-md-6'><div class=\"actividad clearfix actividad-futura\">\n        <div class=\"caja-img-act\">\n        <a href=\"https:\/\/espaiphilae.com\/en\/tribu-isis\/the-power-of-the-inner-warrior-men\/\">\n         <img loading=\"lazy\" decoding=\"async\" width=\"1425\" height=\"1900\" src=\"https:\/\/espaiphilae.com\/wp-content\/uploads\/Foto-Sebas-scaled.jpg\" class=\"img-fluid wp-post-image\" alt=\"\" srcset=\"https:\/\/espaiphilae.com\/wp-content\/uploads\/Foto-Sebas-scaled.jpg 1425w, https:\/\/espaiphilae.com\/wp-content\/uploads\/Foto-Sebas-525x700.jpg 525w, https:\/\/espaiphilae.com\/wp-content\/uploads\/Foto-Sebas-768x1024.jpg 768w, https:\/\/espaiphilae.com\/wp-content\/uploads\/Foto-Sebas-1152x1536.jpg 1152w, https:\/\/espaiphilae.com\/wp-content\/uploads\/Foto-Sebas-1536x2048.jpg 1536w, https:\/\/espaiphilae.com\/wp-content\/uploads\/Foto-Sebas-600x800.jpg 600w\" sizes=\"(max-width: 1425px) 100vw, 1425px\" \/>        <\/a>\n        <\/div>\n        <div class=\"fecha\">\n                    <div class=\"dia_mes\">\n                <span class=\"dia\">27<\/span>\n                <span class=\"mes\">Mar<\/span>\n                <\/div>\n            <div class=\"ano\">2026<\/div>\n        <\/div>\n        \n            <h2 class=\"title-actividad\">The Power of the Inner Warrior (Men)<\/h2>\n            <div class=\"sigle-content\">\n      \t\nPenetrate life with your masculine sexual energy\n\nWith Sebasti\u00e1n Pordomingo\n\nDate: Friday, 27th of MarchTime:\u00a06:00 p.m. to 8:00 p.m.\n\nMen of Espai Philae, I invite you to embark together on a journey in which, inspired by ancient bodily techniques such as Tao or Tantra and a holistic approach based on neuroscience, we will work with our sexual energy to transform the way we relate to it [+]     \n            <\/div>  \n        <a href=\"https:\/\/espaiphilae.com\/en\/tribu-isis\/the-power-of-the-inner-warrior-men\/\" class=\"btn btn-informas\">\n            See more        <\/a>\n\n<\/div><\/div><div class='col-md-6'><div class=\"actividad clearfix actividad-futura\">\n        <div class=\"caja-img-act\">\n        <a href=\"https:\/\/espaiphilae.com\/en\/tribu-isis\/neuroepigenetic-breathing%ef%b8%8f\/\">\n         <img loading=\"lazy\" decoding=\"async\" width=\"1200\" height=\"1600\" src=\"https:\/\/espaiphilae.com\/wp-content\/uploads\/PHOTO-2026-03-18-06-27-37.jpg\" class=\"img-fluid wp-post-image\" alt=\"\" srcset=\"https:\/\/espaiphilae.com\/wp-content\/uploads\/PHOTO-2026-03-18-06-27-37.jpg 1200w, https:\/\/espaiphilae.com\/wp-content\/uploads\/PHOTO-2026-03-18-06-27-37-525x700.jpg 525w, https:\/\/espaiphilae.com\/wp-content\/uploads\/PHOTO-2026-03-18-06-27-37-768x1024.jpg 768w, https:\/\/espaiphilae.com\/wp-content\/uploads\/PHOTO-2026-03-18-06-27-37-1152x1536.jpg 1152w, https:\/\/espaiphilae.com\/wp-content\/uploads\/PHOTO-2026-03-18-06-27-37-600x800.jpg 600w\" sizes=\"(max-width: 1200px) 100vw, 1200px\" \/>        <\/a>\n        <\/div>\n        <div class=\"fecha\">\n                    <div class=\"dia_mes\">\n                <span class=\"dia\">18<\/span>\n                <span class=\"mes\">Apr<\/span>\n                <\/div>\n            <div class=\"ano\">2026<\/div>\n        <\/div>\n        \n            <h2 class=\"title-actividad\">Neuroepigenetic Breathing\u00ae\ufe0f<\/h2>\n            <div class=\"sigle-content\">\n      \t\n\n\nWith Sebasti\u00e1n Pordomingo y Cristina Murria\n\nDate: Saturday, 18th AprilTime:\u00a0from 17 pm to 19 pm\n\nCome and energise every cell in your body and experience the joy that comes from harmoniously uniting your sexuality, your heart and your consciousness [+]     \n            <\/div>  \n        <a href=\"https:\/\/espaiphilae.com\/en\/tribu-isis\/neuroepigenetic-breathing%ef%b8%8f\/\" class=\"btn btn-informas\">\n            See more        <\/a>\n\n<\/div><\/div><div class='col-md-6'><div class=\"actividad clearfix actividad-futura\">\n        <div class=\"caja-img-act\">\n        <a href=\"https:\/\/espaiphilae.com\/en\/tribu-isis\/the-body-in-motion\/\">\n         <img loading=\"lazy\" decoding=\"async\" width=\"1516\" height=\"760\" src=\"https:\/\/espaiphilae.com\/wp-content\/uploads\/Captura-de-pantalla-2026-04-02-a-las-14.56.43.png\" class=\"img-fluid wp-post-image\" alt=\"\" srcset=\"https:\/\/espaiphilae.com\/wp-content\/uploads\/Captura-de-pantalla-2026-04-02-a-las-14.56.43.png 1516w, https:\/\/espaiphilae.com\/wp-content\/uploads\/Captura-de-pantalla-2026-04-02-a-las-14.56.43-700x351.png 700w, https:\/\/espaiphilae.com\/wp-content\/uploads\/Captura-de-pantalla-2026-04-02-a-las-14.56.43-768x385.png 768w, https:\/\/espaiphilae.com\/wp-content\/uploads\/Captura-de-pantalla-2026-04-02-a-las-14.56.43-600x301.png 600w\" sizes=\"(max-width: 1516px) 100vw, 1516px\" \/>        <\/a>\n        <\/div>\n        <div class=\"fecha\">\n                    <div class=\"dia_mes\">\n                <span class=\"dia\">24<\/span>\n                <span class=\"mes\">Apr<\/span>\n                <\/div>\n            <div class=\"ano\">2026<\/div>\n        <\/div>\n        \n            <h2 class=\"title-actividad\">The Body in Motion<\/h2>\n            <div class=\"sigle-content\">\n      \t\n\n\nWith Meritxell Vel\u00e1zquez\n\nDate: Friday, April 24Time: 7:00 PM to 9:00 PM\n\n\u201cThe Body in Motion\u201d is an invitation for the body to express itself through music and dance, through free, spontaneous, and improvised movement.\n\nA space for exploration and expression based on what emerges in the moment, where individual openness gives way to connection with the group [+]     \n            <\/div>  \n        <a href=\"https:\/\/espaiphilae.com\/en\/tribu-isis\/the-body-in-motion\/\" class=\"btn btn-informas\">\n            See more        <\/a>\n\n<\/div><\/div><div class='col-md-6'><div class=\"actividad clearfix actividad-futura\">\n        <div class=\"caja-img-act\">\n        <a href=\"https:\/\/espaiphilae.com\/en\/tribu-isis\/the-power-of-the-inner-warrior-men-2\/\">\n         <img loading=\"lazy\" decoding=\"async\" width=\"1425\" height=\"1900\" src=\"https:\/\/espaiphilae.com\/wp-content\/uploads\/Foto-Sebas-scaled.jpg\" class=\"img-fluid wp-post-image\" alt=\"\" srcset=\"https:\/\/espaiphilae.com\/wp-content\/uploads\/Foto-Sebas-scaled.jpg 1425w, https:\/\/espaiphilae.com\/wp-content\/uploads\/Foto-Sebas-525x700.jpg 525w, https:\/\/espaiphilae.com\/wp-content\/uploads\/Foto-Sebas-768x1024.jpg 768w, https:\/\/espaiphilae.com\/wp-content\/uploads\/Foto-Sebas-1152x1536.jpg 1152w, https:\/\/espaiphilae.com\/wp-content\/uploads\/Foto-Sebas-1536x2048.jpg 1536w, https:\/\/espaiphilae.com\/wp-content\/uploads\/Foto-Sebas-600x800.jpg 600w\" sizes=\"(max-width: 1425px) 100vw, 1425px\" \/>        <\/a>\n        <\/div>\n        <div class=\"fecha\">\n                    <div class=\"dia_mes\">\n                <span class=\"dia\">29<\/span>\n                <span class=\"mes\">May<\/span>\n                <\/div>\n            <div class=\"ano\">2026<\/div>\n        <\/div>\n        \n            <h2 class=\"title-actividad\">The Power of the Inner Warrior (Men)<\/h2>\n            <div class=\"sigle-content\">\n      \t\nPenetrate life with your masculine sexual energy\n\nWith Sebasti\u00e1n Pordomingo\n\nDate: Friday, 29th of MayTime:\u00a06:00 p.m. to 8:00 p.m.\n\nMen of Espai Philae, I invite you to embark together on a journey in which, inspired by ancient bodily techniques such as Tao or Tantra and a holistic approach based on neuroscience, we will work with our sexual energy to transform the way we relate to it [+]     \n            <\/div>  \n        <a href=\"https:\/\/espaiphilae.com\/en\/tribu-isis\/the-power-of-the-inner-warrior-men-2\/\" class=\"btn btn-informas\">\n            See more        <\/a>\n\n<\/div><\/div>\t<\/div>\n\n\n","protected":false},"excerpt":{"rendered":"","protected":false},"author":2,"featured_media":8980,"parent":0,"menu_order":0,"comment_status":"closed","ping_status":"closed","template":"","meta":{"_acf_changed":false,"footnotes":""},"class_list":["post-7744","page","type-page","status-publish","has-post-thumbnail","hentry"],"acf":[],"yoast_head":"<!-- This site is optimized with the Yoast SEO plugin v27.3 - https:\/\/yoast.com\/product\/yoast-seo-wordpress\/ -->\n<title>The Tribe of ISIS - Espai Philae<\/title>\n<meta name=\"robots\" content=\"index, follow, max-snippet:-1, max-image-preview:large, max-video-preview:-1\" \/>\n<link rel=\"canonical\" href=\"https:\/\/espaiphilae.com\/en\/the-tribe-of-isis\/\" \/>\n<meta property=\"og:locale\" content=\"en_US\" \/>\n<meta property=\"og:type\" content=\"article\" \/>\n<meta property=\"og:title\" content=\"The Tribe of ISIS - Espai Philae\" \/>\n<meta property=\"og:url\" content=\"https:\/\/espaiphilae.com\/en\/the-tribe-of-isis\/\" \/>\n<meta property=\"og:site_name\" content=\"Espai Philae\" \/>\n<meta property=\"article:publisher\" content=\"https:\/\/www.facebook.com\/espaiphilae\/\" \/>\n<meta property=\"article:modified_time\" content=\"2024-08-01T12:22:00+00:00\" \/>\n<meta property=\"og:image\" content=\"https:\/\/espaiphilae.com\/wp-content\/uploads\/latribudisis.webp\" \/>\n\t<meta property=\"og:image:width\" content=\"1900\" \/>\n\t<meta property=\"og:image:height\" content=\"852\" \/>\n\t<meta property=\"og:image:type\" content=\"image\/webp\" \/>\n<meta name=\"twitter:card\" content=\"summary_large_image\" \/>\n<script type=\"application\/ld+json\" class=\"yoast-schema-graph\">{\"@context\":\"https:\\\/\\\/schema.org\",\"@graph\":[{\"@type\":\"WebPage\",\"@id\":\"https:\\\/\\\/espaiphilae.com\\\/en\\\/the-tribe-of-isis\\\/\",\"url\":\"https:\\\/\\\/espaiphilae.com\\\/en\\\/the-tribe-of-isis\\\/\",\"name\":\"The Tribe of ISIS - Espai Philae\",\"isPartOf\":{\"@id\":\"https:\\\/\\\/espaiphilae.com\\\/en\\\/#website\"},\"primaryImageOfPage\":{\"@id\":\"https:\\\/\\\/espaiphilae.com\\\/en\\\/the-tribe-of-isis\\\/#primaryimage\"},\"image\":{\"@id\":\"https:\\\/\\\/espaiphilae.com\\\/en\\\/the-tribe-of-isis\\\/#primaryimage\"},\"thumbnailUrl\":\"https:\\\/\\\/espaiphilae.com\\\/wp-content\\\/uploads\\\/ahmad-odeh-2QTn_YF1Db0-unsplash-recorte-scaled.jpg\",\"datePublished\":\"2024-05-22T15:52:06+00:00\",\"dateModified\":\"2024-08-01T12:22:00+00:00\",\"breadcrumb\":{\"@id\":\"https:\\\/\\\/espaiphilae.com\\\/en\\\/the-tribe-of-isis\\\/#breadcrumb\"},\"inLanguage\":\"en-US\",\"potentialAction\":[{\"@type\":\"ReadAction\",\"target\":[\"https:\\\/\\\/espaiphilae.com\\\/en\\\/the-tribe-of-isis\\\/\"]}]},{\"@type\":\"ImageObject\",\"inLanguage\":\"en-US\",\"@id\":\"https:\\\/\\\/espaiphilae.com\\\/en\\\/the-tribe-of-isis\\\/#primaryimage\",\"url\":\"https:\\\/\\\/espaiphilae.com\\\/wp-content\\\/uploads\\\/ahmad-odeh-2QTn_YF1Db0-unsplash-recorte-scaled.jpg\",\"contentUrl\":\"https:\\\/\\\/espaiphilae.com\\\/wp-content\\\/uploads\\\/ahmad-odeh-2QTn_YF1Db0-unsplash-recorte-scaled.jpg\",\"width\":1900,\"height\":1027},{\"@type\":\"BreadcrumbList\",\"@id\":\"https:\\\/\\\/espaiphilae.com\\\/en\\\/the-tribe-of-isis\\\/#breadcrumb\",\"itemListElement\":[{\"@type\":\"ListItem\",\"position\":1,\"name\":\"Home\",\"item\":\"https:\\\/\\\/espaiphilae.com\\\/en\\\/\"},{\"@type\":\"ListItem\",\"position\":2,\"name\":\"The Tribe of ISIS\"}]},{\"@type\":\"WebSite\",\"@id\":\"https:\\\/\\\/espaiphilae.com\\\/en\\\/#website\",\"url\":\"https:\\\/\\\/espaiphilae.com\\\/en\\\/\",\"name\":\"Espai Philae\",\"description\":\"Personal development through the performing arts\",\"publisher\":{\"@id\":\"https:\\\/\\\/espaiphilae.com\\\/en\\\/#organization\"},\"potentialAction\":[{\"@type\":\"SearchAction\",\"target\":{\"@type\":\"EntryPoint\",\"urlTemplate\":\"https:\\\/\\\/espaiphilae.com\\\/en\\\/?s={search_term_string}\"},\"query-input\":{\"@type\":\"PropertyValueSpecification\",\"valueRequired\":true,\"valueName\":\"search_term_string\"}}],\"inLanguage\":\"en-US\"},{\"@type\":\"Organization\",\"@id\":\"https:\\\/\\\/espaiphilae.com\\\/en\\\/#organization\",\"name\":\"Espai Philae\",\"url\":\"https:\\\/\\\/espaiphilae.com\\\/en\\\/\",\"logo\":{\"@type\":\"ImageObject\",\"inLanguage\":\"en-US\",\"@id\":\"https:\\\/\\\/espaiphilae.com\\\/en\\\/#\\\/schema\\\/logo\\\/image\\\/\",\"url\":\"https:\\\/\\\/espaiphilae.com\\\/wp-content\\\/uploads\\\/LOGO_CAST_-MeTODE.png\",\"contentUrl\":\"https:\\\/\\\/espaiphilae.com\\\/wp-content\\\/uploads\\\/LOGO_CAST_-MeTODE.png\",\"width\":159,\"height\":80,\"caption\":\"Espai Philae\"},\"image\":{\"@id\":\"https:\\\/\\\/espaiphilae.com\\\/en\\\/#\\\/schema\\\/logo\\\/image\\\/\"},\"sameAs\":[\"https:\\\/\\\/www.facebook.com\\\/espaiphilae\\\/\",\"https:\\\/\\\/www.instagram.com\\\/espai_philae\\\/\",\"https:\\\/\\\/www.linkedin.com\\\/in\\\/teatro-y-consciencia-m\u00e9todo-sabat\u00e9-528b6613b\\\/\"]}]}<\/script>\n<!-- \/ Yoast SEO plugin. -->","yoast_head_json":{"title":"The Tribe of ISIS - Espai Philae","robots":{"index":"index","follow":"follow","max-snippet":"max-snippet:-1","max-image-preview":"max-image-preview:large","max-video-preview":"max-video-preview:-1"},"canonical":"https:\/\/espaiphilae.com\/en\/the-tribe-of-isis\/","og_locale":"en_US","og_type":"article","og_title":"The Tribe of ISIS - Espai Philae","og_url":"https:\/\/espaiphilae.com\/en\/the-tribe-of-isis\/","og_site_name":"Espai Philae","article_publisher":"https:\/\/www.facebook.com\/espaiphilae\/","article_modified_time":"2024-08-01T12:22:00+00:00","og_image":[{"width":1900,"height":852,"url":"https:\/\/espaiphilae.com\/wp-content\/uploads\/latribudisis.webp","type":"image\/webp"}],"twitter_card":"summary_large_image","schema":{"@context":"https:\/\/schema.org","@graph":[{"@type":"WebPage","@id":"https:\/\/espaiphilae.com\/en\/the-tribe-of-isis\/","url":"https:\/\/espaiphilae.com\/en\/the-tribe-of-isis\/","name":"The Tribe of ISIS - Espai Philae","isPartOf":{"@id":"https:\/\/espaiphilae.com\/en\/#website"},"primaryImageOfPage":{"@id":"https:\/\/espaiphilae.com\/en\/the-tribe-of-isis\/#primaryimage"},"image":{"@id":"https:\/\/espaiphilae.com\/en\/the-tribe-of-isis\/#primaryimage"},"thumbnailUrl":"https:\/\/espaiphilae.com\/wp-content\/uploads\/ahmad-odeh-2QTn_YF1Db0-unsplash-recorte-scaled.jpg","datePublished":"2024-05-22T15:52:06+00:00","dateModified":"2024-08-01T12:22:00+00:00","breadcrumb":{"@id":"https:\/\/espaiphilae.com\/en\/the-tribe-of-isis\/#breadcrumb"},"inLanguage":"en-US","potentialAction":[{"@type":"ReadAction","target":["https:\/\/espaiphilae.com\/en\/the-tribe-of-isis\/"]}]},{"@type":"ImageObject","inLanguage":"en-US","@id":"https:\/\/espaiphilae.com\/en\/the-tribe-of-isis\/#primaryimage","url":"https:\/\/espaiphilae.com\/wp-content\/uploads\/ahmad-odeh-2QTn_YF1Db0-unsplash-recorte-scaled.jpg","contentUrl":"https:\/\/espaiphilae.com\/wp-content\/uploads\/ahmad-odeh-2QTn_YF1Db0-unsplash-recorte-scaled.jpg","width":1900,"height":1027},{"@type":"BreadcrumbList","@id":"https:\/\/espaiphilae.com\/en\/the-tribe-of-isis\/#breadcrumb","itemListElement":[{"@type":"ListItem","position":1,"name":"Home","item":"https:\/\/espaiphilae.com\/en\/"},{"@type":"ListItem","position":2,"name":"The Tribe of ISIS"}]},{"@type":"WebSite","@id":"https:\/\/espaiphilae.com\/en\/#website","url":"https:\/\/espaiphilae.com\/en\/","name":"Espai Philae","description":"Personal development through the performing arts","publisher":{"@id":"https:\/\/espaiphilae.com\/en\/#organization"},"potentialAction":[{"@type":"SearchAction","target":{"@type":"EntryPoint","urlTemplate":"https:\/\/espaiphilae.com\/en\/?s={search_term_string}"},"query-input":{"@type":"PropertyValueSpecification","valueRequired":true,"valueName":"search_term_string"}}],"inLanguage":"en-US"},{"@type":"Organization","@id":"https:\/\/espaiphilae.com\/en\/#organization","name":"Espai Philae","url":"https:\/\/espaiphilae.com\/en\/","logo":{"@type":"ImageObject","inLanguage":"en-US","@id":"https:\/\/espaiphilae.com\/en\/#\/schema\/logo\/image\/","url":"https:\/\/espaiphilae.com\/wp-content\/uploads\/LOGO_CAST_-MeTODE.png","contentUrl":"https:\/\/espaiphilae.com\/wp-content\/uploads\/LOGO_CAST_-MeTODE.png","width":159,"height":80,"caption":"Espai Philae"},"image":{"@id":"https:\/\/espaiphilae.com\/en\/#\/schema\/logo\/image\/"},"sameAs":["https:\/\/www.facebook.com\/espaiphilae\/","https:\/\/www.instagram.com\/espai_philae\/","https:\/\/www.linkedin.com\/in\/teatro-y-consciencia-m\u00e9todo-sabat\u00e9-528b6613b\/"]}]}},"_links":{"self":[{"href":"https:\/\/espaiphilae.com\/en\/wp-json\/wp\/v2\/pages\/7744","targetHints":{"allow":["GET"]}}],"collection":[{"href":"https:\/\/espaiphilae.com\/en\/wp-json\/wp\/v2\/pages"}],"about":[{"href":"https:\/\/espaiphilae.com\/en\/wp-json\/wp\/v2\/types\/page"}],"author":[{"embeddable":true,"href":"https:\/\/espaiphilae.com\/en\/wp-json\/wp\/v2\/users\/2"}],"replies":[{"embeddable":true,"href":"https:\/\/espaiphilae.com\/en\/wp-json\/wp\/v2\/comments?post=7744"}],"version-history":[{"count":0,"href":"https:\/\/espaiphilae.com\/en\/wp-json\/wp\/v2\/pages\/7744\/revisions"}],"wp:featuredmedia":[{"embeddable":true,"href":"https:\/\/espaiphilae.com\/en\/wp-json\/wp\/v2\/media\/8980"}],"wp:attachment":[{"href":"https:\/\/espaiphilae.com\/en\/wp-json\/wp\/v2\/media?parent=7744"}],"curies":[{"name":"wp","href":"https:\/\/api.w.org\/{rel}","templated":true}]}}