{"id":9277,"date":"2025-07-28T15:10:38","date_gmt":"2025-07-28T15:10:38","guid":{"rendered":"https:\/\/espaiphilae.com\/codi-etic-espai-philae\/"},"modified":"2025-11-13T18:30:35","modified_gmt":"2025-11-13T18:30:35","slug":"codi-etic-espai-philae","status":"publish","type":"page","link":"https:\/\/espaiphilae.com\/ca\/codi-etic-espai-philae\/","title":{"rendered":"Codi \u00c8tic Espai Philae"},"content":{"rendered":"\t\t<div data-elementor-type=\"wp-page\" data-elementor-id=\"9277\" class=\"elementor elementor-9277 elementor-2708\" data-elementor-post-type=\"page\">\n\t\t\t\t<div class=\"elementor-element elementor-element-98ae060 e-flex e-con-boxed e-con e-parent\" data-id=\"98ae060\" data-element_type=\"container\" data-e-type=\"container\">\n\t\t\t\t\t<div class=\"e-con-inner\">\n\t\t\t\t<div class=\"elementor-element elementor-element-1b6fccd elementor-widget elementor-widget-text-editor\" data-id=\"1b6fccd\" data-element_type=\"widget\" data-e-type=\"widget\" data-widget_type=\"text-editor.default\">\n\t\t\t\t\t\t\t\t\t<div class=\"wp-block-columns is-layout-flex wp-container-core-columns-is-layout-9d6595d7 wp-block-columns-is-layout-flex\"><div class=\"wp-block-column is-vertically-aligned-center is-layout-flow wp-block-column-is-layout-flow\"><h2 class=\"wp-block-heading\"><strong>1. Normes generals<\/strong><\/h2><h3 class=\"wp-block-heading\">Assist\u00e8ncia<\/h3><p>L&#8217;assist\u00e8ncia a les classes dels cursos en qu\u00e8 t&#8217;has matriculat \u00e9s fonamental i obligat\u00f2ria. Les formacions a Espai Philae s\u00f3n professionals i suposen un comprom\u00eds que comen\u00e7a per NO faltar. L&#8217;alumnat \u00e9s responsable del coneixement de les regles d&#8217;assist\u00e8ncia en la formaci\u00f3 espec\u00edfica on participis. Si hi hagu\u00e9s alguna incid\u00e8ncia puntual per motius de for\u00e7a major, tamb\u00e9 \u00e9s responsable d&#8217;informar la Coordinaci\u00f3 Acad\u00e8mica (Anna Masides) amb prou antelaci\u00f3. La no assist\u00e8ncia d&#8217;una persona del grup pot ocasionar canvis puntuals en la sessi\u00f3.    <\/p><h3 class=\"wp-block-heading\">Puntualitat<\/h3><p>Per a un bon proc\u00e9s individual i grupal, la puntualitat \u00e9s absolutament obligat\u00f2ria. \u00c9s una mostra de respecte de cara al proc\u00e9s personal i al dels\/les companyes. Cal estar present i preparat\/da per treballar a l&#8217;hora exacta en qu\u00e8 la classe comen\u00e7a. En cas d&#8217;urg\u00e8ncia s&#8217;ha d&#8217;avisar l&#8217;assistent del grup o la Coordinaci\u00f3 Acad\u00e8mica amb el temps suficient abans de comen\u00e7ar la classe.   <\/p><h3 class=\"wp-block-heading\">Vestuari<\/h3><p>Totes les activitats de l&#8217;escola s&#8217;han de realitzar amb roba de xandall o malles i sense sabates. Les sabates s&#8217;han de deixar a l&#8217;entrada del centre. <\/p><p> <\/p><div class=\"wp-block-spacer\" aria-hidden=\"true\"> <\/div><\/div><\/div><h2 class=\"wp-block-heading\"><strong>2. Reglamentaci\u00f3 alumnat<\/strong><\/h2><h3 class=\"wp-block-heading\">Professionalitat<\/h3><p>L&#8217;alumne\/a s&#8217;ha de comportar de manera professional amb tots i cadascun\/a dels participants de la formaci\u00f3, incloent-hi els membres del professorat i la coordinaci\u00f3 de Philae. Aix\u00f2 implica un tracte respectu\u00f3s fins i tot en el cas de desacords i\/o difer\u00e8ncies irreconciliables de car\u00e0cters, o sobre un tema de discussi\u00f3. <\/p><p> <\/p><h3 class=\"wp-block-heading\">\u00c8tica<\/h3><p>Estan terminantment prohibides les actituds o comportaments que derivin en viol\u00e8ncia f\u00edsica o verbal. Qualsevol situaci\u00f3 que degeneri en l&#8217;atac f\u00edsic o verbal cap a qualsevol alumne\/a i\/o professor\/a de Philae, aix\u00ed com cap a la pr\u00f2pia escola, ser\u00e0 causa immediata d&#8217;expulsi\u00f3 i podr\u00e0 ser denunciat\/da. <\/p><p> <\/p><h3 class=\"wp-block-heading\">\u00das de dispositius<\/h3><p>L&#8217;\u00fas de tel\u00e8fons m\u00f2bils est\u00e0 terminantment prohibit durant el transcurs de les classes. Aquests hauran de romandre apagats i amb les alarmes desconnectades. <\/p><p> <\/p><h3 class=\"wp-block-heading\">Dret d&#8217;admissi\u00f3<\/h3><p>Anna Sabat\u00e9, directora d&#8217;Espai Philae, es reserva el dret d&#8217;admissi\u00f3 de cada alumne\/a aix\u00ed com el d&#8217;expulsi\u00f3. En cas d&#8217;expulsi\u00f3 de la formaci\u00f3 a causa de faltes d&#8217;assist\u00e8ncia, puntualitat i\/o comportament inadequat dins dels protocols aqu\u00ed establerts (\u00c8tica, \u00das de dispositius) aix\u00ed com en cas de baixa per part del\/la participant una vegada iniciada la formaci\u00f3, no es reemborsar\u00e0 el cost del curs realitzat que haur\u00e0 d&#8217;haver-se abonat en la seva totalitat. <\/p><p> <\/p><h3 class=\"wp-block-heading\">Informaci\u00f3 sanit\u00e0ria<\/h3><p>Per realitzar els cursos programats a Espai Philae es requereix estar en bon estat de salut f\u00edsica i mental. En alguns casos es recomanar\u00e0 assist\u00e8ncia a metges i\/o terapeutes perqu\u00e8 els\/les estudiants puguin tenir un seguiment i un suport adequat en el seu proc\u00e9s formatiu. <\/p><p> <\/p><h3 class=\"wp-block-heading\">Cessament de cursos<\/h3><p>Una vegada iniciades les classes de qualsevol dels cursos programats, l&#8217;abandonament per decisi\u00f3 de l&#8217;alumne\/a del mateix no ser\u00e0 motiu en cap cas del retorn total o parcial de l&#8217;import abonat. En cas de quedar imports pendents de pagament, s&#8217;hauran d&#8217;abonar fins a completar l&#8217;import total del curs. <\/p><p> <\/p><div class=\"wp-block-spacer\" aria-hidden=\"true\"> <\/div><h2 class=\"wp-block-heading\"><strong>3. Pr\u00e0ctica professional<\/strong><\/h2><h3 class=\"wp-block-heading\">Marc de seguretat<\/h3><p>L&#8217;exercici de la tasca professional de les persones que imparteixin classes a Teatre i Consci\u00e8ncia\u00a9 implica el reconeixement de la responsabilitat \u00e8tica i pedag\u00f2gica envers els\/les alumnes. Les activitats formatives que realitzin s&#8217;hauran de dur a terme en un marc de seguretat adequat. Els\/les formadors\/es de Teatre i Consci\u00e8ncia\u00a9 han de dur a terme les seves pr\u00e0ctiques dins dels l\u00edmits de la seva formaci\u00f3.  <\/p><p> <\/p><h3 class=\"wp-block-heading\">Confidencialitat<\/h3><p>El professorat haur\u00e0 de protegir la confidencialitat de l&#8217;alumne\/a i del que esdevingui a les classes.<\/p><p> <\/p><h3 class=\"wp-block-heading\">Comunicacions<\/h3><p>Les comunicacions amb els\/les alumnes, aix\u00ed com el lliurament de material de treball previ a les classes, es faran mitjan\u00e7ant la figura de la coordinadora acad\u00e8mica Anna Masides (Anni).<\/p><p> <\/p><h3 class=\"wp-block-heading\">Drets d&#8217;imatge<\/h3><p>Sol\u00b7licitar sempre el perm\u00eds de cada alumne\/a a l&#8217;hora de realitzar fotografies i\/o un altre tipus de gravacions. L&#8217;escola pr\u00e8viament haur\u00e0 sol\u00b7licitat per via escrita el perm\u00eds de cada alumne\/a. <\/p><p> <\/p><h3 class=\"wp-block-heading\">Inclusi\u00f3 i diversitat<\/h3><p>Ser conscients i respectuosos\/es amb la proced\u00e8ncia cultural i la individualitat de les persones amb els\/les quals treballa, aix\u00ed com amb els seus costums i normes diferents, incloent-hi aquelles basades en l&#8217;edat, identitat de g\u00e8nere, ra\u00e7a, \u00e8tnia, cultura, origen, religi\u00f3, orientaci\u00f3 sexual, discapacitat, llengua i estatus socioecon\u00f2mic. Els\/les formadors\/es intentaran evitar en les seves sessions de treball qualsevol prejudici en aquest sentit. <\/p><p> <\/p><h3 class=\"wp-block-heading\">\u00c8tica<\/h3><p>El professorat haur\u00e0 d&#8217;exercir la seva professi\u00f3 de manera competent i basant-se en l&#8217;\u00e8tica personal i professional proposada pel codi \u00e8tic, abstenint-se de qualsevol conducta que pugui resultar nociva per a la professi\u00f3 i per als\/les alumnes.<\/p>\t\t\t\t\t\t\t\t<\/div>\n\t\t\t\t\t<\/div>\n\t\t\t\t<\/div>\n\t\t\t\t<\/div>\n\t\t","protected":false},"excerpt":{"rendered":"<p>1. Normes generals Assist\u00e8ncia L&#8217;assist\u00e8ncia a les classes dels cursos en qu\u00e8 t&#8217;has matriculat \u00e9s fonamental i obligat\u00f2ria. Les formacions a Espai Philae s\u00f3n professionals i suposen un comprom\u00eds que comen\u00e7a per NO faltar. L&#8217;alumnat \u00e9s responsable del coneixement de les regles d&#8217;assist\u00e8ncia en la formaci\u00f3 espec\u00edfica on participis. Si hi hagu\u00e9s alguna incid\u00e8ncia puntual [&hellip;]<\/p>\n","protected":false},"author":4,"featured_media":0,"parent":0,"menu_order":0,"comment_status":"closed","ping_status":"closed","template":"","meta":{"_acf_changed":false,"footnotes":""},"class_list":["post-9277","page","type-page","status-publish","hentry"],"acf":[],"yoast_head":"<!-- This site is optimized with the Yoast SEO plugin v27.4 - https:\/\/yoast.com\/product\/yoast-seo-wordpress\/ -->\n<title>Codi \u00c8tic Espai Philae - Espai Philae<\/title>\n<meta name=\"robots\" content=\"index, follow, max-snippet:-1, max-image-preview:large, max-video-preview:-1\" \/>\n<link rel=\"canonical\" href=\"https:\/\/espaiphilae.com\/ca\/codi-etic-espai-philae\/\" \/>\n<meta property=\"og:locale\" content=\"ca_ES\" \/>\n<meta property=\"og:type\" content=\"article\" \/>\n<meta property=\"og:title\" content=\"Codi \u00c8tic Espai Philae - Espai Philae\" \/>\n<meta property=\"og:description\" content=\"1. Normes generals Assist\u00e8ncia L&#8217;assist\u00e8ncia a les classes dels cursos en qu\u00e8 t&#8217;has matriculat \u00e9s fonamental i obligat\u00f2ria. Les formacions a Espai Philae s\u00f3n professionals i suposen un comprom\u00eds que comen\u00e7a per NO faltar. L&#8217;alumnat \u00e9s responsable del coneixement de les regles d&#8217;assist\u00e8ncia en la formaci\u00f3 espec\u00edfica on participis. Si hi hagu\u00e9s alguna incid\u00e8ncia puntual [&hellip;]\" \/>\n<meta property=\"og:url\" content=\"https:\/\/espaiphilae.com\/ca\/codi-etic-espai-philae\/\" \/>\n<meta property=\"og:site_name\" content=\"Espai Philae\" \/>\n<meta property=\"article:modified_time\" content=\"2025-11-13T18:30:35+00:00\" \/>\n<meta name=\"twitter:card\" content=\"summary_large_image\" \/>\n<meta name=\"twitter:label1\" content=\"Temps estimat de lectura\" \/>\n\t<meta name=\"twitter:data1\" content=\"4 minuts\" \/>\n<script type=\"application\/ld+json\" class=\"yoast-schema-graph\">{\"@context\":\"https:\\\/\\\/schema.org\",\"@graph\":[{\"@type\":\"WebPage\",\"@id\":\"https:\\\/\\\/espaiphilae.com\\\/ca\\\/codi-etic-espai-philae\\\/\",\"url\":\"https:\\\/\\\/espaiphilae.com\\\/ca\\\/codi-etic-espai-philae\\\/\",\"name\":\"Codi \u00c8tic Espai Philae - Espai Philae\",\"isPartOf\":{\"@id\":\"https:\\\/\\\/espaiphilae.com\\\/ca\\\/#website\"},\"datePublished\":\"2025-07-28T15:10:38+00:00\",\"dateModified\":\"2025-11-13T18:30:35+00:00\",\"breadcrumb\":{\"@id\":\"https:\\\/\\\/espaiphilae.com\\\/ca\\\/codi-etic-espai-philae\\\/#breadcrumb\"},\"inLanguage\":\"ca\",\"potentialAction\":[{\"@type\":\"ReadAction\",\"target\":[\"https:\\\/\\\/espaiphilae.com\\\/ca\\\/codi-etic-espai-philae\\\/\"]}]},{\"@type\":\"BreadcrumbList\",\"@id\":\"https:\\\/\\\/espaiphilae.com\\\/ca\\\/codi-etic-espai-philae\\\/#breadcrumb\",\"itemListElement\":[{\"@type\":\"ListItem\",\"position\":1,\"name\":\"Portada\",\"item\":\"https:\\\/\\\/espaiphilae.com\\\/ca\\\/\"},{\"@type\":\"ListItem\",\"position\":2,\"name\":\"Codi \u00c8tic Espai Philae\"}]},{\"@type\":\"WebSite\",\"@id\":\"https:\\\/\\\/espaiphilae.com\\\/ca\\\/#website\",\"url\":\"https:\\\/\\\/espaiphilae.com\\\/ca\\\/\",\"name\":\"Espai Philae\",\"description\":\"Desarrollo personal a trav\u00e9s de las artes esc\u00e9nicas\",\"publisher\":{\"@id\":\"https:\\\/\\\/espaiphilae.com\\\/ca\\\/#organization\"},\"potentialAction\":[{\"@type\":\"SearchAction\",\"target\":{\"@type\":\"EntryPoint\",\"urlTemplate\":\"https:\\\/\\\/espaiphilae.com\\\/ca\\\/?s={search_term_string}\"},\"query-input\":{\"@type\":\"PropertyValueSpecification\",\"valueRequired\":true,\"valueName\":\"search_term_string\"}}],\"inLanguage\":\"ca\"},{\"@type\":\"Organization\",\"@id\":\"https:\\\/\\\/espaiphilae.com\\\/ca\\\/#organization\",\"name\":\"Espai Philae\",\"url\":\"https:\\\/\\\/espaiphilae.com\\\/ca\\\/\",\"logo\":{\"@type\":\"ImageObject\",\"inLanguage\":\"ca\",\"@id\":\"https:\\\/\\\/espaiphilae.com\\\/ca\\\/#\\\/schema\\\/logo\\\/image\\\/\",\"url\":\"https:\\\/\\\/espaiphilae.com\\\/wp-content\\\/uploads\\\/2025\\\/07\\\/COLOR.png\",\"contentUrl\":\"https:\\\/\\\/espaiphilae.com\\\/wp-content\\\/uploads\\\/2025\\\/07\\\/COLOR.png\",\"width\":1295,\"height\":377,\"caption\":\"Espai Philae\"},\"image\":{\"@id\":\"https:\\\/\\\/espaiphilae.com\\\/ca\\\/#\\\/schema\\\/logo\\\/image\\\/\"}}]}<\/script>\n<!-- \/ Yoast SEO plugin. -->","yoast_head_json":{"title":"Codi \u00c8tic Espai Philae - Espai Philae","robots":{"index":"index","follow":"follow","max-snippet":"max-snippet:-1","max-image-preview":"max-image-preview:large","max-video-preview":"max-video-preview:-1"},"canonical":"https:\/\/espaiphilae.com\/ca\/codi-etic-espai-philae\/","og_locale":"ca_ES","og_type":"article","og_title":"Codi \u00c8tic Espai Philae - Espai Philae","og_description":"1. Normes generals Assist\u00e8ncia L&#8217;assist\u00e8ncia a les classes dels cursos en qu\u00e8 t&#8217;has matriculat \u00e9s fonamental i obligat\u00f2ria. Les formacions a Espai Philae s\u00f3n professionals i suposen un comprom\u00eds que comen\u00e7a per NO faltar. L&#8217;alumnat \u00e9s responsable del coneixement de les regles d&#8217;assist\u00e8ncia en la formaci\u00f3 espec\u00edfica on participis. Si hi hagu\u00e9s alguna incid\u00e8ncia puntual [&hellip;]","og_url":"https:\/\/espaiphilae.com\/ca\/codi-etic-espai-philae\/","og_site_name":"Espai Philae","article_modified_time":"2025-11-13T18:30:35+00:00","twitter_card":"summary_large_image","twitter_misc":{"Temps estimat de lectura":"4 minuts"},"schema":{"@context":"https:\/\/schema.org","@graph":[{"@type":"WebPage","@id":"https:\/\/espaiphilae.com\/ca\/codi-etic-espai-philae\/","url":"https:\/\/espaiphilae.com\/ca\/codi-etic-espai-philae\/","name":"Codi \u00c8tic Espai Philae - Espai Philae","isPartOf":{"@id":"https:\/\/espaiphilae.com\/ca\/#website"},"datePublished":"2025-07-28T15:10:38+00:00","dateModified":"2025-11-13T18:30:35+00:00","breadcrumb":{"@id":"https:\/\/espaiphilae.com\/ca\/codi-etic-espai-philae\/#breadcrumb"},"inLanguage":"ca","potentialAction":[{"@type":"ReadAction","target":["https:\/\/espaiphilae.com\/ca\/codi-etic-espai-philae\/"]}]},{"@type":"BreadcrumbList","@id":"https:\/\/espaiphilae.com\/ca\/codi-etic-espai-philae\/#breadcrumb","itemListElement":[{"@type":"ListItem","position":1,"name":"Portada","item":"https:\/\/espaiphilae.com\/ca\/"},{"@type":"ListItem","position":2,"name":"Codi \u00c8tic Espai Philae"}]},{"@type":"WebSite","@id":"https:\/\/espaiphilae.com\/ca\/#website","url":"https:\/\/espaiphilae.com\/ca\/","name":"Espai Philae","description":"Desarrollo personal a trav\u00e9s de las artes esc\u00e9nicas","publisher":{"@id":"https:\/\/espaiphilae.com\/ca\/#organization"},"potentialAction":[{"@type":"SearchAction","target":{"@type":"EntryPoint","urlTemplate":"https:\/\/espaiphilae.com\/ca\/?s={search_term_string}"},"query-input":{"@type":"PropertyValueSpecification","valueRequired":true,"valueName":"search_term_string"}}],"inLanguage":"ca"},{"@type":"Organization","@id":"https:\/\/espaiphilae.com\/ca\/#organization","name":"Espai Philae","url":"https:\/\/espaiphilae.com\/ca\/","logo":{"@type":"ImageObject","inLanguage":"ca","@id":"https:\/\/espaiphilae.com\/ca\/#\/schema\/logo\/image\/","url":"https:\/\/espaiphilae.com\/wp-content\/uploads\/2025\/07\/COLOR.png","contentUrl":"https:\/\/espaiphilae.com\/wp-content\/uploads\/2025\/07\/COLOR.png","width":1295,"height":377,"caption":"Espai Philae"},"image":{"@id":"https:\/\/espaiphilae.com\/ca\/#\/schema\/logo\/image\/"}}]}},"_links":{"self":[{"href":"https:\/\/espaiphilae.com\/ca\/wp-json\/wp\/v2\/pages\/9277","targetHints":{"allow":["GET"]}}],"collection":[{"href":"https:\/\/espaiphilae.com\/ca\/wp-json\/wp\/v2\/pages"}],"about":[{"href":"https:\/\/espaiphilae.com\/ca\/wp-json\/wp\/v2\/types\/page"}],"author":[{"embeddable":true,"href":"https:\/\/espaiphilae.com\/ca\/wp-json\/wp\/v2\/users\/4"}],"replies":[{"embeddable":true,"href":"https:\/\/espaiphilae.com\/ca\/wp-json\/wp\/v2\/comments?post=9277"}],"version-history":[{"count":0,"href":"https:\/\/espaiphilae.com\/ca\/wp-json\/wp\/v2\/pages\/9277\/revisions"}],"wp:attachment":[{"href":"https:\/\/espaiphilae.com\/ca\/wp-json\/wp\/v2\/media?parent=9277"}],"curies":[{"name":"wp","href":"https:\/\/api.w.org\/{rel}","templated":true}]}}