{"id":9272,"date":"2025-07-28T15:32:50","date_gmt":"2025-07-28T15:32:50","guid":{"rendered":"https:\/\/espaiphilae.com\/avis-legal\/"},"modified":"2025-11-13T18:30:33","modified_gmt":"2025-11-13T18:30:33","slug":"avis-legal","status":"publish","type":"page","link":"https:\/\/espaiphilae.com\/ca\/avis-legal\/","title":{"rendered":"Av\u00eds legal"},"content":{"rendered":"\t\t<div data-elementor-type=\"wp-page\" data-elementor-id=\"9272\" class=\"elementor elementor-9272 elementor-2716\" data-elementor-post-type=\"page\">\n\t\t\t\t<div class=\"elementor-element elementor-element-79f19ea e-flex e-con-boxed e-con e-parent\" data-id=\"79f19ea\" data-element_type=\"container\" data-e-type=\"container\">\n\t\t\t\t\t<div class=\"e-con-inner\">\n\t\t\t\t<div class=\"elementor-element elementor-element-d74d647 elementor-widget elementor-widget-text-editor\" data-id=\"d74d647\" data-element_type=\"widget\" data-e-type=\"widget\" data-widget_type=\"text-editor.default\">\n\t\t\t\t\t\t\t\t\t<p>En el present Av\u00eds Legal, l&#8217;Usuari podr\u00e0 trobar tota la informaci\u00f3 relativa a les condicions legals que defineixen les relacions entre els usuaris i el responsable de la p\u00e0gina web accessible a l&#8217;adre\u00e7a URL https:\/\/espaiphilae.com (d&#8217;ara endavant, el Lloc Web), que ESPAI PHILAE ARTES ESC\u00c9NICAS SLU (d&#8217;ara endavant, el Titular) posa a disposici\u00f3 dels usuaris d&#8217;Internet.<\/p><p>La utilitzaci\u00f3 del lloc web implica l&#8217;acceptaci\u00f3 plena i sense reserves de totes i cadascuna de les disposicions incloses en aquest Av\u00eds Legal. En conseq\u00fc\u00e8ncia, l&#8217;usuari del lloc web ha de llegir atentament el present Av\u00eds Legal en cadascuna de les ocasions en qu\u00e8 es proposi utilitzar el web, ja que el text podria patir modificacions a criteri del titular del web, o a causa d&#8217;un canvi legislatiu, jurisprudencial o en la pr\u00e0ctica empresarial. <\/p><p><strong>1.- DADES DEL RESPONSABLE TITULAR DEL LLOC WEB<\/strong><\/p><p>Nom del titular: ESPAI PHILAE ARTES ESC\u00c9NICAS SLU<\/p><p>Domicili social: Carrer Zaragoza, 116, Local Baixos 1, 08006 Barcelona, Barcelona<\/p><p>C.I.F.: B56937352<\/p><p>Tel\u00e8fon de contacte: 645645270<\/p><p>Correu electr\u00f2nic: hola@espaiphilae.com<\/p><p>ESPAI PHILAE ARTES ESC\u00c9NICAS SLU \u00e9s el responsable del Lloc Web i es compromet a complir amb tots els requisits nacionals i europeus que regulen l&#8217;\u00fas de les dades personals dels usuaris. Aquest Lloc Web garanteix la protecci\u00f3 i confidencialitat de les dades personals que ens proporcionin d&#8217;acord amb el que disposa el Reglament General de Protecci\u00f3 de Dades de Car\u00e0cter Personal (UE) 2016\/679 del Parlament Europeu i del Consell, de 27 d&#8217;abril de 2016, a la Llei Org\u00e0nica 3\/2018, de <\/p><p>Protecci\u00f3 de Dades Personals i garantia dels drets digitals, aix\u00ed com a la Llei de Serveis de la Societat de la Informaci\u00f3 i Comer\u00e7 Electr\u00f2nic 34\/2002 d&#8217;11 de Juliol (LSSI-CE). Nota informativa interna (no incloure a la signatura): la mida del text del peu de correu posar-se m\u00e9s petit, per\u00f2 amb una mida adequada que permeti la seva lectura. <\/p><p><strong>2.- OBJECTE<\/strong><\/p><p>El Lloc Web facilita als usuaris del mateix l&#8217;acc\u00e9s a informaci\u00f3 i serveis prestats pel Titular a aquelles persones o organitzacions interessades en els mateixos.<\/p><p>L&#8217;acc\u00e9s i la utilitzaci\u00f3 del Lloc Web atribueix la condici\u00f3 d&#8217;usuari del Lloc Web (d&#8217;ara endavant, l'&#8221;Usuari&#8221;) i implica l&#8217;acceptaci\u00f3 de totes les condicions incloses en aquest Av\u00eds Legal aix\u00ed com de les seves modificacions. La prestaci\u00f3 del servei del Lloc Web t\u00e9 una durada limitada al moment en qu\u00e8 l&#8217;Usuari es trobi connectat al Lloc Web o a algun dels serveis que a trav\u00e9s del mateix es faciliten. Per tant, l&#8217;Usuari ha de llegir atentament el present Av\u00eds Legal en cadascuna de les ocasions en qu\u00e8 es proposi utilitzar el Lloc Web, ja que aquest i les seves condicions d&#8217;\u00fas recollides en el present Av\u00eds Legal poden patir modificacions.  <\/p><p><strong>3.- ACC\u00c9S I UTILITZACI\u00d3 DEL WEB<\/strong><\/p><p>L&#8217;acc\u00e9s al web t\u00e9 car\u00e0cter gratu\u00eft per als usuaris de la mateixa, excepte en all\u00f2 relatiu al cost de la connexi\u00f3 a trav\u00e9s de la xarxa de telecomunicacions subministrada pel prove\u00efdor d&#8217;acc\u00e9s contractat pels usuaris. Amb car\u00e0cter general l&#8217;acc\u00e9s i utilitzaci\u00f3 del web no exigeix la pr\u00e8via subscripci\u00f3 o registre dels usuaris de la mateixa. <\/p><p>Els usuaris garanteixen i responen, en qualsevol cas, de l&#8217;exactitud, vig\u00e8ncia i autenticitat de les dades personals facilitades, i es comprometen a mantenir-les degudament actualitzades. L&#8217;usuari accepta proporcionar informaci\u00f3 completa i correcta en el formulari de contacte o subscripci\u00f3. En cap cas es recaptaran del menor d&#8217;edat dades relatives a la situaci\u00f3 professional, econ\u00f2mica o a la intimitat dels altres membres de la fam\u00edlia, sense el consentiment d&#8217;aquests. Si ets menor de catorze anys i has accedit a aquest lloc web sense avisar als teus pares no t&#8217;has de registrar com a usuari. En aquest web es respecten i cuiden les dades personals dels usuaris. Com a usuari has de saber que els teus     <\/p><p>drets estan garantits.<\/p><p><strong>4.- CONTINGUTS DEL WEB<\/strong><\/p><p>L&#8217;idioma utilitzat pel titular al web ser\u00e0 el castell\u00e0. El Titular no es responsabilitza de la no comprensi\u00f3 o enteniment de l&#8217;idioma del web per l&#8217;usuari, ni de les seves conseq\u00fc\u00e8ncies. El Titular podr\u00e0 modificar els continguts sense previ av\u00eds, aix\u00ed com suprimir i canviar aquests dins del web, com la forma en qu\u00e8 s&#8217;accedeix a aquests, sense justificaci\u00f3 alguna i lliurement, no responsabilitzant-se de les conseq\u00fc\u00e8ncies que aquests puguin ocasionar als usuaris. Es prohibeix l&#8217;\u00fas dels continguts del web per promocionar, contractar o divulgar publicitat pr\u00f2pia o de terceres persones sense l&#8217;autoritzaci\u00f3 del Titular, ni remetre publicitat o informaci\u00f3 valent-se per a aix\u00f2 dels serveis o informaci\u00f3 que es posen a disposici\u00f3 dels usuaris, independentment de si la utilitzaci\u00f3 \u00e9s gratu\u00efta o no. Els enlla\u00e7os o hiperenlla\u00e7os que incorporin tercers en les seves p\u00e0gines web, dirigits a aquest web, seran per a l&#8217;obertura de la p\u00e0gina web completa, no podent manifestar, directa o indirectament, indicacions falses, inexactes o confuses, ni inc\u00f3rrer en accions deslleials o il\u00b7l\u00edcites en contra d&#8217;aquell.    <\/p><p><strong>5.- MESURES DE SEGURETAT<\/strong><\/p><p>Les dades personals comunicades per l&#8217;usuari podran ser emmagatzemades en bases de dades automatitzades o no, la titularitat de les quals correspon en exclusiva al Titular, assumint totes les mesures d&#8217;\u00edndole t\u00e8cnica, organitzativa i de seguretat que garanteixin la confidencialitat, integritat i qualitat de la informaci\u00f3 continguda en les mateixes d&#8217;acord amb l&#8217;establert en les normatives vigents en mat\u00e8ria de protecci\u00f3 de dades de car\u00e0cter personal.<\/p><p><strong>6.- LIMITACI\u00d3 DE RESPONSABILITAT<\/strong><\/p><p>Tant l&#8217;acc\u00e9s al web com l&#8217;\u00fas no consentit que pugui efectuar-se de la informaci\u00f3 continguda en la mateixa \u00e9s de l&#8217;exclusiva responsabilitat de qui ho realitza. El Titular no respondr\u00e0 de cap conseq\u00fc\u00e8ncia, dany o perjudici que poguessin derivar-se d&#8217;aquest acc\u00e9s o \u00fas. Tampoc es fa responsable dels errors de seguretat, que es puguin produir ni dels danys que puguin causar-se al sistema inform\u00e0tic de l&#8217;usuari (maquinari i programari), o als fitxers o documents emmagatzemats en el mateix, com a conseq\u00fc\u00e8ncia de:  <\/p><ul class=\"wp-block-list\"><li>La pres\u00e8ncia d&#8217;un virus a l&#8217;ordinador de l&#8217;usuari que sigui utilitzat per a la connexi\u00f3 als serveis i continguts del web.<\/li><li>Un mal funcionament del navegador.<\/li><li>L&#8217;\u00fas de versions no actualitzades del mateix.<\/li><li>Accedir a internet sense protecci\u00f3 antivirus.<\/li><\/ul><ul class=\"wp-block-list\"><li>El Titular no es fa responsable de la fiabilitat i rapidesa dels hiperenlla\u00e7os que s&#8217;incorporin al web per a l&#8217;obertura d&#8217;altres. Tampoc garanteix la utilitat d&#8217;aquests enlla\u00e7os, ni es responsabilitza dels continguts o serveis als quals pugui accedir l&#8217;usuari per mitj\u00e0 d&#8217;aquests enlla\u00e7os, ni del bon funcionament d&#8217;aquests webs. <\/li><li>El Titular no ser\u00e0 responsable dels virus o altres programes inform\u00e0tics que deteriorin o puguin deteriorar els sistemes o equips inform\u00e0tics dels usuaris en accedir al seu web o altres webs a les quals s&#8217;hagi accedit mitjan\u00e7ant enlla\u00e7os d&#8217;aquest web.<\/li><\/ul><p><strong>7.- \u00daS DE LA TECNOLOGIA &#8220;COOKIE&#8221;<\/strong><\/p><p>El web empra cookies pr\u00f2pies i de tercers, que pot consultar a la nostra Pol\u00edtica de Cookies. Les cookies que utilitzem respecten en tot moment la privacitat del visitant. <\/p><p><strong>8.- PROPIETAT INTEL\u00b7LECTUAL I INDUSTRIAL<\/strong><\/p><p>L&#8217;usuari coneix i accepta que tots els continguts i\/o qualssevol altres elements del lloc web s\u00f3n propietat del Titular, i es compromet a respectar els drets de propietat intel\u00b7lectual i industrial titularitat del mateix i\/o de tercers. Qualsevol \u00fas del web o els seus continguts haur\u00e0 de tenir un car\u00e0cter exclusivament particular. Est\u00e0 reservat exclusivament al Titular qualsevol altre \u00fas que suposi la c\u00f2pia, reproducci\u00f3, distribuci\u00f3, transformaci\u00f3, comunicaci\u00f3 p\u00fablica o qualsevol altra acci\u00f3 similar, de tot o part dels continguts del web, per la qual cosa cap usuari podr\u00e0 dur a terme aquestes accions sense l&#8217;autoritzaci\u00f3 pr\u00e8via i per escrit d&#8217;aquell.  <\/p><p><strong>9.- LEGISLACI\u00d3 APLICABLE I JURISDICCI\u00d3 COMPETENT<\/strong><\/p><p>El present Av\u00eds Legal s&#8217;interpretar\u00e0 i regir\u00e0 de conformitat amb la legislaci\u00f3 espanyola. ESPAI PHILAE ARTES ESC\u00c9NICAS SLU i els usuaris, amb ren\u00fancia expressa a qualsevol altre fur que pogu\u00e9s correspondre&#8217;ls, se sotmeten al dels jutjats i tribunals del domicili de l&#8217;usuari per a qualsevol controv\u00e8rsia que pogu\u00e9s derivar-se de l&#8217;acc\u00e9s o \u00fas del web. En el cas que l&#8217;usuari tingui el seu domicili fora d&#8217;Espanya, el Titular i l&#8217;usuari, se sotmeten, amb ren\u00fancia expressa a qualsevol altre fur, als jutjats i tribunals de la ciutat de Barcelona.  <\/p>\t\t\t\t\t\t\t\t<\/div>\n\t\t\t\t\t<\/div>\n\t\t\t\t<\/div>\n\t\t\t\t<\/div>\n\t\t","protected":false},"excerpt":{"rendered":"<p>En el present Av\u00eds Legal, l&#8217;Usuari podr\u00e0 trobar tota la informaci\u00f3 relativa a les condicions legals que defineixen les relacions entre els usuaris i el responsable de la p\u00e0gina web accessible a l&#8217;adre\u00e7a URL https:\/\/espaiphilae.com (d&#8217;ara endavant, el Lloc Web), que ESPAI PHILAE ARTES ESC\u00c9NICAS SLU (d&#8217;ara endavant, el Titular) posa a disposici\u00f3 dels usuaris [&hellip;]<\/p>\n","protected":false},"author":4,"featured_media":0,"parent":0,"menu_order":0,"comment_status":"closed","ping_status":"closed","template":"","meta":{"_acf_changed":false,"footnotes":""},"class_list":["post-9272","page","type-page","status-publish","hentry"],"acf":[],"yoast_head":"<!-- This site is optimized with the Yoast SEO plugin v27.4 - https:\/\/yoast.com\/product\/yoast-seo-wordpress\/ -->\n<title>Av\u00eds legal - Espai Philae<\/title>\n<meta name=\"robots\" content=\"index, follow, max-snippet:-1, max-image-preview:large, max-video-preview:-1\" \/>\n<link rel=\"canonical\" href=\"https:\/\/espaiphilae.com\/ca\/avis-legal\/\" \/>\n<meta property=\"og:locale\" content=\"ca_ES\" \/>\n<meta property=\"og:type\" content=\"article\" \/>\n<meta property=\"og:title\" content=\"Av\u00eds legal - Espai Philae\" \/>\n<meta property=\"og:description\" content=\"En el present Av\u00eds Legal, l&#8217;Usuari podr\u00e0 trobar tota la informaci\u00f3 relativa a les condicions legals que defineixen les relacions entre els usuaris i el responsable de la p\u00e0gina web accessible a l&#8217;adre\u00e7a URL https:\/\/espaiphilae.com (d&#8217;ara endavant, el Lloc Web), que ESPAI PHILAE ARTES ESC\u00c9NICAS SLU (d&#8217;ara endavant, el Titular) posa a disposici\u00f3 dels usuaris [&hellip;]\" \/>\n<meta property=\"og:url\" content=\"https:\/\/espaiphilae.com\/ca\/avis-legal\/\" \/>\n<meta property=\"og:site_name\" content=\"Espai Philae\" \/>\n<meta property=\"article:modified_time\" content=\"2025-11-13T18:30:33+00:00\" \/>\n<meta name=\"twitter:card\" content=\"summary_large_image\" \/>\n<meta name=\"twitter:label1\" content=\"Temps estimat de lectura\" \/>\n\t<meta name=\"twitter:data1\" content=\"7 minuts\" \/>\n<script type=\"application\/ld+json\" class=\"yoast-schema-graph\">{\"@context\":\"https:\\\/\\\/schema.org\",\"@graph\":[{\"@type\":\"WebPage\",\"@id\":\"https:\\\/\\\/espaiphilae.com\\\/ca\\\/avis-legal\\\/\",\"url\":\"https:\\\/\\\/espaiphilae.com\\\/ca\\\/avis-legal\\\/\",\"name\":\"Av\u00eds legal - Espai Philae\",\"isPartOf\":{\"@id\":\"https:\\\/\\\/espaiphilae.com\\\/ca\\\/#website\"},\"datePublished\":\"2025-07-28T15:32:50+00:00\",\"dateModified\":\"2025-11-13T18:30:33+00:00\",\"breadcrumb\":{\"@id\":\"https:\\\/\\\/espaiphilae.com\\\/ca\\\/avis-legal\\\/#breadcrumb\"},\"inLanguage\":\"ca\",\"potentialAction\":[{\"@type\":\"ReadAction\",\"target\":[\"https:\\\/\\\/espaiphilae.com\\\/ca\\\/avis-legal\\\/\"]}]},{\"@type\":\"BreadcrumbList\",\"@id\":\"https:\\\/\\\/espaiphilae.com\\\/ca\\\/avis-legal\\\/#breadcrumb\",\"itemListElement\":[{\"@type\":\"ListItem\",\"position\":1,\"name\":\"Portada\",\"item\":\"https:\\\/\\\/espaiphilae.com\\\/ca\\\/\"},{\"@type\":\"ListItem\",\"position\":2,\"name\":\"Av\u00eds legal\"}]},{\"@type\":\"WebSite\",\"@id\":\"https:\\\/\\\/espaiphilae.com\\\/ca\\\/#website\",\"url\":\"https:\\\/\\\/espaiphilae.com\\\/ca\\\/\",\"name\":\"Espai Philae\",\"description\":\"Desarrollo personal a trav\u00e9s de las artes esc\u00e9nicas\",\"publisher\":{\"@id\":\"https:\\\/\\\/espaiphilae.com\\\/ca\\\/#organization\"},\"potentialAction\":[{\"@type\":\"SearchAction\",\"target\":{\"@type\":\"EntryPoint\",\"urlTemplate\":\"https:\\\/\\\/espaiphilae.com\\\/ca\\\/?s={search_term_string}\"},\"query-input\":{\"@type\":\"PropertyValueSpecification\",\"valueRequired\":true,\"valueName\":\"search_term_string\"}}],\"inLanguage\":\"ca\"},{\"@type\":\"Organization\",\"@id\":\"https:\\\/\\\/espaiphilae.com\\\/ca\\\/#organization\",\"name\":\"Espai Philae\",\"url\":\"https:\\\/\\\/espaiphilae.com\\\/ca\\\/\",\"logo\":{\"@type\":\"ImageObject\",\"inLanguage\":\"ca\",\"@id\":\"https:\\\/\\\/espaiphilae.com\\\/ca\\\/#\\\/schema\\\/logo\\\/image\\\/\",\"url\":\"https:\\\/\\\/espaiphilae.com\\\/wp-content\\\/uploads\\\/2025\\\/07\\\/COLOR.png\",\"contentUrl\":\"https:\\\/\\\/espaiphilae.com\\\/wp-content\\\/uploads\\\/2025\\\/07\\\/COLOR.png\",\"width\":1295,\"height\":377,\"caption\":\"Espai Philae\"},\"image\":{\"@id\":\"https:\\\/\\\/espaiphilae.com\\\/ca\\\/#\\\/schema\\\/logo\\\/image\\\/\"}}]}<\/script>\n<!-- \/ Yoast SEO plugin. -->","yoast_head_json":{"title":"Av\u00eds legal - Espai Philae","robots":{"index":"index","follow":"follow","max-snippet":"max-snippet:-1","max-image-preview":"max-image-preview:large","max-video-preview":"max-video-preview:-1"},"canonical":"https:\/\/espaiphilae.com\/ca\/avis-legal\/","og_locale":"ca_ES","og_type":"article","og_title":"Av\u00eds legal - Espai Philae","og_description":"En el present Av\u00eds Legal, l&#8217;Usuari podr\u00e0 trobar tota la informaci\u00f3 relativa a les condicions legals que defineixen les relacions entre els usuaris i el responsable de la p\u00e0gina web accessible a l&#8217;adre\u00e7a URL https:\/\/espaiphilae.com (d&#8217;ara endavant, el Lloc Web), que ESPAI PHILAE ARTES ESC\u00c9NICAS SLU (d&#8217;ara endavant, el Titular) posa a disposici\u00f3 dels usuaris [&hellip;]","og_url":"https:\/\/espaiphilae.com\/ca\/avis-legal\/","og_site_name":"Espai Philae","article_modified_time":"2025-11-13T18:30:33+00:00","twitter_card":"summary_large_image","twitter_misc":{"Temps estimat de lectura":"7 minuts"},"schema":{"@context":"https:\/\/schema.org","@graph":[{"@type":"WebPage","@id":"https:\/\/espaiphilae.com\/ca\/avis-legal\/","url":"https:\/\/espaiphilae.com\/ca\/avis-legal\/","name":"Av\u00eds legal - Espai Philae","isPartOf":{"@id":"https:\/\/espaiphilae.com\/ca\/#website"},"datePublished":"2025-07-28T15:32:50+00:00","dateModified":"2025-11-13T18:30:33+00:00","breadcrumb":{"@id":"https:\/\/espaiphilae.com\/ca\/avis-legal\/#breadcrumb"},"inLanguage":"ca","potentialAction":[{"@type":"ReadAction","target":["https:\/\/espaiphilae.com\/ca\/avis-legal\/"]}]},{"@type":"BreadcrumbList","@id":"https:\/\/espaiphilae.com\/ca\/avis-legal\/#breadcrumb","itemListElement":[{"@type":"ListItem","position":1,"name":"Portada","item":"https:\/\/espaiphilae.com\/ca\/"},{"@type":"ListItem","position":2,"name":"Av\u00eds legal"}]},{"@type":"WebSite","@id":"https:\/\/espaiphilae.com\/ca\/#website","url":"https:\/\/espaiphilae.com\/ca\/","name":"Espai Philae","description":"Desarrollo personal a trav\u00e9s de las artes esc\u00e9nicas","publisher":{"@id":"https:\/\/espaiphilae.com\/ca\/#organization"},"potentialAction":[{"@type":"SearchAction","target":{"@type":"EntryPoint","urlTemplate":"https:\/\/espaiphilae.com\/ca\/?s={search_term_string}"},"query-input":{"@type":"PropertyValueSpecification","valueRequired":true,"valueName":"search_term_string"}}],"inLanguage":"ca"},{"@type":"Organization","@id":"https:\/\/espaiphilae.com\/ca\/#organization","name":"Espai Philae","url":"https:\/\/espaiphilae.com\/ca\/","logo":{"@type":"ImageObject","inLanguage":"ca","@id":"https:\/\/espaiphilae.com\/ca\/#\/schema\/logo\/image\/","url":"https:\/\/espaiphilae.com\/wp-content\/uploads\/2025\/07\/COLOR.png","contentUrl":"https:\/\/espaiphilae.com\/wp-content\/uploads\/2025\/07\/COLOR.png","width":1295,"height":377,"caption":"Espai Philae"},"image":{"@id":"https:\/\/espaiphilae.com\/ca\/#\/schema\/logo\/image\/"}}]}},"_links":{"self":[{"href":"https:\/\/espaiphilae.com\/ca\/wp-json\/wp\/v2\/pages\/9272","targetHints":{"allow":["GET"]}}],"collection":[{"href":"https:\/\/espaiphilae.com\/ca\/wp-json\/wp\/v2\/pages"}],"about":[{"href":"https:\/\/espaiphilae.com\/ca\/wp-json\/wp\/v2\/types\/page"}],"author":[{"embeddable":true,"href":"https:\/\/espaiphilae.com\/ca\/wp-json\/wp\/v2\/users\/4"}],"replies":[{"embeddable":true,"href":"https:\/\/espaiphilae.com\/ca\/wp-json\/wp\/v2\/comments?post=9272"}],"version-history":[{"count":0,"href":"https:\/\/espaiphilae.com\/ca\/wp-json\/wp\/v2\/pages\/9272\/revisions"}],"wp:attachment":[{"href":"https:\/\/espaiphilae.com\/ca\/wp-json\/wp\/v2\/media?parent=9272"}],"curies":[{"name":"wp","href":"https:\/\/api.w.org\/{rel}","templated":true}]}}