{"id":9267,"date":"2025-07-28T15:22:59","date_gmt":"2025-07-28T15:22:59","guid":{"rendered":"https:\/\/espaiphilae.com\/politica-de-galetes\/"},"modified":"2025-11-13T18:30:33","modified_gmt":"2025-11-13T18:30:33","slug":"politica-de-galetes","status":"publish","type":"page","link":"https:\/\/espaiphilae.com\/ca\/politica-de-galetes\/","title":{"rendered":"Pol\u00edtica de galetes"},"content":{"rendered":"\t\t<div data-elementor-type=\"wp-page\" data-elementor-id=\"9267\" class=\"elementor elementor-9267 elementor-2714\" data-elementor-post-type=\"page\">\n\t\t\t\t<div class=\"elementor-element elementor-element-f46e8cf e-flex e-con-boxed e-con e-parent\" data-id=\"f46e8cf\" data-element_type=\"container\" data-e-type=\"container\">\n\t\t\t\t\t<div class=\"e-con-inner\">\n\t\t\t\t<div class=\"elementor-element elementor-element-0b54ebf elementor-widget elementor-widget-text-editor\" data-id=\"0b54ebf\" data-element_type=\"widget\" data-e-type=\"widget\" data-widget_type=\"text-editor.default\">\n\t\t\t\t\t\t\t\t\t<p>Al web https:\/\/espaiphilae.com\/ (d&#8217;ara endavant, el Lloc Web) utilitzem galetes per facilitar la relaci\u00f3 dels visitants amb el nostre contingut i per permetre elaborar estad\u00edstiques sobre els visitants<br>que rebem.<\/p><p>T&#8217;informem que podem utilitzar galetes amb la finalitat de facilitar la teva navegaci\u00f3 a trav\u00e9s del Lloc Web, distingir-te d&#8217;altres usuaris, proporcionar-te una millor experi\u00e8ncia en el seu \u00fas, i identificar problemes per millorar el nostre Lloc Web. Aix\u00ed mateix, en cas que prestis el teu consentiment, utilitzarem galetes que ens permetin obtenir m\u00e9s informaci\u00f3 sobre les teves prefer\u00e8ncies i personalitzar el nostre Lloc Web de conformitat amb els teus interessos individuals. <\/p><p><strong>Qu\u00e8 s\u00f3n les galetes?<\/strong><\/p><p>S&#8217;anomenen galetes uns petits arxius que es graven al navegador utilitzat per cada visitant del nostre web perqu\u00e8 el servidor pugui recordar la visita d&#8217;aquest usuari posteriorment quan torni a accedir als nostres continguts. Aquesta informaci\u00f3 no revela la teva identitat, ni cap dada personal, ni accedeix al contingut emmagatzemat al teu ordinador, per\u00f2 s\u00ed que permet al nostre sistema identificar-te com un usuari determinat que ja va visitar el web anteriorment, va visualitzar determinades p\u00e0gines, etc. i a m\u00e9s permet guardar les teves prefer\u00e8ncies personals i informaci\u00f3 t\u00e8cnica com per exemple les visites realitzades o p\u00e0gines concretes que visitis. <\/p><p>La present pol\u00edtica de galetes t\u00e9 per finalitat informar-te de manera clara i precisa sobre les galetes que s&#8217;utilitzen al nostre Lloc Web (la &#8220;Pol\u00edtica de Galetes&#8221;). Respecte a les galetes de tercers, \u00e9s a dir aquelles que s\u00f3n alienes al nostre lloc web, no podem fer-nos responsables del contingut i veracitat de les pol\u00edtiques de privacitat que ells inclouen pel que la informaci\u00f3 que t&#8217;oferim \u00e9s sempre amb refer\u00e8ncia a la font. <\/p><p>\u00c9s possible que actualitzem la Pol\u00edtica de Galetes del nostre Lloc Web, per aix\u00f2 et recomanem revisar aquesta pol\u00edtica cada vegada que accedeixis al nostre Lloc Web amb l&#8217;objectiu d&#8217;estar adequadament informat sobre com i per a qu\u00e8 fem servir les galetes.<\/p><p>A continuaci\u00f3, es realitza una classificaci\u00f3 de les galetes en funci\u00f3 d&#8217;una s\u00e8rie de categories. No obstant aix\u00f2, cal tenir en compte que una mateixa galeta pot estar inclosa en m\u00e9s d&#8217;una categoria. <\/p><p><strong>Tipus de galetes segons l&#8217;entitat que les gestiona<\/strong><\/p><ul class=\"wp-block-list\"><li><strong>Galetes pr\u00f2pies:<\/strong> S\u00f3n aquelles que s&#8217;envien a l&#8217;equip terminal de l&#8217;usuari des d&#8217;un equip o domini gestionat pel propi editor i des del qual es presta el servei sol\u00b7licitat per l&#8217;usuari.<\/li><li><strong>Galetes de tercers: <\/strong>S\u00f3n aquelles que s&#8217;envien a l&#8217;equip terminal de l&#8217;usuari des d&#8217;un equip o domini que no \u00e9s gestionat per l&#8217;editor, sin\u00f3 per una altra entitat que tracta les dades<\/li><\/ul><p><strong>Tipus de galetes segons el termini de temps que romanen actives<\/strong><\/p><ul class=\"wp-block-list\"><li><strong>Galetes de sessi\u00f3:<\/strong> S\u00f3n un tipus de galetes dissenyades per recollir i emmagatzemar dades mentre l&#8217;usuari accedeix a una p\u00e0gina web.<\/li><li><strong>Galetes persistents:<\/strong> S\u00f3n un tipus de galetes en qu\u00e8 les dades segueixen emmagatzemades al terminal i poden ser accedides i tractades durant un per\u00edode definit pel responsable de la galeta, i que pot anar d&#8217;uns minuts a diversos anys.<\/li><\/ul><p><strong>Tipus de galetes segons la seva finalitat<\/strong><\/p><ul class=\"wp-block-list\"><li><strong>Galetes t\u00e8cniques:<\/strong> Aquelles que permeten a l&#8217;usuari la navegaci\u00f3 a trav\u00e9s d&#8217;una p\u00e0gina web, plataforma o aplicaci\u00f3 i la utilitzaci\u00f3 de les diferents opcions o serveis que hi existeixin com, per exemple, controlar el tr\u00e0nsit i la comunicaci\u00f3 de dades, identificar la sessi\u00f3, accedir a parts d&#8217;acc\u00e9s restringit, recordar els elements que integren una comanda, realitzar el proc\u00e9s de compra d&#8217;una comanda, realitzar la sol\u00b7licitud d&#8217;inscripci\u00f3 o participaci\u00f3 en un esdeveniment, utilitzar elements de seguretat durant la navegaci\u00f3, emmagatzemar continguts per a la difusi\u00f3 de v\u00eddeos o so o compartir continguts a trav\u00e9s de xarxes socials.<\/li><\/ul><ul class=\"wp-block-list\"><li><strong>Galetes de personalitzaci\u00f3:<\/strong> S\u00f3n aquelles que permeten a l&#8217;usuari accedir al servei amb algunes caracter\u00edstiques de car\u00e0cter general predefinides en funci\u00f3 d&#8217;una s\u00e8rie de criteris al terminal de l&#8217;usuari com per exemple serien l&#8217;idioma, el tipus de navegador a trav\u00e9s del qual accedeix al servei, la configuraci\u00f3 regional des d&#8217;on accedeix al servei, etc.<\/li><\/ul><ul class=\"wp-block-list\"><li><strong>Galetes publicit\u00e0ries:<\/strong> S\u00f3n aquelles que permeten la gesti\u00f3, de la forma m\u00e9s efica\u00e7 possible, dels espais publicitaris que, si escau, l&#8217;editor hagi incl\u00f2s en una p\u00e0gina web, aplicaci\u00f3 o plataforma des de la qual presta el servei sol\u00b7licitat basant-se en criteris com el contingut editat o la freq\u00fc\u00e8ncia en qu\u00e8 es mostren els anuncis.<\/li><\/ul><ul class=\"wp-block-list\"><li><strong>Galetes de publicitat comportamental:<\/strong> S\u00f3n aquelles que permeten la gesti\u00f3, de la forma m\u00e9s efica\u00e7 possible, dels espais publicitaris que, si escau, l&#8217;editor hagi incl\u00f2s en una p\u00e0gina web, aplicaci\u00f3 o plataforma des de la qual presta el servei sol\u00b7licitat. Aquestes galetes emmagatzemen informaci\u00f3 del comportament dels usuaris obtinguda a trav\u00e9s de l&#8217;observaci\u00f3 continuada dels seus h\u00e0bits de navegaci\u00f3, el que permet desenvolupar un perfil espec\u00edfic per mostrar publicitat en funci\u00f3 del mateix. <\/li><\/ul><ul class=\"wp-block-list\"><li><strong>Galetes d&#8217;an\u00e0lisi:<\/strong> S\u00f3n aquelles que permeten al responsable de les mateixes, el seguiment i an\u00e0lisi del comportament dels usuaris dels llocs web als quals estan vinculades. La informaci\u00f3 recollida mitjan\u00e7ant aquest tipus de galetes s&#8217;utilitza en el mesurament de l&#8217;activitat dels llocs web, aplicaci\u00f3 o plataforma i per a l&#8217;elaboraci\u00f3 de perfils de navegaci\u00f3 dels usuaris d&#8217;aquests llocs, aplicacions i plataformes, amb la finalitat d&#8217;introduir millores en funci\u00f3 de l&#8217;an\u00e0lisi de les dades d&#8217;\u00fas que fan els usuaris del servei. <\/li><\/ul><p>Respecte al tractament de dades recollides a trav\u00e9s de les galetes d&#8217;an\u00e0lisi, tot i que no estan exemptes del deure d&#8217;obtenir un consentiment informat per al seu \u00fas, \u00e9s poc probable que representin un risc per a la privacitat dels usuaris sempre que es tracti de galetes de primera part, que tractin dades agregades amb una finalitat estrictament estad\u00edstica, que es faciliti informaci\u00f3 sobre el seu \u00fas i s&#8217;inclogui la possibilitat que els usuaris manifestin la seva negativa sobre la seva utilitzaci\u00f3.<\/p><p>Actualment, la majoria dels navegadors venen configurats per defecte per bloquejar la instal\u00b7laci\u00f3 de galetes de publicitat o tercers al teu equip. L&#8217;usuari pot ampliar les restriccions d&#8217;origen, impedint l&#8217;entrada de qualsevol tipus de galeta, o eliminar aquestes restriccions, acceptant l&#8217;entrada de qualsevol tipus de galetes. Si est\u00e0s interessat a admetre galetes de publicitat o de tercers, podr\u00e0s configurar el teu navegador a tal fi.  <\/p><p>L&#8217;acceptaci\u00f3 realitzada per l&#8217;usuari, fent clic al bot\u00f3 d&#8217;ACCEPTAR mostrat en la informaci\u00f3 inicial sobre galetes, implica que est\u00e0 consentint expressament al responsable per a la seva utilitzaci\u00f3, podent exercir els seus drets i revocar el seu consentiment en qualsevol moment, a trav\u00e9s de sol\u00b7licitud a ESPAI PHILAE ARTES ESC\u00c9NICAS SLU.<\/p><p>\u00c9s possible que actualitzem la Pol\u00edtica de Galetes del nostre Lloc Web, per aix\u00f2 et recomanem revisar aquesta pol\u00edtica cada vegada que accedeixis al nostre Lloc Web amb l&#8217;objectiu d&#8217;estar adequadament informat sobre com i per a qu\u00e8 fem servir les galetes.<\/p><p>La finalitat de les galetes \u00e9s la de facilitar a l&#8217;Usuari un acc\u00e9s m\u00e9s r\u00e0pid als Serveis seleccionats.<\/p><p>Si no desitges que es guardin galetes al teu navegador o prefereixes rebre una informaci\u00f3 cada vegada que una galeta sol\u00b7liciti instal\u00b7lar-se, pots configurar les teves opcions de navegaci\u00f3 perqu\u00e8 es faci d&#8217;aquesta manera.<\/p><p>La major part dels navegadors permeten la gesti\u00f3 de les galetes de 3 maneres diferents:<\/p><p>\u2013 Les galetes s\u00f3n sempre rebutjades;<\/p><p>\u2013 El navegador pregunta si l&#8217;usuari desitja instal\u00b7lar cada galeta;<\/p><p>\u2013 Les galetes s\u00f3n sempre acceptades;<\/p><p>El teu navegador tamb\u00e9 pot incloure la possibilitat de seleccionar amb detall les galetes que desitges que s&#8217;instal\u00b7lin al teu ordinador. En concret, l&#8217;usuari pot normalment acceptar alguna de les seg\u00fcents opcions: <\/p><p>\u2013 Rebutjar les galetes de determinats dominis;<\/p><p>\u2013 Rebutjar les galetes de tercers;<\/p><p>\u2013 Acceptar galetes com no persistents (s&#8217;eliminen quan el navegador es tanca);<\/p><p>\u2013 Permetre al servidor crear galetes per a un domini diferent.<\/p><p>Per permetre, con\u00e8ixer, bloquejar o eliminar les galetes instal\u00b7lades al teu equip ho pots fer mitjan\u00e7ant la configuraci\u00f3 de les opcions del navegador instal\u00b7lat al teu ordinador.<\/p><p>Pots trobar informaci\u00f3 sobre com configurar els navegadors m\u00e9s usats a les seg\u00fcents ubicacions:<\/p><p>\u2022 Internet Explorer: Eines -&gt; Opcions d&#8217;Internet -&gt; Privacitat -&gt; Configuraci\u00f3. Per a m\u00e9s informaci\u00f3, pots consultar el suport de Microsoft o l&#8217;Ajuda del navegador. <\/p><p>\u2022 Firefox: Eines -&gt; Opcions -&gt; Privacitat -&gt; Historial -&gt; Configuraci\u00f3 Personalitzada. Per a m\u00e9s informaci\u00f3, pots consultar el suport de Mozilla o l&#8217;Ajuda del navegador. <\/p><p>\u2022 Chrome: Configuraci\u00f3 -&gt; Mostrar opcions avan\u00e7ades -&gt; Privacitat -&gt; Configuraci\u00f3 de<\/p><p>contingut. Per a m\u00e9s informaci\u00f3, pots consultar el suport de Google o l&#8217;Ajuda del navegador. <\/p><p>\u2022 Safari: Prefer\u00e8ncies -&gt; Seguretat. Per a m\u00e9s informaci\u00f3, pots consultar el suport d&#8217;Apple o l&#8217;Ajuda del navegador. <\/p><p>Si has acceptat carregar les galetes de Google Analytics, tamb\u00e9 pots revocar en qualsevol moment aquesta acceptaci\u00f3 utilitzant el \u00abComplement de deshabilitaci\u00f3 per a navegadors de Google Analytics\u00bb, accedint a la seg\u00fcent p\u00e0gina web i seguint les instruccions que all\u00e0 es detallen: https:\/\/tools.google.com\/dlpage\/gaoptout?hl=es<\/p>\t\t\t\t\t\t\t\t<\/div>\n\t\t\t\t\t<\/div>\n\t\t\t\t<\/div>\n\t\t\t\t<\/div>\n\t\t","protected":false},"excerpt":{"rendered":"<p>Al web https:\/\/espaiphilae.com\/ (d&#8217;ara endavant, el Lloc Web) utilitzem galetes per facilitar la relaci\u00f3 dels visitants amb el nostre contingut i per permetre elaborar estad\u00edstiques sobre els visitantsque rebem. T&#8217;informem que podem utilitzar galetes amb la finalitat de facilitar la teva navegaci\u00f3 a trav\u00e9s del Lloc Web, distingir-te d&#8217;altres usuaris, proporcionar-te una millor experi\u00e8ncia en [&hellip;]<\/p>\n","protected":false},"author":4,"featured_media":0,"parent":0,"menu_order":0,"comment_status":"closed","ping_status":"closed","template":"","meta":{"_acf_changed":false,"footnotes":""},"class_list":["post-9267","page","type-page","status-publish","hentry"],"acf":[],"yoast_head":"<!-- This site is optimized with the Yoast SEO plugin v27.4 - https:\/\/yoast.com\/product\/yoast-seo-wordpress\/ -->\n<title>Pol\u00edtica de galetes - Espai Philae<\/title>\n<meta name=\"robots\" content=\"index, follow, max-snippet:-1, max-image-preview:large, max-video-preview:-1\" \/>\n<link rel=\"canonical\" href=\"https:\/\/espaiphilae.com\/ca\/politica-de-galetes\/\" \/>\n<meta property=\"og:locale\" content=\"ca_ES\" \/>\n<meta property=\"og:type\" content=\"article\" \/>\n<meta property=\"og:title\" content=\"Pol\u00edtica de galetes - Espai Philae\" \/>\n<meta property=\"og:description\" content=\"Al web https:\/\/espaiphilae.com\/ (d&#8217;ara endavant, el Lloc Web) utilitzem galetes per facilitar la relaci\u00f3 dels visitants amb el nostre contingut i per permetre elaborar estad\u00edstiques sobre els visitantsque rebem. T&#8217;informem que podem utilitzar galetes amb la finalitat de facilitar la teva navegaci\u00f3 a trav\u00e9s del Lloc Web, distingir-te d&#8217;altres usuaris, proporcionar-te una millor experi\u00e8ncia en [&hellip;]\" \/>\n<meta property=\"og:url\" content=\"https:\/\/espaiphilae.com\/ca\/politica-de-galetes\/\" \/>\n<meta property=\"og:site_name\" content=\"Espai Philae\" \/>\n<meta property=\"article:modified_time\" content=\"2025-11-13T18:30:33+00:00\" \/>\n<meta name=\"twitter:card\" content=\"summary_large_image\" \/>\n<meta name=\"twitter:label1\" content=\"Temps estimat de lectura\" \/>\n\t<meta name=\"twitter:data1\" content=\"8 minuts\" \/>\n<script type=\"application\/ld+json\" class=\"yoast-schema-graph\">{\"@context\":\"https:\\\/\\\/schema.org\",\"@graph\":[{\"@type\":\"WebPage\",\"@id\":\"https:\\\/\\\/espaiphilae.com\\\/ca\\\/politica-de-galetes\\\/\",\"url\":\"https:\\\/\\\/espaiphilae.com\\\/ca\\\/politica-de-galetes\\\/\",\"name\":\"Pol\u00edtica de galetes - Espai Philae\",\"isPartOf\":{\"@id\":\"https:\\\/\\\/espaiphilae.com\\\/ca\\\/#website\"},\"datePublished\":\"2025-07-28T15:22:59+00:00\",\"dateModified\":\"2025-11-13T18:30:33+00:00\",\"breadcrumb\":{\"@id\":\"https:\\\/\\\/espaiphilae.com\\\/ca\\\/politica-de-galetes\\\/#breadcrumb\"},\"inLanguage\":\"ca\",\"potentialAction\":[{\"@type\":\"ReadAction\",\"target\":[\"https:\\\/\\\/espaiphilae.com\\\/ca\\\/politica-de-galetes\\\/\"]}]},{\"@type\":\"BreadcrumbList\",\"@id\":\"https:\\\/\\\/espaiphilae.com\\\/ca\\\/politica-de-galetes\\\/#breadcrumb\",\"itemListElement\":[{\"@type\":\"ListItem\",\"position\":1,\"name\":\"Portada\",\"item\":\"https:\\\/\\\/espaiphilae.com\\\/ca\\\/\"},{\"@type\":\"ListItem\",\"position\":2,\"name\":\"Pol\u00edtica de galetes\"}]},{\"@type\":\"WebSite\",\"@id\":\"https:\\\/\\\/espaiphilae.com\\\/ca\\\/#website\",\"url\":\"https:\\\/\\\/espaiphilae.com\\\/ca\\\/\",\"name\":\"Espai Philae\",\"description\":\"Desarrollo personal a trav\u00e9s de las artes esc\u00e9nicas\",\"publisher\":{\"@id\":\"https:\\\/\\\/espaiphilae.com\\\/ca\\\/#organization\"},\"potentialAction\":[{\"@type\":\"SearchAction\",\"target\":{\"@type\":\"EntryPoint\",\"urlTemplate\":\"https:\\\/\\\/espaiphilae.com\\\/ca\\\/?s={search_term_string}\"},\"query-input\":{\"@type\":\"PropertyValueSpecification\",\"valueRequired\":true,\"valueName\":\"search_term_string\"}}],\"inLanguage\":\"ca\"},{\"@type\":\"Organization\",\"@id\":\"https:\\\/\\\/espaiphilae.com\\\/ca\\\/#organization\",\"name\":\"Espai Philae\",\"url\":\"https:\\\/\\\/espaiphilae.com\\\/ca\\\/\",\"logo\":{\"@type\":\"ImageObject\",\"inLanguage\":\"ca\",\"@id\":\"https:\\\/\\\/espaiphilae.com\\\/ca\\\/#\\\/schema\\\/logo\\\/image\\\/\",\"url\":\"https:\\\/\\\/espaiphilae.com\\\/wp-content\\\/uploads\\\/2025\\\/07\\\/COLOR.png\",\"contentUrl\":\"https:\\\/\\\/espaiphilae.com\\\/wp-content\\\/uploads\\\/2025\\\/07\\\/COLOR.png\",\"width\":1295,\"height\":377,\"caption\":\"Espai Philae\"},\"image\":{\"@id\":\"https:\\\/\\\/espaiphilae.com\\\/ca\\\/#\\\/schema\\\/logo\\\/image\\\/\"}}]}<\/script>\n<!-- \/ Yoast SEO plugin. -->","yoast_head_json":{"title":"Pol\u00edtica de galetes - Espai Philae","robots":{"index":"index","follow":"follow","max-snippet":"max-snippet:-1","max-image-preview":"max-image-preview:large","max-video-preview":"max-video-preview:-1"},"canonical":"https:\/\/espaiphilae.com\/ca\/politica-de-galetes\/","og_locale":"ca_ES","og_type":"article","og_title":"Pol\u00edtica de galetes - Espai Philae","og_description":"Al web https:\/\/espaiphilae.com\/ (d&#8217;ara endavant, el Lloc Web) utilitzem galetes per facilitar la relaci\u00f3 dels visitants amb el nostre contingut i per permetre elaborar estad\u00edstiques sobre els visitantsque rebem. T&#8217;informem que podem utilitzar galetes amb la finalitat de facilitar la teva navegaci\u00f3 a trav\u00e9s del Lloc Web, distingir-te d&#8217;altres usuaris, proporcionar-te una millor experi\u00e8ncia en [&hellip;]","og_url":"https:\/\/espaiphilae.com\/ca\/politica-de-galetes\/","og_site_name":"Espai Philae","article_modified_time":"2025-11-13T18:30:33+00:00","twitter_card":"summary_large_image","twitter_misc":{"Temps estimat de lectura":"8 minuts"},"schema":{"@context":"https:\/\/schema.org","@graph":[{"@type":"WebPage","@id":"https:\/\/espaiphilae.com\/ca\/politica-de-galetes\/","url":"https:\/\/espaiphilae.com\/ca\/politica-de-galetes\/","name":"Pol\u00edtica de galetes - Espai Philae","isPartOf":{"@id":"https:\/\/espaiphilae.com\/ca\/#website"},"datePublished":"2025-07-28T15:22:59+00:00","dateModified":"2025-11-13T18:30:33+00:00","breadcrumb":{"@id":"https:\/\/espaiphilae.com\/ca\/politica-de-galetes\/#breadcrumb"},"inLanguage":"ca","potentialAction":[{"@type":"ReadAction","target":["https:\/\/espaiphilae.com\/ca\/politica-de-galetes\/"]}]},{"@type":"BreadcrumbList","@id":"https:\/\/espaiphilae.com\/ca\/politica-de-galetes\/#breadcrumb","itemListElement":[{"@type":"ListItem","position":1,"name":"Portada","item":"https:\/\/espaiphilae.com\/ca\/"},{"@type":"ListItem","position":2,"name":"Pol\u00edtica de galetes"}]},{"@type":"WebSite","@id":"https:\/\/espaiphilae.com\/ca\/#website","url":"https:\/\/espaiphilae.com\/ca\/","name":"Espai Philae","description":"Desarrollo personal a trav\u00e9s de las artes esc\u00e9nicas","publisher":{"@id":"https:\/\/espaiphilae.com\/ca\/#organization"},"potentialAction":[{"@type":"SearchAction","target":{"@type":"EntryPoint","urlTemplate":"https:\/\/espaiphilae.com\/ca\/?s={search_term_string}"},"query-input":{"@type":"PropertyValueSpecification","valueRequired":true,"valueName":"search_term_string"}}],"inLanguage":"ca"},{"@type":"Organization","@id":"https:\/\/espaiphilae.com\/ca\/#organization","name":"Espai Philae","url":"https:\/\/espaiphilae.com\/ca\/","logo":{"@type":"ImageObject","inLanguage":"ca","@id":"https:\/\/espaiphilae.com\/ca\/#\/schema\/logo\/image\/","url":"https:\/\/espaiphilae.com\/wp-content\/uploads\/2025\/07\/COLOR.png","contentUrl":"https:\/\/espaiphilae.com\/wp-content\/uploads\/2025\/07\/COLOR.png","width":1295,"height":377,"caption":"Espai Philae"},"image":{"@id":"https:\/\/espaiphilae.com\/ca\/#\/schema\/logo\/image\/"}}]}},"_links":{"self":[{"href":"https:\/\/espaiphilae.com\/ca\/wp-json\/wp\/v2\/pages\/9267","targetHints":{"allow":["GET"]}}],"collection":[{"href":"https:\/\/espaiphilae.com\/ca\/wp-json\/wp\/v2\/pages"}],"about":[{"href":"https:\/\/espaiphilae.com\/ca\/wp-json\/wp\/v2\/types\/page"}],"author":[{"embeddable":true,"href":"https:\/\/espaiphilae.com\/ca\/wp-json\/wp\/v2\/users\/4"}],"replies":[{"embeddable":true,"href":"https:\/\/espaiphilae.com\/ca\/wp-json\/wp\/v2\/comments?post=9267"}],"version-history":[{"count":0,"href":"https:\/\/espaiphilae.com\/ca\/wp-json\/wp\/v2\/pages\/9267\/revisions"}],"wp:attachment":[{"href":"https:\/\/espaiphilae.com\/ca\/wp-json\/wp\/v2\/media?parent=9267"}],"curies":[{"name":"wp","href":"https:\/\/api.w.org\/{rel}","templated":true}]}}