{"id":9261,"date":"2025-07-28T15:13:22","date_gmt":"2025-07-28T15:13:22","guid":{"rendered":"https:\/\/espaiphilae.com\/us-de-lespai\/"},"modified":"2025-11-13T18:30:33","modified_gmt":"2025-11-13T18:30:33","slug":"us-de-lespai","status":"publish","type":"page","link":"https:\/\/espaiphilae.com\/ca\/us-de-lespai\/","title":{"rendered":"\u00das de l&#8217;espai"},"content":{"rendered":"\t\t<div data-elementor-type=\"wp-page\" data-elementor-id=\"9261\" class=\"elementor elementor-9261 elementor-2711\" data-elementor-post-type=\"page\">\n\t\t\t\t<div class=\"elementor-element elementor-element-212ea04 e-flex e-con-boxed e-con e-parent\" data-id=\"212ea04\" data-element_type=\"container\" data-e-type=\"container\">\n\t\t\t\t\t<div class=\"e-con-inner\">\n\t\t\t\t<div class=\"elementor-element elementor-element-b56823e elementor-widget elementor-widget-text-editor\" data-id=\"b56823e\" data-element_type=\"widget\" data-e-type=\"widget\" data-widget_type=\"text-editor.default\">\n\t\t\t\t\t\t\t\t\t<ul class=\"wp-block-list\"><li class=\"has-medium-font-size\">Es prega m\u00e0xima puntualitat com a forma de respecte als professors i a la resta de companys.<\/li><li class=\"has-medium-font-size\">Per a qualsevol sessi\u00f3 a Espai Philae \u00e9s necessari venir amb roba c\u00f2moda (xandall o malles). Disposeu de vestidors si necessiteu canviar-vos a l&#8217;escola. <\/li><li class=\"has-medium-font-size\">No est\u00e0 perm\u00e8s l&#8217;estacionament de bicicletes, patinets o qualsevol transport personal el\u00e8ctric dins de l&#8217;escola. <\/li><li class=\"has-medium-font-size\">Les sabates s&#8217;han de deixar als bancs blancs de l&#8217;entrada i netejar-les pr\u00e8viament a l&#8217;estora d&#8217;entrada al centre. <\/li><li class=\"has-medium-font-size\"> Deixar roba, motxilles i bosses als vestidors de l&#8217;escola. <\/li><li class=\"has-medium-font-size\">Portar les vostres pr\u00f2pies aig\u00fces i prendre caf\u00e8, te o snacks a l&#8217;exterior de l&#8217;escola durant les pauses. <\/li><li class=\"has-medium-font-size\">L&#8217;usuari assumir\u00e0 el cost de qualsevol desperfecte ocasionat a l&#8217;espai, parets, parquet, o en el material cedit, aix\u00ed com la sostracci\u00f3 de llibres o objectes de la zona de descans\/\u00aboffice\u00bb per a \u00fas exclusiu de la sala. <\/li><li class=\"has-medium-font-size\">Si es vol deixar material propi a Espai Philae cal consultar-ho pr\u00e8viament. <\/li><li class=\"has-medium-font-size\">Est\u00e0 terminantment prohibit encendre espelmes, encens o fer qualsevol tipus de foc.<\/li><li class=\"has-medium-font-size\">No est\u00e0 perm\u00e8s utilitzar objectes punxants o tallants. <\/li><li class=\"has-medium-font-size\">No est\u00e0 perm\u00e8s fumar ni consumir estupefaents. <\/li><li class=\"has-medium-font-size\">No est\u00e0 perm\u00e8s menjar a la sala de treball i nom\u00e9s es permeten l\u00edquids embotellats. Heu d&#8217;abonar 50 c\u00e8ntims per cada consumici\u00f3 (caf\u00e8 o te) que prengueu de l&#8217;office de l&#8217;escola (disposem d&#8217;un pot de vidre per deixar les monedes). Gr\u00e0cies.   <\/li><li class=\"has-medium-font-size\">Heu de procurar que el volum de la m\u00fasica no pugui ocasionar mol\u00e8sties als ve\u00efns. <\/li><li class=\"has-medium-font-size\">A la sala de treball cal anar descal\u00e7 i sense esmalt d&#8217;ungles en cas de no portar mitjons.<\/li><li class=\"has-medium-font-size\">Evitar percutir el parquet amb bastons, objectes punxants o cadires.<\/li><li class=\"has-medium-font-size\">Recordeu endur-vos la roba o pertinences personals en abandonar la sala. Tot all\u00f2 que no es reclami en els 2 mesos posteriors ser\u00e0 donat a benefic\u00e8ncia. <\/li><\/ul>\t\t\t\t\t\t\t\t<\/div>\n\t\t\t\t\t<\/div>\n\t\t\t\t<\/div>\n\t\t\t\t<\/div>\n\t\t","protected":false},"excerpt":{"rendered":"<p>Es prega m\u00e0xima puntualitat com a forma de respecte als professors i a la resta de companys. Per a qualsevol sessi\u00f3 a Espai Philae \u00e9s necessari venir amb roba c\u00f2moda (xandall o malles). Disposeu de vestidors si necessiteu canviar-vos a l&#8217;escola. No est\u00e0 perm\u00e8s l&#8217;estacionament de bicicletes, patinets o qualsevol transport personal el\u00e8ctric dins de [&hellip;]<\/p>\n","protected":false},"author":4,"featured_media":0,"parent":0,"menu_order":0,"comment_status":"closed","ping_status":"closed","template":"","meta":{"_acf_changed":false,"footnotes":""},"class_list":["post-9261","page","type-page","status-publish","hentry"],"acf":[],"yoast_head":"<!-- This site is optimized with the Yoast SEO plugin v27.4 - https:\/\/yoast.com\/product\/yoast-seo-wordpress\/ -->\n<title>\u00das de l&#039;espai - Espai Philae<\/title>\n<meta name=\"robots\" content=\"index, follow, max-snippet:-1, max-image-preview:large, max-video-preview:-1\" \/>\n<link rel=\"canonical\" href=\"https:\/\/espaiphilae.com\/ca\/us-de-lespai\/\" \/>\n<meta property=\"og:locale\" content=\"ca_ES\" \/>\n<meta property=\"og:type\" content=\"article\" \/>\n<meta property=\"og:title\" content=\"\u00das de l&#039;espai - Espai Philae\" \/>\n<meta property=\"og:description\" content=\"Es prega m\u00e0xima puntualitat com a forma de respecte als professors i a la resta de companys. Per a qualsevol sessi\u00f3 a Espai Philae \u00e9s necessari venir amb roba c\u00f2moda (xandall o malles). Disposeu de vestidors si necessiteu canviar-vos a l&#8217;escola. No est\u00e0 perm\u00e8s l&#8217;estacionament de bicicletes, patinets o qualsevol transport personal el\u00e8ctric dins de [&hellip;]\" \/>\n<meta property=\"og:url\" content=\"https:\/\/espaiphilae.com\/ca\/us-de-lespai\/\" \/>\n<meta property=\"og:site_name\" content=\"Espai Philae\" \/>\n<meta property=\"article:modified_time\" content=\"2025-11-13T18:30:33+00:00\" \/>\n<meta name=\"twitter:card\" content=\"summary_large_image\" \/>\n<meta name=\"twitter:label1\" content=\"Temps estimat de lectura\" \/>\n\t<meta name=\"twitter:data1\" content=\"2 minuts\" \/>\n<script type=\"application\/ld+json\" class=\"yoast-schema-graph\">{\"@context\":\"https:\\\/\\\/schema.org\",\"@graph\":[{\"@type\":\"WebPage\",\"@id\":\"https:\\\/\\\/espaiphilae.com\\\/ca\\\/us-de-lespai\\\/\",\"url\":\"https:\\\/\\\/espaiphilae.com\\\/ca\\\/us-de-lespai\\\/\",\"name\":\"\u00das de l'espai - Espai Philae\",\"isPartOf\":{\"@id\":\"https:\\\/\\\/espaiphilae.com\\\/ca\\\/#website\"},\"datePublished\":\"2025-07-28T15:13:22+00:00\",\"dateModified\":\"2025-11-13T18:30:33+00:00\",\"breadcrumb\":{\"@id\":\"https:\\\/\\\/espaiphilae.com\\\/ca\\\/us-de-lespai\\\/#breadcrumb\"},\"inLanguage\":\"ca\",\"potentialAction\":[{\"@type\":\"ReadAction\",\"target\":[\"https:\\\/\\\/espaiphilae.com\\\/ca\\\/us-de-lespai\\\/\"]}]},{\"@type\":\"BreadcrumbList\",\"@id\":\"https:\\\/\\\/espaiphilae.com\\\/ca\\\/us-de-lespai\\\/#breadcrumb\",\"itemListElement\":[{\"@type\":\"ListItem\",\"position\":1,\"name\":\"Portada\",\"item\":\"https:\\\/\\\/espaiphilae.com\\\/ca\\\/\"},{\"@type\":\"ListItem\",\"position\":2,\"name\":\"\u00das de l&#8217;espai\"}]},{\"@type\":\"WebSite\",\"@id\":\"https:\\\/\\\/espaiphilae.com\\\/ca\\\/#website\",\"url\":\"https:\\\/\\\/espaiphilae.com\\\/ca\\\/\",\"name\":\"Espai Philae\",\"description\":\"Desarrollo personal a trav\u00e9s de las artes esc\u00e9nicas\",\"publisher\":{\"@id\":\"https:\\\/\\\/espaiphilae.com\\\/ca\\\/#organization\"},\"potentialAction\":[{\"@type\":\"SearchAction\",\"target\":{\"@type\":\"EntryPoint\",\"urlTemplate\":\"https:\\\/\\\/espaiphilae.com\\\/ca\\\/?s={search_term_string}\"},\"query-input\":{\"@type\":\"PropertyValueSpecification\",\"valueRequired\":true,\"valueName\":\"search_term_string\"}}],\"inLanguage\":\"ca\"},{\"@type\":\"Organization\",\"@id\":\"https:\\\/\\\/espaiphilae.com\\\/ca\\\/#organization\",\"name\":\"Espai Philae\",\"url\":\"https:\\\/\\\/espaiphilae.com\\\/ca\\\/\",\"logo\":{\"@type\":\"ImageObject\",\"inLanguage\":\"ca\",\"@id\":\"https:\\\/\\\/espaiphilae.com\\\/ca\\\/#\\\/schema\\\/logo\\\/image\\\/\",\"url\":\"https:\\\/\\\/espaiphilae.com\\\/wp-content\\\/uploads\\\/2025\\\/07\\\/COLOR.png\",\"contentUrl\":\"https:\\\/\\\/espaiphilae.com\\\/wp-content\\\/uploads\\\/2025\\\/07\\\/COLOR.png\",\"width\":1295,\"height\":377,\"caption\":\"Espai Philae\"},\"image\":{\"@id\":\"https:\\\/\\\/espaiphilae.com\\\/ca\\\/#\\\/schema\\\/logo\\\/image\\\/\"}}]}<\/script>\n<!-- \/ Yoast SEO plugin. -->","yoast_head_json":{"title":"\u00das de l'espai - Espai Philae","robots":{"index":"index","follow":"follow","max-snippet":"max-snippet:-1","max-image-preview":"max-image-preview:large","max-video-preview":"max-video-preview:-1"},"canonical":"https:\/\/espaiphilae.com\/ca\/us-de-lespai\/","og_locale":"ca_ES","og_type":"article","og_title":"\u00das de l'espai - Espai Philae","og_description":"Es prega m\u00e0xima puntualitat com a forma de respecte als professors i a la resta de companys. Per a qualsevol sessi\u00f3 a Espai Philae \u00e9s necessari venir amb roba c\u00f2moda (xandall o malles). Disposeu de vestidors si necessiteu canviar-vos a l&#8217;escola. No est\u00e0 perm\u00e8s l&#8217;estacionament de bicicletes, patinets o qualsevol transport personal el\u00e8ctric dins de [&hellip;]","og_url":"https:\/\/espaiphilae.com\/ca\/us-de-lespai\/","og_site_name":"Espai Philae","article_modified_time":"2025-11-13T18:30:33+00:00","twitter_card":"summary_large_image","twitter_misc":{"Temps estimat de lectura":"2 minuts"},"schema":{"@context":"https:\/\/schema.org","@graph":[{"@type":"WebPage","@id":"https:\/\/espaiphilae.com\/ca\/us-de-lespai\/","url":"https:\/\/espaiphilae.com\/ca\/us-de-lespai\/","name":"\u00das de l'espai - Espai Philae","isPartOf":{"@id":"https:\/\/espaiphilae.com\/ca\/#website"},"datePublished":"2025-07-28T15:13:22+00:00","dateModified":"2025-11-13T18:30:33+00:00","breadcrumb":{"@id":"https:\/\/espaiphilae.com\/ca\/us-de-lespai\/#breadcrumb"},"inLanguage":"ca","potentialAction":[{"@type":"ReadAction","target":["https:\/\/espaiphilae.com\/ca\/us-de-lespai\/"]}]},{"@type":"BreadcrumbList","@id":"https:\/\/espaiphilae.com\/ca\/us-de-lespai\/#breadcrumb","itemListElement":[{"@type":"ListItem","position":1,"name":"Portada","item":"https:\/\/espaiphilae.com\/ca\/"},{"@type":"ListItem","position":2,"name":"\u00das de l&#8217;espai"}]},{"@type":"WebSite","@id":"https:\/\/espaiphilae.com\/ca\/#website","url":"https:\/\/espaiphilae.com\/ca\/","name":"Espai Philae","description":"Desarrollo personal a trav\u00e9s de las artes esc\u00e9nicas","publisher":{"@id":"https:\/\/espaiphilae.com\/ca\/#organization"},"potentialAction":[{"@type":"SearchAction","target":{"@type":"EntryPoint","urlTemplate":"https:\/\/espaiphilae.com\/ca\/?s={search_term_string}"},"query-input":{"@type":"PropertyValueSpecification","valueRequired":true,"valueName":"search_term_string"}}],"inLanguage":"ca"},{"@type":"Organization","@id":"https:\/\/espaiphilae.com\/ca\/#organization","name":"Espai Philae","url":"https:\/\/espaiphilae.com\/ca\/","logo":{"@type":"ImageObject","inLanguage":"ca","@id":"https:\/\/espaiphilae.com\/ca\/#\/schema\/logo\/image\/","url":"https:\/\/espaiphilae.com\/wp-content\/uploads\/2025\/07\/COLOR.png","contentUrl":"https:\/\/espaiphilae.com\/wp-content\/uploads\/2025\/07\/COLOR.png","width":1295,"height":377,"caption":"Espai Philae"},"image":{"@id":"https:\/\/espaiphilae.com\/ca\/#\/schema\/logo\/image\/"}}]}},"_links":{"self":[{"href":"https:\/\/espaiphilae.com\/ca\/wp-json\/wp\/v2\/pages\/9261","targetHints":{"allow":["GET"]}}],"collection":[{"href":"https:\/\/espaiphilae.com\/ca\/wp-json\/wp\/v2\/pages"}],"about":[{"href":"https:\/\/espaiphilae.com\/ca\/wp-json\/wp\/v2\/types\/page"}],"author":[{"embeddable":true,"href":"https:\/\/espaiphilae.com\/ca\/wp-json\/wp\/v2\/users\/4"}],"replies":[{"embeddable":true,"href":"https:\/\/espaiphilae.com\/ca\/wp-json\/wp\/v2\/comments?post=9261"}],"version-history":[{"count":0,"href":"https:\/\/espaiphilae.com\/ca\/wp-json\/wp\/v2\/pages\/9261\/revisions"}],"wp:attachment":[{"href":"https:\/\/espaiphilae.com\/ca\/wp-json\/wp\/v2\/media?parent=9261"}],"curies":[{"name":"wp","href":"https:\/\/api.w.org\/{rel}","templated":true}]}}