

{"id":9194,"date":"2025-06-26T09:17:03","date_gmt":"2025-06-26T07:17:03","guid":{"rendered":"https:\/\/espaiphilae.com\/la-veu-de-lanna\/"},"modified":"2025-07-02T14:04:33","modified_gmt":"2025-07-02T12:04:33","slug":"la-veu-de-lanna","status":"publish","type":"page","link":"https:\/\/espaiphilae.com\/ca\/la-veu-de-lanna\/","title":{"rendered":"La veu de l&#8217;Anna"},"content":{"rendered":"\t\t<div data-elementor-type=\"wp-page\" data-elementor-id=\"9194\" class=\"elementor elementor-9194 elementor-9148\" data-elementor-post-type=\"page\">\n\t\t\t\t<div data-particle_enable=\"false\" data-particle-mobile-disabled=\"false\" class=\"elementor-element elementor-element-8272f09 e-flex e-con-boxed e-con e-parent\" data-id=\"8272f09\" data-element_type=\"container\" data-e-type=\"container\" data-settings=\"{&quot;background_background&quot;:&quot;classic&quot;}\">\n\t\t\t\t\t<div class=\"e-con-inner\">\n\t\t\t\t<div class=\"elementor-element elementor-element-a0c028e elementor-widget-mobile__width-initial elementor-widget elementor-widget-heading\" data-id=\"a0c028e\" data-element_type=\"widget\" data-e-type=\"widget\" data-widget_type=\"heading.default\">\n\t\t\t\t\t<h1 class=\"elementor-heading-title elementor-size-default\">La veu de l'Anna<\/h1>\t\t\t\t<\/div>\n\t\t\t\t<div class=\"elementor-element elementor-element-de1ffef elementor-widget elementor-widget-heading\" data-id=\"de1ffef\" data-element_type=\"widget\" data-e-type=\"widget\" data-widget_type=\"heading.default\">\n\t\t\t\t\t<h2 class=\"elementor-heading-title elementor-size-default\">La Por a la Por<\/h2>\t\t\t\t<\/div>\n\t\t\t\t<div class=\"elementor-element elementor-element-0f23979 elementor-widget elementor-widget-heading\" data-id=\"0f23979\" data-element_type=\"widget\" data-e-type=\"widget\" data-widget_type=\"heading.default\">\n\t\t\t\t\t<p class=\"elementor-heading-title elementor-size-default\">Subscriu-te i accedeix ara a l'\u00e0udio complet, creat i narrat per l'Anna Sabat\u00e9.<\/p>\t\t\t\t<\/div>\n\t\t\t\t\t<\/div>\n\t\t\t\t<\/div>\n\t\t<div data-particle_enable=\"false\" data-particle-mobile-disabled=\"false\" class=\"elementor-element elementor-element-490f874 e-flex e-con-boxed e-con e-parent\" data-id=\"490f874\" data-element_type=\"container\" data-e-type=\"container\" data-settings=\"{&quot;background_background&quot;:&quot;classic&quot;}\">\n\t\t\t\t\t<div class=\"e-con-inner\">\n\t\t\t\t<div class=\"elementor-element elementor-element-311464a elementor-widget elementor-widget-text-editor\" data-id=\"311464a\" data-element_type=\"widget\" data-e-type=\"widget\" data-widget_type=\"text-editor.default\">\n\t\t\t\t\t\t\t\t\tEn aquest \u00e0udio, l&#8217;Anna comparteix una reflexi\u00f3 oberta i valenta sobre la por:<br>el que ens limita, el que ens empeny, el que ens impedeix veure&#8217;ns\u2026 i el que, si ho abracem, pot convertir-se en br\u00faixola.<br><br>&#8220;La por a la por&#8221; \u00e9s una invitaci\u00f3 a sentir el vertigen d&#8217;estar viva, a q\u00fcestionar l&#8217;apr\u00e8s, a travessar els vels que ens separen de la nostra autenticitat.<br><br>Un regal per als qui caminen amb coratge. I un preludi del viatge que \u00e9s <strong>&#8216;Teatre i Consci\u00e8ncia\u00a9&#8217;<\/strong><br><br>.\t\t\t\t\t\t\t\t<\/div>\n\t\t<div data-particle_enable=\"false\" data-particle-mobile-disabled=\"false\" class=\"elementor-element elementor-element-26fe8d3 e-con-full e-flex e-con e-child\" data-id=\"26fe8d3\" data-element_type=\"container\" data-e-type=\"container\">\n\t\t\t\t<div class=\"elementor-element elementor-element-1933db3 elementor-widget elementor-widget-heading\" data-id=\"1933db3\" data-element_type=\"widget\" data-e-type=\"widget\" data-widget_type=\"heading.default\">\n\t\t\t\t\t<h3 class=\"elementor-heading-title elementor-size-default\">T'atreveixes a escoltar-lo?<\/h3>\t\t\t\t<\/div>\n\t\t\t\t<div class=\"elementor-element elementor-element-0f731dd elementor-widget__width-initial elementor-widget elementor-widget-shortcode\" data-id=\"0f731dd\" data-element_type=\"widget\" data-e-type=\"widget\" data-widget_type=\"shortcode.default\">\n\t\t\t\t\t\t\t<div class=\"elementor-shortcode\">\n\t\t\t<form id=\"sib_signup_form_34\" method=\"post\" class=\"sib_signup_form\">\n\t\t\t\t<div class=\"sib_loader\" style=\"display:none;\"><img\n\t\t\t\t\t\t\tsrc=\"https:\/\/espaiphilae.com\/wp-includes\/images\/spinner.gif\" alt=\"loader\"><\/div>\n\t\t\t\t<input type=\"hidden\" name=\"sib_form_action\" value=\"subscribe_form_submit\">\n\t\t\t\t<input type=\"hidden\" name=\"sib_form_id\" value=\"34\">\n                <input type=\"hidden\" name=\"sib_form_alert_notice\" value=\"Please fill out this field\">\n                <input type=\"hidden\" name=\"sib_form_invalid_email_notice\" value=\"Your email address is invalid\">\n                <input type=\"hidden\" name=\"sib_security\" value=\"f9ea12d1ce\">\n\t\t\t\t<div class=\"sib_signup_box_inside_34\">\n\t\t\t\t\t<div style=\"\/*display:none*\/\" class=\"sib_msg_disp\">\n\t\t\t\t\t<\/div>\n                    \t\t\t\t\t<style>\r\na.alega{\r\ncolor:#fff;\r\n}\r\n<\/style>\t\r\n<div class=\"form-group\"> \r\n<input type=\"text\" class=\"sib-NOMBRE-area form-control\" name=\"NOMBRE\" placeholder=\"*Nombre\" required=\"required\">\r\n<\/div>\r\n<div class=\"form-group\">\r\n <input type=\"email\" class=\"sib-email-area form-control\" name=\"email\" placeholder=\"*Email\" value=\"\">\r\n<\/div>\r\n<p><small style=\"color:#fff\">* Campos obligatorios<\/small><\/p>\r\n\r\n<p class=\"check-acepta\"> <input type=\"hidden\" name=\"OPT_IN\" value=\"0\"><input type=\"checkbox\" value=\"1\" class=\"sib-OPT_IN-area\" name=\"OPT_IN\" required>\r\n<small style=\"color:#fff\">He le\u00eddo y acepto el \r\n<a class=\"alega\" href=\"https:\/\/espaiphilae.com\/aviso-legal\/\"> Aviso legal<\/a> y la <a class=\"alega\" href=\"https:\/\/espaiphilae.com\/politica-privacidad\/\">Pol\u00edtica de Privacidad<\/a><\/small><\/p>\r\n<p class=\"check-acepta\"> <input type=\"hidden\" name=\"PUBLICIDAD\" value=\"0\"><input type=\"checkbox\" value=\"1\" class=\"sib-PUBLICIDAD-area\" name=\"PUBLICIDAD\" required>\r\n<small style=\"color:#fff\">Consiento el tratamiento de mis datos personales para recibir comunicaciones comerciales v\u00eda electr\u00f3nica<\/small><\/p>\r\n<p><div id=\"sib_captcha\" class=\"g-recaptcha\" data-sitekey=\"\"><\/div><\/p>\r\n<label><\/label>\r\n<input type=\"submit\" class=\"btn btn-callaction\" name=\"submit\" value=\"Enviar\">\r\n\t<\/div>\r\n\r\n\r\n\r\n\t\t\t\t<\/div>\n\t\t\t<\/form>\n\t\t\t<style>\n\t\t\t\tform#sib_signup_form_34 p.sib-alert-message {\n    padding: 6px 12px;\n    margin-bottom: 20px;\n    border: 1px solid transparent;\n    border-radius: 4px;\n    -webkit-box-sizing: border-box;\n    -moz-box-sizing: border-box;\n    box-sizing: border-box;\n}\nform#sib_signup_form_34 p.sib-alert-message-error {\n    background-color: #f2dede;\n    border-color: #ebccd1;\n    color: #a94442;\n}\nform#sib_signup_form_34 p.sib-alert-message-success {\n    background-color: #dff0d8;\n    border-color: #d6e9c6;\n    color: #3c763d;\n}\nform#sib_signup_form_34 p.sib-alert-message-warning {\n    background-color: #fcf8e3;\n    border-color: #faebcc;\n    color: #8a6d3b;\n}\n\t\t\t<\/style>\n\t\t\t<\/div>\n\t\t\t\t\t\t<\/div>\n\t\t\t\t<\/div>\n\t\t\t\t\t<\/div>\n\t\t\t\t<\/div>\n\t\t\t\t<\/div>\n\t\t","protected":false},"excerpt":{"rendered":"<p>La veu de l&#8217;Anna La Por a la Por Subscriu-te i accedeix ara a l&#8217;\u00e0udio complet, creat i narrat per l&#8217;Anna Sabat\u00e9. En aquest \u00e0udio, l&#8217;Anna comparteix una reflexi\u00f3 oberta i valenta sobre la por:el que ens limita, el que ens empeny, el que ens impedeix veure&#8217;ns\u2026 i el que, si ho abracem, pot convertir-se [&hellip;]<\/p>\n","protected":false},"author":1,"featured_media":0,"parent":0,"menu_order":0,"comment_status":"closed","ping_status":"closed","template":"elementor_header_footer","meta":{"_acf_changed":false,"footnotes":""},"class_list":["post-9194","page","type-page","status-publish","hentry"],"acf":[],"yoast_head":"<!-- This site is optimized with the Yoast SEO plugin v27.3 - https:\/\/yoast.com\/product\/yoast-seo-wordpress\/ -->\n<title>La veu de l&#039;Anna - Espai Philae<\/title>\n<meta name=\"robots\" content=\"index, follow, max-snippet:-1, max-image-preview:large, max-video-preview:-1\" \/>\n<link rel=\"canonical\" href=\"https:\/\/espaiphilae.com\/ca\/la-veu-de-lanna\/\" \/>\n<meta property=\"og:locale\" content=\"ca_ES\" \/>\n<meta property=\"og:type\" content=\"article\" \/>\n<meta property=\"og:title\" content=\"La veu de l&#039;Anna - Espai Philae\" \/>\n<meta property=\"og:description\" content=\"La veu de l&#8217;Anna La Por a la Por Subscriu-te i accedeix ara a l&#8217;\u00e0udio complet, creat i narrat per l&#8217;Anna Sabat\u00e9. En aquest \u00e0udio, l&#8217;Anna comparteix una reflexi\u00f3 oberta i valenta sobre la por:el que ens limita, el que ens empeny, el que ens impedeix veure&#8217;ns\u2026 i el que, si ho abracem, pot convertir-se [&hellip;]\" \/>\n<meta property=\"og:url\" content=\"https:\/\/espaiphilae.com\/ca\/la-veu-de-lanna\/\" \/>\n<meta property=\"og:site_name\" content=\"Espai Philae\" \/>\n<meta property=\"article:publisher\" content=\"https:\/\/www.facebook.com\/espaiphilae\/\" \/>\n<meta property=\"article:modified_time\" content=\"2025-07-02T12:04:33+00:00\" \/>\n<meta name=\"twitter:card\" content=\"summary_large_image\" \/>\n<meta name=\"twitter:label1\" content=\"Temps estimat de lectura\" \/>\n\t<meta name=\"twitter:data1\" content=\"1 minut\" \/>\n<script type=\"application\/ld+json\" class=\"yoast-schema-graph\">{\"@context\":\"https:\\\/\\\/schema.org\",\"@graph\":[{\"@type\":\"WebPage\",\"@id\":\"https:\\\/\\\/espaiphilae.com\\\/ca\\\/la-veu-de-lanna\\\/\",\"url\":\"https:\\\/\\\/espaiphilae.com\\\/ca\\\/la-veu-de-lanna\\\/\",\"name\":\"La veu de l'Anna - Espai Philae\",\"isPartOf\":{\"@id\":\"https:\\\/\\\/espaiphilae.com\\\/ca\\\/#website\"},\"datePublished\":\"2025-06-26T07:17:03+00:00\",\"dateModified\":\"2025-07-02T12:04:33+00:00\",\"breadcrumb\":{\"@id\":\"https:\\\/\\\/espaiphilae.com\\\/ca\\\/la-veu-de-lanna\\\/#breadcrumb\"},\"inLanguage\":\"ca\",\"potentialAction\":[{\"@type\":\"ReadAction\",\"target\":[\"https:\\\/\\\/espaiphilae.com\\\/ca\\\/la-veu-de-lanna\\\/\"]}]},{\"@type\":\"BreadcrumbList\",\"@id\":\"https:\\\/\\\/espaiphilae.com\\\/ca\\\/la-veu-de-lanna\\\/#breadcrumb\",\"itemListElement\":[{\"@type\":\"ListItem\",\"position\":1,\"name\":\"Home\",\"item\":\"https:\\\/\\\/espaiphilae.com\\\/ca\\\/\"},{\"@type\":\"ListItem\",\"position\":2,\"name\":\"La veu de l&#8217;Anna\"}]},{\"@type\":\"WebSite\",\"@id\":\"https:\\\/\\\/espaiphilae.com\\\/ca\\\/#website\",\"url\":\"https:\\\/\\\/espaiphilae.com\\\/ca\\\/\",\"name\":\"Espai Philae\",\"description\":\"Desenvolupament personal a trav\u00e9s de les arts esc\u00e8niques\",\"publisher\":{\"@id\":\"https:\\\/\\\/espaiphilae.com\\\/ca\\\/#organization\"},\"potentialAction\":[{\"@type\":\"SearchAction\",\"target\":{\"@type\":\"EntryPoint\",\"urlTemplate\":\"https:\\\/\\\/espaiphilae.com\\\/ca\\\/?s={search_term_string}\"},\"query-input\":{\"@type\":\"PropertyValueSpecification\",\"valueRequired\":true,\"valueName\":\"search_term_string\"}}],\"inLanguage\":\"ca\"},{\"@type\":\"Organization\",\"@id\":\"https:\\\/\\\/espaiphilae.com\\\/ca\\\/#organization\",\"name\":\"Espai Philae\",\"url\":\"https:\\\/\\\/espaiphilae.com\\\/ca\\\/\",\"logo\":{\"@type\":\"ImageObject\",\"inLanguage\":\"ca\",\"@id\":\"https:\\\/\\\/espaiphilae.com\\\/ca\\\/#\\\/schema\\\/logo\\\/image\\\/\",\"url\":\"https:\\\/\\\/espaiphilae.com\\\/wp-content\\\/uploads\\\/LOGO_CAST_-MeTODE.png\",\"contentUrl\":\"https:\\\/\\\/espaiphilae.com\\\/wp-content\\\/uploads\\\/LOGO_CAST_-MeTODE.png\",\"width\":159,\"height\":80,\"caption\":\"Espai Philae\"},\"image\":{\"@id\":\"https:\\\/\\\/espaiphilae.com\\\/ca\\\/#\\\/schema\\\/logo\\\/image\\\/\"},\"sameAs\":[\"https:\\\/\\\/www.facebook.com\\\/espaiphilae\\\/\",\"https:\\\/\\\/www.instagram.com\\\/espai_philae\\\/\",\"https:\\\/\\\/www.linkedin.com\\\/in\\\/teatro-y-consciencia-m\u00e9todo-sabat\u00e9-528b6613b\\\/\"]}]}<\/script>\n<!-- \/ Yoast SEO plugin. -->","yoast_head_json":{"title":"La veu de l'Anna - Espai Philae","robots":{"index":"index","follow":"follow","max-snippet":"max-snippet:-1","max-image-preview":"max-image-preview:large","max-video-preview":"max-video-preview:-1"},"canonical":"https:\/\/espaiphilae.com\/ca\/la-veu-de-lanna\/","og_locale":"ca_ES","og_type":"article","og_title":"La veu de l'Anna - Espai Philae","og_description":"La veu de l&#8217;Anna La Por a la Por Subscriu-te i accedeix ara a l&#8217;\u00e0udio complet, creat i narrat per l&#8217;Anna Sabat\u00e9. En aquest \u00e0udio, l&#8217;Anna comparteix una reflexi\u00f3 oberta i valenta sobre la por:el que ens limita, el que ens empeny, el que ens impedeix veure&#8217;ns\u2026 i el que, si ho abracem, pot convertir-se [&hellip;]","og_url":"https:\/\/espaiphilae.com\/ca\/la-veu-de-lanna\/","og_site_name":"Espai Philae","article_publisher":"https:\/\/www.facebook.com\/espaiphilae\/","article_modified_time":"2025-07-02T12:04:33+00:00","twitter_card":"summary_large_image","twitter_misc":{"Temps estimat de lectura":"1 minut"},"schema":{"@context":"https:\/\/schema.org","@graph":[{"@type":"WebPage","@id":"https:\/\/espaiphilae.com\/ca\/la-veu-de-lanna\/","url":"https:\/\/espaiphilae.com\/ca\/la-veu-de-lanna\/","name":"La veu de l'Anna - Espai Philae","isPartOf":{"@id":"https:\/\/espaiphilae.com\/ca\/#website"},"datePublished":"2025-06-26T07:17:03+00:00","dateModified":"2025-07-02T12:04:33+00:00","breadcrumb":{"@id":"https:\/\/espaiphilae.com\/ca\/la-veu-de-lanna\/#breadcrumb"},"inLanguage":"ca","potentialAction":[{"@type":"ReadAction","target":["https:\/\/espaiphilae.com\/ca\/la-veu-de-lanna\/"]}]},{"@type":"BreadcrumbList","@id":"https:\/\/espaiphilae.com\/ca\/la-veu-de-lanna\/#breadcrumb","itemListElement":[{"@type":"ListItem","position":1,"name":"Home","item":"https:\/\/espaiphilae.com\/ca\/"},{"@type":"ListItem","position":2,"name":"La veu de l&#8217;Anna"}]},{"@type":"WebSite","@id":"https:\/\/espaiphilae.com\/ca\/#website","url":"https:\/\/espaiphilae.com\/ca\/","name":"Espai Philae","description":"Desenvolupament personal a trav\u00e9s de les arts esc\u00e8niques","publisher":{"@id":"https:\/\/espaiphilae.com\/ca\/#organization"},"potentialAction":[{"@type":"SearchAction","target":{"@type":"EntryPoint","urlTemplate":"https:\/\/espaiphilae.com\/ca\/?s={search_term_string}"},"query-input":{"@type":"PropertyValueSpecification","valueRequired":true,"valueName":"search_term_string"}}],"inLanguage":"ca"},{"@type":"Organization","@id":"https:\/\/espaiphilae.com\/ca\/#organization","name":"Espai Philae","url":"https:\/\/espaiphilae.com\/ca\/","logo":{"@type":"ImageObject","inLanguage":"ca","@id":"https:\/\/espaiphilae.com\/ca\/#\/schema\/logo\/image\/","url":"https:\/\/espaiphilae.com\/wp-content\/uploads\/LOGO_CAST_-MeTODE.png","contentUrl":"https:\/\/espaiphilae.com\/wp-content\/uploads\/LOGO_CAST_-MeTODE.png","width":159,"height":80,"caption":"Espai Philae"},"image":{"@id":"https:\/\/espaiphilae.com\/ca\/#\/schema\/logo\/image\/"},"sameAs":["https:\/\/www.facebook.com\/espaiphilae\/","https:\/\/www.instagram.com\/espai_philae\/","https:\/\/www.linkedin.com\/in\/teatro-y-consciencia-m\u00e9todo-sabat\u00e9-528b6613b\/"]}]}},"_links":{"self":[{"href":"https:\/\/espaiphilae.com\/ca\/wp-json\/wp\/v2\/pages\/9194","targetHints":{"allow":["GET"]}}],"collection":[{"href":"https:\/\/espaiphilae.com\/ca\/wp-json\/wp\/v2\/pages"}],"about":[{"href":"https:\/\/espaiphilae.com\/ca\/wp-json\/wp\/v2\/types\/page"}],"author":[{"embeddable":true,"href":"https:\/\/espaiphilae.com\/ca\/wp-json\/wp\/v2\/users\/1"}],"replies":[{"embeddable":true,"href":"https:\/\/espaiphilae.com\/ca\/wp-json\/wp\/v2\/comments?post=9194"}],"version-history":[{"count":1,"href":"https:\/\/espaiphilae.com\/ca\/wp-json\/wp\/v2\/pages\/9194\/revisions"}],"predecessor-version":[{"id":9195,"href":"https:\/\/espaiphilae.com\/ca\/wp-json\/wp\/v2\/pages\/9194\/revisions\/9195"}],"wp:attachment":[{"href":"https:\/\/espaiphilae.com\/ca\/wp-json\/wp\/v2\/media?parent=9194"}],"curies":[{"name":"wp","href":"https:\/\/api.w.org\/{rel}","templated":true}]}}