{"id":8596,"date":"2025-07-18T11:28:20","date_gmt":"2025-07-18T11:28:20","guid":{"rendered":"https:\/\/espaiphilae.com\/contacte\/"},"modified":"2025-11-10T15:04:28","modified_gmt":"2025-11-10T15:04:28","slug":"contacte","status":"publish","type":"page","link":"https:\/\/espaiphilae.com\/ca\/contacte\/","title":{"rendered":"Contacte"},"content":{"rendered":"\t\t<div data-elementor-type=\"wp-page\" data-elementor-id=\"8596\" class=\"elementor elementor-8596 elementor-483\" data-elementor-post-type=\"page\">\n\t\t\t\t<div class=\"elementor-element elementor-element-06adef2 e-flex e-con-boxed e-con e-parent\" data-id=\"06adef2\" data-element_type=\"container\" data-e-type=\"container\">\n\t\t\t\t\t<div class=\"e-con-inner\">\n\t\t<div class=\"elementor-element elementor-element-f2369ca e-con-full e-flex e-con e-child\" data-id=\"f2369ca\" data-element_type=\"container\" data-e-type=\"container\">\n\t\t\t\t<div class=\"elementor-element elementor-element-38358f1 elementor-widget elementor-widget-heading\" data-id=\"38358f1\" data-element_type=\"widget\" data-e-type=\"widget\" data-widget_type=\"heading.default\">\n\t\t\t\t\t<h2 class=\"elementor-heading-title elementor-size-default\">Truca a la nostra porta<\/h2>\t\t\t\t<\/div>\n\t\t\t\t<div class=\"elementor-element elementor-element-d3d9423 elementor-widget elementor-widget-text-editor\" data-id=\"d3d9423\" data-element_type=\"widget\" data-e-type=\"widget\" data-widget_type=\"text-editor.default\">\n\t\t\t\t\t\t\t\t\t<p>Al nostre temple vivim de la trobada, dels passos que s&#8217;apropen, de les veus que busquen ressonar.<br>Si alguna cosa dins teu s&#8217;ha mogut en llegir-nos i sents l&#8217;impuls de saber-ne m\u00e9s, de compartir-nos la teva inquietud o el teu desig de formar-ne part, aquesta \u00e9s la nostra invitaci\u00f3.<br>Aqu\u00ed escoltem amb l&#8217;\u00e0nima oberta.<br>Escriu-nos. Truca&#8217;ns. Apropa&#8217;t.<br>Les portes estan obertes.<\/p>\t\t\t\t\t\t\t\t<\/div>\n\t\t\t\t<\/div>\n\t\t<div class=\"elementor-element elementor-element-5992429 e-con-full e-flex e-con e-child\" data-id=\"5992429\" data-element_type=\"container\" data-e-type=\"container\">\n\t\t\t\t<div class=\"elementor-element elementor-element-8e13f8b elementor-widget elementor-widget-image\" data-id=\"8e13f8b\" data-element_type=\"widget\" data-e-type=\"widget\" data-widget_type=\"image.default\">\n\t\t\t\t\t\t\t\t\t\t\t\t\t\t\t<img fetchpriority=\"high\" decoding=\"async\" width=\"591\" height=\"570\" src=\"https:\/\/espaiphilae.com\/wp-content\/uploads\/2025\/08\/hall-1.webp\" class=\"attachment-large size-large wp-image-8597\" alt=\"\" srcset=\"https:\/\/espaiphilae.com\/wp-content\/uploads\/2025\/08\/hall-1.webp 591w, https:\/\/espaiphilae.com\/wp-content\/uploads\/2025\/08\/hall-1-300x289.webp 300w\" sizes=\"(max-width: 591px) 100vw, 591px\" \/>\t\t\t\t\t\t\t\t\t\t\t\t\t\t\t<\/div>\n\t\t\t\t<\/div>\n\t\t\t\t\t<\/div>\n\t\t\t\t<\/div>\n\t\t<div class=\"elementor-element elementor-element-71d2a68 e-flex e-con-boxed e-con e-parent\" data-id=\"71d2a68\" data-element_type=\"container\" data-e-type=\"container\">\n\t\t\t\t\t<div class=\"e-con-inner\">\n\t\t<div class=\"elementor-element elementor-element-9580366 e-con-full e-flex e-con e-child\" data-id=\"9580366\" data-element_type=\"container\" data-e-type=\"container\">\n\t\t\t\t<div class=\"elementor-element elementor-element-0a0f9c4 elementor-widget elementor-widget-heading\" data-id=\"0a0f9c4\" data-element_type=\"widget\" data-e-type=\"widget\" data-widget_type=\"heading.default\">\n\t\t\t\t\t<h2 class=\"elementor-heading-title elementor-size-default\">Dades de contacte<\/h2>\t\t\t\t<\/div>\n\t\t\t\t<div class=\"elementor-element elementor-element-6cbe804 elementor-widget elementor-widget-text-editor\" data-id=\"6cbe804\" data-element_type=\"widget\" data-e-type=\"widget\" data-widget_type=\"text-editor.default\">\n\t\t\t\t\t\t\t\t\t<p>Adre\u00e7a: C\/ Saragossa, 116. 08006, Barcelona.<br>Tel\u00e8fon &amp; WhatsApp: +34 645 645 270<br>Email: hola@espaiphilae.com<\/p>\t\t\t\t\t\t\t\t<\/div>\n\t\t\t\t<div class=\"elementor-element elementor-element-883cb38 elementor-widget elementor-widget-google_maps\" data-id=\"883cb38\" data-element_type=\"widget\" data-e-type=\"widget\" data-widget_type=\"google_maps.default\">\n\t\t\t\t\t\t\t<div class=\"elementor-custom-embed\">\n\t\t\t<iframe loading=\"lazy\"\n\t\t\t\t\tsrc=\"https:\/\/maps.google.com\/maps?q=C%2F%20Zaragoza%2C%20116.%2008006%2C%20Barcelona.&#038;t=m&#038;z=17&#038;output=embed&#038;iwloc=near\"\n\t\t\t\t\ttitle=\"C\/ Zaragoza, 116. 08006, Barcelona.\"\n\t\t\t\t\taria-label=\"C\/ Zaragoza, 116. 08006, Barcelona.\"\n\t\t\t><\/iframe>\n\t\t<\/div>\n\t\t\t\t\t\t<\/div>\n\t\t\t\t<\/div>\n\t\t<div class=\"elementor-element elementor-element-dd2926d e-con-full e-flex e-con e-child\" data-id=\"dd2926d\" data-element_type=\"container\" data-e-type=\"container\">\n\t\t\t\t<div class=\"elementor-element elementor-element-2616565 elementor-widget elementor-widget-heading\" data-id=\"2616565\" data-element_type=\"widget\" data-e-type=\"widget\" data-widget_type=\"heading.default\">\n\t\t\t\t\t<h2 class=\"elementor-heading-title elementor-size-default\">Formulari de contacte<\/h2>\t\t\t\t<\/div>\n\t\t\t\t<div class=\"elementor-element elementor-element-c9b8ab9 elementor-button-align-start elementor-widget elementor-widget-form\" data-id=\"c9b8ab9\" data-element_type=\"widget\" data-e-type=\"widget\" data-settings=\"{&quot;step_next_label&quot;:&quot;Seg\\u00fcent&quot;,&quot;step_previous_label&quot;:&quot;Anterior&quot;,&quot;button_width&quot;:&quot;100&quot;,&quot;step_type&quot;:&quot;number_text&quot;,&quot;step_icon_shape&quot;:&quot;circle&quot;}\" data-widget_type=\"form.default\">\n\t\t\t\t\t\t\t<form class=\"elementor-form\" method=\"post\" name=\"Forma de contacte\" aria-label=\"Forma de contacte\">\n\t\t\t<input type=\"hidden\" name=\"post_id\" value=\"8596\"\/>\n\t\t\t<input type=\"hidden\" name=\"form_id\" value=\"c9b8ab9\"\/>\n\t\t\t<input type=\"hidden\" name=\"referer_title\" value=\"Contacte - Espai Philae\" \/>\n\n\t\t\t\t\t\t\t<input type=\"hidden\" name=\"queried_id\" value=\"8596\"\/>\n\t\t\t\n\t\t\t<div class=\"elementor-form-fields-wrapper elementor-labels-above\">\n\t\t\t\t\t\t\t\t<div class=\"elementor-field-type-text elementor-field-group elementor-column elementor-field-group-name elementor-col-50 elementor-field-required\">\n\t\t\t\t\t\t\t\t\t\t\t\t<label for=\"form-field-name\" class=\"elementor-field-label\">\n\t\t\t\t\t\t\t\tNom\t\t\t\t\t\t\t<\/label>\n\t\t\t\t\t\t\t\t\t\t\t\t\t\t<input size=\"1\" type=\"text\" name=\"form_fields[name]\" id=\"form-field-name\" class=\"elementor-field elementor-size-md  elementor-field-textual\" required=\"required\">\n\t\t\t\t\t\t\t\t\t\t\t<\/div>\n\t\t\t\t\t\t\t\t<div class=\"elementor-field-type-text elementor-field-group elementor-column elementor-field-group-email elementor-col-50 elementor-field-required\">\n\t\t\t\t\t\t\t\t\t\t\t\t<label for=\"form-field-email\" class=\"elementor-field-label\">\n\t\t\t\t\t\t\t\tCognoms\t\t\t\t\t\t\t<\/label>\n\t\t\t\t\t\t\t\t\t\t\t\t\t\t<input size=\"1\" type=\"text\" name=\"form_fields[email]\" id=\"form-field-email\" class=\"elementor-field elementor-size-md  elementor-field-textual\" required=\"required\">\n\t\t\t\t\t\t\t\t\t\t\t<\/div>\n\t\t\t\t\t\t\t\t<div class=\"elementor-field-type-number elementor-field-group elementor-column elementor-field-group-message elementor-col-100 elementor-field-required\">\n\t\t\t\t\t\t\t\t\t\t\t\t<label for=\"form-field-message\" class=\"elementor-field-label\">\n\t\t\t\t\t\t\t\tTel\u00e8fon\t\t\t\t\t\t\t<\/label>\n\t\t\t\t\t\t\t\t\t<input type=\"number\" name=\"form_fields[message]\" id=\"form-field-message\" class=\"elementor-field elementor-size-md  elementor-field-textual\" required=\"required\" min=\"\" max=\"\" >\n\t\t\t\t\t\t<\/div>\n\t\t\t\t\t\t\t\t<div class=\"elementor-field-type-email elementor-field-group elementor-column elementor-field-group-field_7be61c7 elementor-col-100 elementor-field-required\">\n\t\t\t\t\t\t\t\t\t\t\t\t<label for=\"form-field-field_7be61c7\" class=\"elementor-field-label\">\n\t\t\t\t\t\t\t\tEmail\t\t\t\t\t\t\t<\/label>\n\t\t\t\t\t\t\t\t\t\t\t\t\t\t<input size=\"1\" type=\"email\" name=\"form_fields[field_7be61c7]\" id=\"form-field-field_7be61c7\" class=\"elementor-field elementor-size-md  elementor-field-textual\" required=\"required\">\n\t\t\t\t\t\t\t\t\t\t\t<\/div>\n\t\t\t\t\t\t\t\t<div class=\"elementor-field-type-textarea elementor-field-group elementor-column elementor-field-group-field_045ce58 elementor-col-100 elementor-field-required\">\n\t\t\t\t\t\t\t\t\t\t\t\t<label for=\"form-field-field_045ce58\" class=\"elementor-field-label\">\n\t\t\t\t\t\t\t\tMissatge\t\t\t\t\t\t\t<\/label>\n\t\t\t\t\t\t<textarea class=\"elementor-field-textual elementor-field  elementor-size-md\" name=\"form_fields[field_045ce58]\" id=\"form-field-field_045ce58\" rows=\"6\" required=\"required\"><\/textarea>\t\t\t\t<\/div>\n\t\t\t\t\t\t\t\t<div class=\"elementor-field-type-acceptance elementor-field-group elementor-column elementor-field-group-field_bc9b5cf elementor-col-100 elementor-field-required\">\n\t\t\t\t\t\t\t<div class=\"elementor-field-subgroup\">\n\t\t\t<span class=\"elementor-field-option\">\n\t\t\t\t<input type=\"checkbox\" name=\"form_fields[field_bc9b5cf]\" id=\"form-field-field_bc9b5cf\" class=\"elementor-field elementor-size-md  elementor-acceptance-field\" required=\"required\">\n\t\t\t\t<label for=\"form-field-field_bc9b5cf\">He llegit i accepto la Pol\u00edtica de Privacitat<\/label>\t\t\t<\/span>\n\t\t<\/div>\n\t\t\t\t\t\t<\/div>\n\t\t\t\t\t\t\t\t<div class=\"elementor-field-type-recaptcha elementor-field-group elementor-column elementor-field-group-field_c373438 elementor-col-100\">\n\t\t\t\t\t<div class=\"elementor-field\" id=\"form-field-field_c373438\"><div class=\"elementor-g-recaptcha\" data-sitekey=\"6LcU96spAAAAAPHh-4W_gELM1SiayGzY5Wra69TV\" data-type=\"v2_checkbox\" data-theme=\"light\" data-size=\"normal\"><\/div><\/div>\t\t\t\t<\/div>\n\t\t\t\t\t\t\t\t<div class=\"elementor-field-group elementor-column elementor-field-type-submit elementor-col-100 e-form__buttons\">\n\t\t\t\t\t<button class=\"elementor-button elementor-size-sm\" type=\"submit\">\n\t\t\t\t\t\t<span class=\"elementor-button-content-wrapper\">\n\t\t\t\t\t\t\t\t\t\t\t\t\t\t\t\t\t\t\t\t\t\t<span class=\"elementor-button-text\">enviar<\/span>\n\t\t\t\t\t\t\t\t\t\t\t\t\t<\/span>\n\t\t\t\t\t<\/button>\n\t\t\t\t<\/div>\n\t\t\t<\/div>\n\t\t<\/form>\n\t\t\t\t\t\t<\/div>\n\t\t\t\t<div class=\"elementor-element elementor-element-b15655c elementor-widget elementor-widget-text-editor\" data-id=\"b15655c\" data-element_type=\"widget\" data-e-type=\"widget\" data-widget_type=\"text-editor.default\">\n\t\t\t\t\t\t\t\t\t<p>El responsable del tractament \u00e9s ESPAI PHILAE ARTES ESC\u00c9NICAS SLU. La finalitat de la recollida de les teves dades \u00e9s per poder atendre les teves sol\u00b7licituds d&#8217;informaci\u00f3, sense cedir les teves dades a tercers. Tens dret a saber quina informaci\u00f3 tenim sobre tu, corregir-la o eliminar-la tal com s&#8217;explica a la Pol\u00edtica de Privacitat.<\/p>\t\t\t\t\t\t\t\t<\/div>\n\t\t\t\t<\/div>\n\t\t\t\t\t<\/div>\n\t\t\t\t<\/div>\n\t\t\t\t<\/div>\n\t\t","protected":false},"excerpt":{"rendered":"<p>Truca a la nostra porta Al nostre temple vivim de la trobada, dels passos que s&#8217;apropen, de les veus que busquen ressonar.Si alguna cosa dins teu s&#8217;ha mogut en llegir-nos i sents l&#8217;impuls de saber-ne m\u00e9s, de compartir-nos la teva inquietud o el teu desig de formar-ne part, aquesta \u00e9s la nostra invitaci\u00f3.Aqu\u00ed escoltem amb [&hellip;]<\/p>\n","protected":false},"author":4,"featured_media":0,"parent":0,"menu_order":0,"comment_status":"closed","ping_status":"closed","template":"","meta":{"_acf_changed":false,"footnotes":""},"class_list":["post-8596","page","type-page","status-publish","hentry"],"acf":[],"yoast_head":"<!-- This site is optimized with the Yoast SEO plugin v27.4 - https:\/\/yoast.com\/product\/yoast-seo-wordpress\/ -->\n<title>Contacte - Espai Philae<\/title>\n<meta name=\"robots\" content=\"index, follow, max-snippet:-1, max-image-preview:large, max-video-preview:-1\" \/>\n<link rel=\"canonical\" href=\"https:\/\/espaiphilae.com\/ca\/contacte\/\" \/>\n<meta property=\"og:locale\" content=\"ca_ES\" \/>\n<meta property=\"og:type\" content=\"article\" \/>\n<meta property=\"og:title\" content=\"Contacte - Espai Philae\" \/>\n<meta property=\"og:description\" content=\"Truca a la nostra porta Al nostre temple vivim de la trobada, dels passos que s&#8217;apropen, de les veus que busquen ressonar.Si alguna cosa dins teu s&#8217;ha mogut en llegir-nos i sents l&#8217;impuls de saber-ne m\u00e9s, de compartir-nos la teva inquietud o el teu desig de formar-ne part, aquesta \u00e9s la nostra invitaci\u00f3.Aqu\u00ed escoltem amb [&hellip;]\" \/>\n<meta property=\"og:url\" content=\"https:\/\/espaiphilae.com\/ca\/contacte\/\" \/>\n<meta property=\"og:site_name\" content=\"Espai Philae\" \/>\n<meta property=\"article:modified_time\" content=\"2025-11-10T15:04:28+00:00\" \/>\n<meta property=\"og:image\" content=\"https:\/\/espaiphilae.com\/wp-content\/uploads\/2025\/08\/hall-1.webp\" \/>\n<meta name=\"twitter:card\" content=\"summary_large_image\" \/>\n<meta name=\"twitter:label1\" content=\"Temps estimat de lectura\" \/>\n\t<meta name=\"twitter:data1\" content=\"1 minut\" \/>\n<script type=\"application\/ld+json\" class=\"yoast-schema-graph\">{\"@context\":\"https:\\\/\\\/schema.org\",\"@graph\":[{\"@type\":\"WebPage\",\"@id\":\"https:\\\/\\\/espaiphilae.com\\\/ca\\\/contacte\\\/\",\"url\":\"https:\\\/\\\/espaiphilae.com\\\/ca\\\/contacte\\\/\",\"name\":\"Contacte - Espai Philae\",\"isPartOf\":{\"@id\":\"https:\\\/\\\/espaiphilae.com\\\/ca\\\/#website\"},\"primaryImageOfPage\":{\"@id\":\"https:\\\/\\\/espaiphilae.com\\\/ca\\\/contacte\\\/#primaryimage\"},\"image\":{\"@id\":\"https:\\\/\\\/espaiphilae.com\\\/ca\\\/contacte\\\/#primaryimage\"},\"thumbnailUrl\":\"https:\\\/\\\/espaiphilae.com\\\/wp-content\\\/uploads\\\/2025\\\/08\\\/hall-1.webp\",\"datePublished\":\"2025-07-18T11:28:20+00:00\",\"dateModified\":\"2025-11-10T15:04:28+00:00\",\"breadcrumb\":{\"@id\":\"https:\\\/\\\/espaiphilae.com\\\/ca\\\/contacte\\\/#breadcrumb\"},\"inLanguage\":\"ca\",\"potentialAction\":[{\"@type\":\"ReadAction\",\"target\":[\"https:\\\/\\\/espaiphilae.com\\\/ca\\\/contacte\\\/\"]}]},{\"@type\":\"ImageObject\",\"inLanguage\":\"ca\",\"@id\":\"https:\\\/\\\/espaiphilae.com\\\/ca\\\/contacte\\\/#primaryimage\",\"url\":\"https:\\\/\\\/espaiphilae.com\\\/wp-content\\\/uploads\\\/2025\\\/08\\\/hall-1.webp\",\"contentUrl\":\"https:\\\/\\\/espaiphilae.com\\\/wp-content\\\/uploads\\\/2025\\\/08\\\/hall-1.webp\"},{\"@type\":\"BreadcrumbList\",\"@id\":\"https:\\\/\\\/espaiphilae.com\\\/ca\\\/contacte\\\/#breadcrumb\",\"itemListElement\":[{\"@type\":\"ListItem\",\"position\":1,\"name\":\"Portada\",\"item\":\"https:\\\/\\\/espaiphilae.com\\\/ca\\\/\"},{\"@type\":\"ListItem\",\"position\":2,\"name\":\"Contacte\"}]},{\"@type\":\"WebSite\",\"@id\":\"https:\\\/\\\/espaiphilae.com\\\/ca\\\/#website\",\"url\":\"https:\\\/\\\/espaiphilae.com\\\/ca\\\/\",\"name\":\"Espai Philae\",\"description\":\"Desarrollo personal a trav\u00e9s de las artes esc\u00e9nicas\",\"publisher\":{\"@id\":\"https:\\\/\\\/espaiphilae.com\\\/ca\\\/#organization\"},\"potentialAction\":[{\"@type\":\"SearchAction\",\"target\":{\"@type\":\"EntryPoint\",\"urlTemplate\":\"https:\\\/\\\/espaiphilae.com\\\/ca\\\/?s={search_term_string}\"},\"query-input\":{\"@type\":\"PropertyValueSpecification\",\"valueRequired\":true,\"valueName\":\"search_term_string\"}}],\"inLanguage\":\"ca\"},{\"@type\":\"Organization\",\"@id\":\"https:\\\/\\\/espaiphilae.com\\\/ca\\\/#organization\",\"name\":\"Espai Philae\",\"url\":\"https:\\\/\\\/espaiphilae.com\\\/ca\\\/\",\"logo\":{\"@type\":\"ImageObject\",\"inLanguage\":\"ca\",\"@id\":\"https:\\\/\\\/espaiphilae.com\\\/ca\\\/#\\\/schema\\\/logo\\\/image\\\/\",\"url\":\"https:\\\/\\\/espaiphilae.com\\\/wp-content\\\/uploads\\\/2025\\\/07\\\/COLOR.png\",\"contentUrl\":\"https:\\\/\\\/espaiphilae.com\\\/wp-content\\\/uploads\\\/2025\\\/07\\\/COLOR.png\",\"width\":1295,\"height\":377,\"caption\":\"Espai Philae\"},\"image\":{\"@id\":\"https:\\\/\\\/espaiphilae.com\\\/ca\\\/#\\\/schema\\\/logo\\\/image\\\/\"}}]}<\/script>\n<!-- \/ Yoast SEO plugin. -->","yoast_head_json":{"title":"Contacte - Espai Philae","robots":{"index":"index","follow":"follow","max-snippet":"max-snippet:-1","max-image-preview":"max-image-preview:large","max-video-preview":"max-video-preview:-1"},"canonical":"https:\/\/espaiphilae.com\/ca\/contacte\/","og_locale":"ca_ES","og_type":"article","og_title":"Contacte - Espai Philae","og_description":"Truca a la nostra porta Al nostre temple vivim de la trobada, dels passos que s&#8217;apropen, de les veus que busquen ressonar.Si alguna cosa dins teu s&#8217;ha mogut en llegir-nos i sents l&#8217;impuls de saber-ne m\u00e9s, de compartir-nos la teva inquietud o el teu desig de formar-ne part, aquesta \u00e9s la nostra invitaci\u00f3.Aqu\u00ed escoltem amb [&hellip;]","og_url":"https:\/\/espaiphilae.com\/ca\/contacte\/","og_site_name":"Espai Philae","article_modified_time":"2025-11-10T15:04:28+00:00","og_image":[{"url":"https:\/\/espaiphilae.com\/wp-content\/uploads\/2025\/08\/hall-1.webp","type":"","width":"","height":""}],"twitter_card":"summary_large_image","twitter_misc":{"Temps estimat de lectura":"1 minut"},"schema":{"@context":"https:\/\/schema.org","@graph":[{"@type":"WebPage","@id":"https:\/\/espaiphilae.com\/ca\/contacte\/","url":"https:\/\/espaiphilae.com\/ca\/contacte\/","name":"Contacte - Espai Philae","isPartOf":{"@id":"https:\/\/espaiphilae.com\/ca\/#website"},"primaryImageOfPage":{"@id":"https:\/\/espaiphilae.com\/ca\/contacte\/#primaryimage"},"image":{"@id":"https:\/\/espaiphilae.com\/ca\/contacte\/#primaryimage"},"thumbnailUrl":"https:\/\/espaiphilae.com\/wp-content\/uploads\/2025\/08\/hall-1.webp","datePublished":"2025-07-18T11:28:20+00:00","dateModified":"2025-11-10T15:04:28+00:00","breadcrumb":{"@id":"https:\/\/espaiphilae.com\/ca\/contacte\/#breadcrumb"},"inLanguage":"ca","potentialAction":[{"@type":"ReadAction","target":["https:\/\/espaiphilae.com\/ca\/contacte\/"]}]},{"@type":"ImageObject","inLanguage":"ca","@id":"https:\/\/espaiphilae.com\/ca\/contacte\/#primaryimage","url":"https:\/\/espaiphilae.com\/wp-content\/uploads\/2025\/08\/hall-1.webp","contentUrl":"https:\/\/espaiphilae.com\/wp-content\/uploads\/2025\/08\/hall-1.webp"},{"@type":"BreadcrumbList","@id":"https:\/\/espaiphilae.com\/ca\/contacte\/#breadcrumb","itemListElement":[{"@type":"ListItem","position":1,"name":"Portada","item":"https:\/\/espaiphilae.com\/ca\/"},{"@type":"ListItem","position":2,"name":"Contacte"}]},{"@type":"WebSite","@id":"https:\/\/espaiphilae.com\/ca\/#website","url":"https:\/\/espaiphilae.com\/ca\/","name":"Espai Philae","description":"Desarrollo personal a trav\u00e9s de las artes esc\u00e9nicas","publisher":{"@id":"https:\/\/espaiphilae.com\/ca\/#organization"},"potentialAction":[{"@type":"SearchAction","target":{"@type":"EntryPoint","urlTemplate":"https:\/\/espaiphilae.com\/ca\/?s={search_term_string}"},"query-input":{"@type":"PropertyValueSpecification","valueRequired":true,"valueName":"search_term_string"}}],"inLanguage":"ca"},{"@type":"Organization","@id":"https:\/\/espaiphilae.com\/ca\/#organization","name":"Espai Philae","url":"https:\/\/espaiphilae.com\/ca\/","logo":{"@type":"ImageObject","inLanguage":"ca","@id":"https:\/\/espaiphilae.com\/ca\/#\/schema\/logo\/image\/","url":"https:\/\/espaiphilae.com\/wp-content\/uploads\/2025\/07\/COLOR.png","contentUrl":"https:\/\/espaiphilae.com\/wp-content\/uploads\/2025\/07\/COLOR.png","width":1295,"height":377,"caption":"Espai Philae"},"image":{"@id":"https:\/\/espaiphilae.com\/ca\/#\/schema\/logo\/image\/"}}]}},"_links":{"self":[{"href":"https:\/\/espaiphilae.com\/ca\/wp-json\/wp\/v2\/pages\/8596","targetHints":{"allow":["GET"]}}],"collection":[{"href":"https:\/\/espaiphilae.com\/ca\/wp-json\/wp\/v2\/pages"}],"about":[{"href":"https:\/\/espaiphilae.com\/ca\/wp-json\/wp\/v2\/types\/page"}],"author":[{"embeddable":true,"href":"https:\/\/espaiphilae.com\/ca\/wp-json\/wp\/v2\/users\/4"}],"replies":[{"embeddable":true,"href":"https:\/\/espaiphilae.com\/ca\/wp-json\/wp\/v2\/comments?post=8596"}],"version-history":[{"count":0,"href":"https:\/\/espaiphilae.com\/ca\/wp-json\/wp\/v2\/pages\/8596\/revisions"}],"wp:attachment":[{"href":"https:\/\/espaiphilae.com\/ca\/wp-json\/wp\/v2\/media?parent=8596"}],"curies":[{"name":"wp","href":"https:\/\/api.w.org\/{rel}","templated":true}]}}