

{"id":7742,"date":"2024-05-22T17:52:06","date_gmt":"2024-05-22T15:52:06","guid":{"rendered":"https:\/\/espaiphilae.com\/la-tribu-disis\/"},"modified":"2024-08-01T14:21:11","modified_gmt":"2024-08-01T12:21:11","slug":"la-tribu-disis","status":"publish","type":"page","link":"https:\/\/espaiphilae.com\/ca\/la-tribu-disis\/","title":{"rendered":"La Tribu d&#8217;ISIS"},"content":{"rendered":"\n\t<div class=\"row\">\n\t\t<div class='col-md-6'><div class=\"actividad clearfix actividad-futura\">\n        <div class=\"caja-img-act\">\n        <a href=\"https:\/\/espaiphilae.com\/tribu-isis\/el-ritual-de-isis\/\">\n         <img fetchpriority=\"high\" decoding=\"async\" width=\"2560\" height=\"1920\" src=\"https:\/\/espaiphilae.com\/wp-content\/uploads\/stephane-juban-DI8Bf6K1134-unsplash-scaled.jpg\" class=\"img-fluid wp-post-image\" alt=\"\" srcset=\"https:\/\/espaiphilae.com\/wp-content\/uploads\/stephane-juban-DI8Bf6K1134-unsplash-scaled.jpg 2560w, https:\/\/espaiphilae.com\/wp-content\/uploads\/stephane-juban-DI8Bf6K1134-unsplash-700x525.jpg 700w, https:\/\/espaiphilae.com\/wp-content\/uploads\/stephane-juban-DI8Bf6K1134-unsplash-1365x1024.jpg 1365w, https:\/\/espaiphilae.com\/wp-content\/uploads\/stephane-juban-DI8Bf6K1134-unsplash-768x576.jpg 768w, https:\/\/espaiphilae.com\/wp-content\/uploads\/stephane-juban-DI8Bf6K1134-unsplash-1536x1152.jpg 1536w, https:\/\/espaiphilae.com\/wp-content\/uploads\/stephane-juban-DI8Bf6K1134-unsplash-2048x1536.jpg 2048w, https:\/\/espaiphilae.com\/wp-content\/uploads\/stephane-juban-DI8Bf6K1134-unsplash-600x450.jpg 600w\" sizes=\"(max-width: 2560px) 100vw, 2560px\" \/>        <\/a>\n        <\/div>\n        <div class=\"fecha\">\n                    <div class=\"dia_mes\">\n                <span class=\"dia\">21<\/span>\n                <span class=\"mes\">des.<\/span>\n                <\/div>\n            <div class=\"ano\">2025<\/div>\n        <\/div>\n        \n            <h2 class=\"title-actividad\">El ritual de Isis<\/h2>\n            <div class=\"sigle-content\">\n      \t\n\n\n\n\nCon Anna Sabat\u00e9\n\n\n\nFecha: Domingo 21 de DiciembreHora: 18h a 20h\n\n\n\nLa Mujer ISIS convierte el dolor en sabidur\u00eda y la p\u00e9rdida en trascendencia.\n\n\n\nVamos a cerrar este 2025 con un ritual de purificaci\u00f3n a trav\u00e9s de los 3 dones de la Diosa ISIS:\n\n\n\nINTUICI\u00d3N ORACULAR: Encontrar cada parte de mi que qued\u00f3 perdida o abandonada en mi viaje de vida [+]     \n            <\/div>  \n        <a href=\"https:\/\/espaiphilae.com\/tribu-isis\/el-ritual-de-isis\/\" class=\"btn btn-informas\">\n            Veure m\u00e9s        <\/a>\n\n<\/div><\/div><div class='col-md-6'><div class=\"actividad clearfix actividad-futura\">\n        <div class=\"caja-img-act\">\n        <a href=\"https:\/\/espaiphilae.com\/ca\/tribu-isis\/cercle-de-lectura-philae\/\">\n         <img decoding=\"async\" width=\"552\" height=\"488\" src=\"https:\/\/espaiphilae.com\/wp-content\/uploads\/comunbatec2.jpg\" class=\"img-fluid wp-post-image\" alt=\"\" \/>        <\/a>\n        <\/div>\n        <div class=\"fecha\">\n                    <div class=\"dia_mes\">\n                <span class=\"dia\">11<\/span>\n                <span class=\"mes\">gen.<\/span>\n                <\/div>\n            <div class=\"ano\">2026<\/div>\n        <\/div>\n        \n            <h2 class=\"title-actividad\">Cercle de Lectura Philae<\/h2>\n            <div class=\"sigle-content\">\n      \t\nEl plaer de llegir i compartir\n\nAmb Tina Angrill\n\nData: Diumenge 11 de generHora:\u00a018h\u00a0a 19:30h\n\nEn el Cercle de Lectura\u00a0Philae\u00a0ens reunim trimestralment per a llegir i compartir impressions sobre una obra liter\u00e0ria, en companyia de l&#8217;autor o autora del llibre i en un col\u00b7loqui moderat per Tina\u00a0Angrill [+]     \n            <\/div>  \n        <a href=\"https:\/\/espaiphilae.com\/ca\/tribu-isis\/cercle-de-lectura-philae\/\" class=\"btn btn-informas\">\n            Veure m\u00e9s        <\/a>\n\n<\/div><\/div><div class='col-md-6'><div class=\"actividad clearfix actividad-futura\">\n        <div class=\"caja-img-act\">\n        <a href=\"https:\/\/espaiphilae.com\/ca\/tribu-isis\/benvinguda-des-de-lesser\/\">\n         <img decoding=\"async\" width=\"2216\" height=\"1662\" src=\"https:\/\/espaiphilae.com\/wp-content\/uploads\/india.jpg\" class=\"img-fluid wp-post-image\" alt=\"\" srcset=\"https:\/\/espaiphilae.com\/wp-content\/uploads\/india.jpg 2216w, https:\/\/espaiphilae.com\/wp-content\/uploads\/india-700x525.jpg 700w, https:\/\/espaiphilae.com\/wp-content\/uploads\/india-1365x1024.jpg 1365w, https:\/\/espaiphilae.com\/wp-content\/uploads\/india-768x576.jpg 768w, https:\/\/espaiphilae.com\/wp-content\/uploads\/india-1536x1152.jpg 1536w, https:\/\/espaiphilae.com\/wp-content\/uploads\/india-2048x1536.jpg 2048w, https:\/\/espaiphilae.com\/wp-content\/uploads\/india-600x450.jpg 600w\" sizes=\"(max-width: 2216px) 100vw, 2216px\" \/>        <\/a>\n        <\/div>\n        <div class=\"fecha\">\n                    <div class=\"dia_mes\">\n                <span class=\"dia\">18<\/span>\n                <span class=\"mes\">gen.<\/span>\n                <\/div>\n            <div class=\"ano\">2026<\/div>\n        <\/div>\n        \n            <h2 class=\"title-actividad\">Benvinguda des de l&#8217;\u00c8sser<\/h2>\n            <div class=\"sigle-content\">\n      \t\n\n\nAmb\u00a0Rosanna\u00a0Blasi\n\nData: Diumenge 18 de GenerHora: 19h a 21h\n\nObrim l&#8217;any 2026 amb un ritual de benvinguda, un espai per a trobar-nos tal com estem: f\u00edsica, emocional i mentalment.\n\nExplorarem l&#8217;energia dels inicis, amb curiositat i lliurament [+]     \n            <\/div>  \n        <a href=\"https:\/\/espaiphilae.com\/ca\/tribu-isis\/benvinguda-des-de-lesser\/\" class=\"btn btn-informas\">\n            Veure m\u00e9s        <\/a>\n\n<\/div><\/div><div class='col-md-6'><div class=\"actividad clearfix actividad-futura\">\n        <div class=\"caja-img-act\">\n        <a href=\"https:\/\/espaiphilae.com\/ca\/tribu-isis\/cercle-homes-dones\/\">\n         <img loading=\"lazy\" decoding=\"async\" width=\"2560\" height=\"2142\" src=\"https:\/\/espaiphilae.com\/wp-content\/uploads\/aerial-view-diverse-business-people-holding-hands-togeher-teamwork-scaled.jpg\" class=\"img-fluid wp-post-image\" alt=\"\" srcset=\"https:\/\/espaiphilae.com\/wp-content\/uploads\/aerial-view-diverse-business-people-holding-hands-togeher-teamwork-scaled.jpg 2560w, https:\/\/espaiphilae.com\/wp-content\/uploads\/aerial-view-diverse-business-people-holding-hands-togeher-teamwork-700x586.jpg 700w, https:\/\/espaiphilae.com\/wp-content\/uploads\/aerial-view-diverse-business-people-holding-hands-togeher-teamwork-1224x1024.jpg 1224w, https:\/\/espaiphilae.com\/wp-content\/uploads\/aerial-view-diverse-business-people-holding-hands-togeher-teamwork-768x642.jpg 768w, https:\/\/espaiphilae.com\/wp-content\/uploads\/aerial-view-diverse-business-people-holding-hands-togeher-teamwork-1536x1285.jpg 1536w, https:\/\/espaiphilae.com\/wp-content\/uploads\/aerial-view-diverse-business-people-holding-hands-togeher-teamwork-2048x1713.jpg 2048w, https:\/\/espaiphilae.com\/wp-content\/uploads\/aerial-view-diverse-business-people-holding-hands-togeher-teamwork-600x502.jpg 600w\" sizes=\"(max-width: 2560px) 100vw, 2560px\" \/>        <\/a>\n        <\/div>\n        <div class=\"fecha\">\n                    <div class=\"dia_mes\">\n                <span class=\"dia\">13<\/span>\n                <span class=\"mes\">febr.<\/span>\n                <\/div>\n            <div class=\"ano\">2026<\/div>\n        <\/div>\n        \n            <h2 class=\"title-actividad\">Cercle d&#8217;Homes i Dones<\/h2>\n            <div class=\"sigle-content\">\n      \t\n\n\nAmb Mart\u00ed Abril i N\u00faria Sord\u00e9\n\nData: Divendres 13 de FebrerHora: 19:00 h a 21:30 h\n\nAquesta trobada no t\u00e9 un altre objectiu que asseure&#8217;ns en cercle per a crear un espai segur i guaridor en el qual puguem dirigir-nos cap a una forma m\u00e9s harm\u00f2nica de relacionar-nos, amb la finalitat de sanar la relaci\u00f3 entre el femen\u00ed i el mascul\u00ed [+]     \n            <\/div>  \n        <a href=\"https:\/\/espaiphilae.com\/ca\/tribu-isis\/cercle-homes-dones\/\" class=\"btn btn-informas\">\n            Veure m\u00e9s        <\/a>\n\n<\/div><\/div><div class='col-md-6'><div class=\"actividad clearfix actividad-futura\">\n        <div class=\"caja-img-act\">\n        <a href=\"https:\/\/espaiphilae.com\/ca\/tribu-isis\/ment-sana-in-corpore-sano\/\">\n         <img loading=\"lazy\" decoding=\"async\" width=\"1078\" height=\"1080\" src=\"https:\/\/espaiphilae.com\/wp-content\/uploads\/PHOTO-2026-02-20-17-41-21.jpg\" class=\"img-fluid wp-post-image\" alt=\"\" srcset=\"https:\/\/espaiphilae.com\/wp-content\/uploads\/PHOTO-2026-02-20-17-41-21.jpg 1078w, https:\/\/espaiphilae.com\/wp-content\/uploads\/PHOTO-2026-02-20-17-41-21-700x700.jpg 700w, https:\/\/espaiphilae.com\/wp-content\/uploads\/PHOTO-2026-02-20-17-41-21-1022x1024.jpg 1022w, https:\/\/espaiphilae.com\/wp-content\/uploads\/PHOTO-2026-02-20-17-41-21-150x150.jpg 150w, https:\/\/espaiphilae.com\/wp-content\/uploads\/PHOTO-2026-02-20-17-41-21-768x769.jpg 768w, https:\/\/espaiphilae.com\/wp-content\/uploads\/PHOTO-2026-02-20-17-41-21-300x300.jpg 300w, https:\/\/espaiphilae.com\/wp-content\/uploads\/PHOTO-2026-02-20-17-41-21-600x601.jpg 600w, https:\/\/espaiphilae.com\/wp-content\/uploads\/PHOTO-2026-02-20-17-41-21-100x100.jpg 100w\" sizes=\"(max-width: 1078px) 100vw, 1078px\" \/>        <\/a>\n        <\/div>\n        <div class=\"fecha\">\n                    <div class=\"dia_mes\">\n                <span class=\"dia\">21<\/span>\n                <span class=\"mes\">mar\u00e7<\/span>\n                <\/div>\n            <div class=\"ano\">2026<\/div>\n        <\/div>\n        \n            <h2 class=\"title-actividad\">Ment sana in corpore sano<\/h2>\n            <div class=\"sigle-content\">\n      \t\nConferencia\n\n\n\nAmb Roger Caba\u00f1as, entrenador personal de l&#8217;Anna Sabater\n\n\n\nData: dissabte 21 de mar\u00e7Horari: de 18.00 h a 20.30 h\n\n\n\nExplorarem com moure el cos \u00e9s, literalment, medicina per a la ment. No es tracta nom\u00e9s de cremar calories ni d\u2019una q\u00fcesti\u00f3 est\u00e8tica, sin\u00f3 d\u2019entendre com l\u2019exercici actua com un \u201creset\u201d biol\u00f2gic que regula el cortisol i desencadena les endorfines, aquestes hormones que ens fan sentir que podem amb tot [+]     \n            <\/div>  \n        <a href=\"https:\/\/espaiphilae.com\/ca\/tribu-isis\/ment-sana-in-corpore-sano\/\" class=\"btn btn-informas\">\n            Veure m\u00e9s        <\/a>\n\n<\/div><\/div><div class='col-md-6'><div class=\"actividad clearfix actividad-futura\">\n        <div class=\"caja-img-act\">\n        <a href=\"https:\/\/espaiphilae.com\/ca\/tribu-isis\/el-poder-del-guerrer-interior-homes\/\">\n         <img loading=\"lazy\" decoding=\"async\" width=\"1425\" height=\"1900\" src=\"https:\/\/espaiphilae.com\/wp-content\/uploads\/Foto-Sebas-scaled.jpg\" class=\"img-fluid wp-post-image\" alt=\"\" srcset=\"https:\/\/espaiphilae.com\/wp-content\/uploads\/Foto-Sebas-scaled.jpg 1425w, https:\/\/espaiphilae.com\/wp-content\/uploads\/Foto-Sebas-525x700.jpg 525w, https:\/\/espaiphilae.com\/wp-content\/uploads\/Foto-Sebas-768x1024.jpg 768w, https:\/\/espaiphilae.com\/wp-content\/uploads\/Foto-Sebas-1152x1536.jpg 1152w, https:\/\/espaiphilae.com\/wp-content\/uploads\/Foto-Sebas-1536x2048.jpg 1536w, https:\/\/espaiphilae.com\/wp-content\/uploads\/Foto-Sebas-600x800.jpg 600w\" sizes=\"(max-width: 1425px) 100vw, 1425px\" \/>        <\/a>\n        <\/div>\n        <div class=\"fecha\">\n                    <div class=\"dia_mes\">\n                <span class=\"dia\">27<\/span>\n                <span class=\"mes\">mar\u00e7<\/span>\n                <\/div>\n            <div class=\"ano\">2026<\/div>\n        <\/div>\n        \n            <h2 class=\"title-actividad\">El poder del guerrer interior (HOMES)<\/h2>\n            <div class=\"sigle-content\">\n      \t\nPenetra la vida amb la teva energia sexual masculina\n\nAmb Sebasti\u00e1n Pordomingo\n\nData: divendres 27 de mar\u00e7Hora: 18h a 20h.\n\nHomes d\u2019Espai Philae, us convido a embarcar-nos junts en un viatge en el qual, inspirats en t\u00e8cniques corporals mil\u00b7len\u00e0ries com el Tao o el Tantra i un enfocament hol\u00edstic basat en la neuroci\u00e8ncia, treballarem amb la nostra energia sexual per transformar la manera en qu\u00e8 ens relacionem amb ella [+]     \n            <\/div>  \n        <a href=\"https:\/\/espaiphilae.com\/ca\/tribu-isis\/el-poder-del-guerrer-interior-homes\/\" class=\"btn btn-informas\">\n            Veure m\u00e9s        <\/a>\n\n<\/div><\/div><div class='col-md-6'><div class=\"actividad clearfix actividad-futura\">\n        <div class=\"caja-img-act\">\n        <a href=\"https:\/\/espaiphilae.com\/ca\/tribu-isis\/respiracio-neuroepigenetica%ef%b8%8f\/\">\n         <img loading=\"lazy\" decoding=\"async\" width=\"1200\" height=\"1600\" src=\"https:\/\/espaiphilae.com\/wp-content\/uploads\/PHOTO-2026-03-18-06-27-37.jpg\" class=\"img-fluid wp-post-image\" alt=\"\" srcset=\"https:\/\/espaiphilae.com\/wp-content\/uploads\/PHOTO-2026-03-18-06-27-37.jpg 1200w, https:\/\/espaiphilae.com\/wp-content\/uploads\/PHOTO-2026-03-18-06-27-37-525x700.jpg 525w, https:\/\/espaiphilae.com\/wp-content\/uploads\/PHOTO-2026-03-18-06-27-37-768x1024.jpg 768w, https:\/\/espaiphilae.com\/wp-content\/uploads\/PHOTO-2026-03-18-06-27-37-1152x1536.jpg 1152w, https:\/\/espaiphilae.com\/wp-content\/uploads\/PHOTO-2026-03-18-06-27-37-600x800.jpg 600w\" sizes=\"(max-width: 1200px) 100vw, 1200px\" \/>        <\/a>\n        <\/div>\n        <div class=\"fecha\">\n                    <div class=\"dia_mes\">\n                <span class=\"dia\">18<\/span>\n                <span class=\"mes\">abr.<\/span>\n                <\/div>\n            <div class=\"ano\">2026<\/div>\n        <\/div>\n        \n            <h2 class=\"title-actividad\">Respiraci\u00f3 Neuroepigen\u00e9tica\u00ae\ufe0f<\/h2>\n            <div class=\"sigle-content\">\n      \t\n\n\nAmb Sebasti\u00e1n Pordomingo y Cristina Murria\n\nData: dissabte 18 d&#8217;abrilHorari: de 17:00 h a 19:00 h\n\nVeuen a excitar totes les c\u00e8l\u00b7lules del teu cos i experimentar el plaer que existeix quan uneixes en coher\u00e8ncia el teu sexe, el teu cor i la teva consci\u00e8ncia [+]     \n            <\/div>  \n        <a href=\"https:\/\/espaiphilae.com\/ca\/tribu-isis\/respiracio-neuroepigenetica%ef%b8%8f\/\" class=\"btn btn-informas\">\n            Veure m\u00e9s        <\/a>\n\n<\/div><\/div><div class='col-md-6'><div class=\"actividad clearfix actividad-futura\">\n        <div class=\"caja-img-act\">\n        <a href=\"https:\/\/espaiphilae.com\/ca\/tribu-isis\/cos-en-moviment\/\">\n         <img loading=\"lazy\" decoding=\"async\" width=\"1516\" height=\"760\" src=\"https:\/\/espaiphilae.com\/wp-content\/uploads\/Captura-de-pantalla-2026-04-02-a-las-14.56.43.png\" class=\"img-fluid wp-post-image\" alt=\"\" srcset=\"https:\/\/espaiphilae.com\/wp-content\/uploads\/Captura-de-pantalla-2026-04-02-a-las-14.56.43.png 1516w, https:\/\/espaiphilae.com\/wp-content\/uploads\/Captura-de-pantalla-2026-04-02-a-las-14.56.43-700x351.png 700w, https:\/\/espaiphilae.com\/wp-content\/uploads\/Captura-de-pantalla-2026-04-02-a-las-14.56.43-768x385.png 768w, https:\/\/espaiphilae.com\/wp-content\/uploads\/Captura-de-pantalla-2026-04-02-a-las-14.56.43-600x301.png 600w\" sizes=\"(max-width: 1516px) 100vw, 1516px\" \/>        <\/a>\n        <\/div>\n        <div class=\"fecha\">\n                    <div class=\"dia_mes\">\n                <span class=\"dia\">24<\/span>\n                <span class=\"mes\">abr.<\/span>\n                <\/div>\n            <div class=\"ano\">2026<\/div>\n        <\/div>\n        \n            <h2 class=\"title-actividad\">El Cos en Moviment<\/h2>\n            <div class=\"sigle-content\">\n      \t\n\n\nAmb Meritxell Vel\u00e1zquez\n\nData: Divendres, 24 d&#8217;abrilHorari: de 19:00 h a 21:00 h\n\nEl Cos en Moviment \u00e9s una invitaci\u00f3 perqu\u00e8 el cos s&#8217;expressi a trav\u00e9s de la m\u00fasica i el ball, des d&#8217;un moviment lliure, espontani i improvisat [+]     \n            <\/div>  \n        <a href=\"https:\/\/espaiphilae.com\/ca\/tribu-isis\/cos-en-moviment\/\" class=\"btn btn-informas\">\n            Veure m\u00e9s        <\/a>\n\n<\/div><\/div><div class='col-md-6'><div class=\"actividad clearfix actividad-futura\">\n        <div class=\"caja-img-act\">\n        <a href=\"https:\/\/espaiphilae.com\/ca\/tribu-isis\/el-poder-del-guerrer-interior-homes-2\/\">\n         <img loading=\"lazy\" decoding=\"async\" width=\"1425\" height=\"1900\" src=\"https:\/\/espaiphilae.com\/wp-content\/uploads\/Foto-Sebas-scaled.jpg\" class=\"img-fluid wp-post-image\" alt=\"\" srcset=\"https:\/\/espaiphilae.com\/wp-content\/uploads\/Foto-Sebas-scaled.jpg 1425w, https:\/\/espaiphilae.com\/wp-content\/uploads\/Foto-Sebas-525x700.jpg 525w, https:\/\/espaiphilae.com\/wp-content\/uploads\/Foto-Sebas-768x1024.jpg 768w, https:\/\/espaiphilae.com\/wp-content\/uploads\/Foto-Sebas-1152x1536.jpg 1152w, https:\/\/espaiphilae.com\/wp-content\/uploads\/Foto-Sebas-1536x2048.jpg 1536w, https:\/\/espaiphilae.com\/wp-content\/uploads\/Foto-Sebas-600x800.jpg 600w\" sizes=\"(max-width: 1425px) 100vw, 1425px\" \/>        <\/a>\n        <\/div>\n        <div class=\"fecha\">\n                    <div class=\"dia_mes\">\n                <span class=\"dia\">29<\/span>\n                <span class=\"mes\">maig<\/span>\n                <\/div>\n            <div class=\"ano\">2026<\/div>\n        <\/div>\n        \n            <h2 class=\"title-actividad\">El poder del guerrer interior (Homes)<\/h2>\n            <div class=\"sigle-content\">\n      \t\nPenetra la vida amb la teva energia sexual masculina\n\nAmb Sebasti\u00e1n Pordomingo\n\nData: divendres 29 de maigHora: 18h a 20h\n\nHomes d\u2019Espai Philae, us convido a embarcar-nos junts en un viatge en el qual, inspirats en t\u00e8cniques corporals mil\u00b7len\u00e0ries com el Tao o el Tantra i un enfocament hol\u00edstic basat en la neuroci\u00e8ncia, treballarem amb la nostra energia sexual per transformar la manera en qu\u00e8 ens relacionem amb ella [+]     \n            <\/div>  \n        <a href=\"https:\/\/espaiphilae.com\/ca\/tribu-isis\/el-poder-del-guerrer-interior-homes-2\/\" class=\"btn btn-informas\">\n            Veure m\u00e9s        <\/a>\n\n<\/div><\/div>\t<\/div>\n\n\n","protected":false},"excerpt":{"rendered":"","protected":false},"author":2,"featured_media":8979,"parent":0,"menu_order":0,"comment_status":"closed","ping_status":"closed","template":"","meta":{"_acf_changed":false,"footnotes":""},"class_list":["post-7742","page","type-page","status-publish","has-post-thumbnail","hentry"],"acf":[],"yoast_head":"<!-- This site is optimized with the Yoast SEO plugin v26.9 - https:\/\/yoast.com\/product\/yoast-seo-wordpress\/ -->\n<title>La Tribu d&#039;ISIS - Espai Philae<\/title>\n<meta name=\"robots\" content=\"index, follow, max-snippet:-1, max-image-preview:large, max-video-preview:-1\" \/>\n<link rel=\"canonical\" href=\"https:\/\/espaiphilae.com\/ca\/la-tribu-disis\/\" \/>\n<meta property=\"og:locale\" content=\"ca_ES\" \/>\n<meta property=\"og:type\" content=\"article\" \/>\n<meta property=\"og:title\" content=\"La Tribu d&#039;ISIS - Espai Philae\" \/>\n<meta property=\"og:url\" content=\"https:\/\/espaiphilae.com\/ca\/la-tribu-disis\/\" \/>\n<meta property=\"og:site_name\" content=\"Espai Philae\" \/>\n<meta property=\"article:publisher\" content=\"https:\/\/www.facebook.com\/espaiphilae\/\" \/>\n<meta property=\"article:modified_time\" content=\"2024-08-01T12:21:11+00:00\" \/>\n<meta property=\"og:image\" content=\"https:\/\/espaiphilae.com\/wp-content\/uploads\/latribudisis.webp\" \/>\n\t<meta property=\"og:image:width\" content=\"1900\" \/>\n\t<meta property=\"og:image:height\" content=\"852\" \/>\n\t<meta property=\"og:image:type\" content=\"image\/webp\" \/>\n<meta name=\"twitter:card\" content=\"summary_large_image\" \/>\n<script type=\"application\/ld+json\" class=\"yoast-schema-graph\">{\"@context\":\"https:\/\/schema.org\",\"@graph\":[{\"@type\":\"WebPage\",\"@id\":\"https:\/\/espaiphilae.com\/ca\/la-tribu-disis\/\",\"url\":\"https:\/\/espaiphilae.com\/ca\/la-tribu-disis\/\",\"name\":\"La Tribu d'ISIS - Espai Philae\",\"isPartOf\":{\"@id\":\"https:\/\/espaiphilae.com\/ca\/#website\"},\"primaryImageOfPage\":{\"@id\":\"https:\/\/espaiphilae.com\/ca\/la-tribu-disis\/#primaryimage\"},\"image\":{\"@id\":\"https:\/\/espaiphilae.com\/ca\/la-tribu-disis\/#primaryimage\"},\"thumbnailUrl\":\"https:\/\/espaiphilae.com\/wp-content\/uploads\/ahmad-odeh-2QTn_YF1Db0-unsplash-recorte-scaled.jpg\",\"datePublished\":\"2024-05-22T15:52:06+00:00\",\"dateModified\":\"2024-08-01T12:21:11+00:00\",\"breadcrumb\":{\"@id\":\"https:\/\/espaiphilae.com\/ca\/la-tribu-disis\/#breadcrumb\"},\"inLanguage\":\"ca\",\"potentialAction\":[{\"@type\":\"ReadAction\",\"target\":[\"https:\/\/espaiphilae.com\/ca\/la-tribu-disis\/\"]}]},{\"@type\":\"ImageObject\",\"inLanguage\":\"ca\",\"@id\":\"https:\/\/espaiphilae.com\/ca\/la-tribu-disis\/#primaryimage\",\"url\":\"https:\/\/espaiphilae.com\/wp-content\/uploads\/ahmad-odeh-2QTn_YF1Db0-unsplash-recorte-scaled.jpg\",\"contentUrl\":\"https:\/\/espaiphilae.com\/wp-content\/uploads\/ahmad-odeh-2QTn_YF1Db0-unsplash-recorte-scaled.jpg\",\"width\":1900,\"height\":1027},{\"@type\":\"BreadcrumbList\",\"@id\":\"https:\/\/espaiphilae.com\/ca\/la-tribu-disis\/#breadcrumb\",\"itemListElement\":[{\"@type\":\"ListItem\",\"position\":1,\"name\":\"Home\",\"item\":\"https:\/\/espaiphilae.com\/ca\/\"},{\"@type\":\"ListItem\",\"position\":2,\"name\":\"La Tribu d&#8217;ISIS\"}]},{\"@type\":\"WebSite\",\"@id\":\"https:\/\/espaiphilae.com\/ca\/#website\",\"url\":\"https:\/\/espaiphilae.com\/ca\/\",\"name\":\"Espai Philae\",\"description\":\"Desenvolupament personal a trav\u00e9s de les arts esc\u00e8niques\",\"publisher\":{\"@id\":\"https:\/\/espaiphilae.com\/ca\/#organization\"},\"potentialAction\":[{\"@type\":\"SearchAction\",\"target\":{\"@type\":\"EntryPoint\",\"urlTemplate\":\"https:\/\/espaiphilae.com\/ca\/?s={search_term_string}\"},\"query-input\":{\"@type\":\"PropertyValueSpecification\",\"valueRequired\":true,\"valueName\":\"search_term_string\"}}],\"inLanguage\":\"ca\"},{\"@type\":\"Organization\",\"@id\":\"https:\/\/espaiphilae.com\/ca\/#organization\",\"name\":\"Espai Philae\",\"url\":\"https:\/\/espaiphilae.com\/ca\/\",\"logo\":{\"@type\":\"ImageObject\",\"inLanguage\":\"ca\",\"@id\":\"https:\/\/espaiphilae.com\/ca\/#\/schema\/logo\/image\/\",\"url\":\"https:\/\/espaiphilae.com\/wp-content\/uploads\/LOGO_CAST_-MeTODE.png\",\"contentUrl\":\"https:\/\/espaiphilae.com\/wp-content\/uploads\/LOGO_CAST_-MeTODE.png\",\"width\":159,\"height\":80,\"caption\":\"Espai Philae\"},\"image\":{\"@id\":\"https:\/\/espaiphilae.com\/ca\/#\/schema\/logo\/image\/\"},\"sameAs\":[\"https:\/\/www.facebook.com\/espaiphilae\/\",\"https:\/\/www.instagram.com\/espai_philae\/\",\"https:\/\/www.linkedin.com\/in\/teatro-y-consciencia-m\u00e9todo-sabat\u00e9-528b6613b\/\"]}]}<\/script>\n<!-- \/ Yoast SEO plugin. -->","yoast_head_json":{"title":"La Tribu d'ISIS - Espai Philae","robots":{"index":"index","follow":"follow","max-snippet":"max-snippet:-1","max-image-preview":"max-image-preview:large","max-video-preview":"max-video-preview:-1"},"canonical":"https:\/\/espaiphilae.com\/ca\/la-tribu-disis\/","og_locale":"ca_ES","og_type":"article","og_title":"La Tribu d'ISIS - Espai Philae","og_url":"https:\/\/espaiphilae.com\/ca\/la-tribu-disis\/","og_site_name":"Espai Philae","article_publisher":"https:\/\/www.facebook.com\/espaiphilae\/","article_modified_time":"2024-08-01T12:21:11+00:00","og_image":[{"width":1900,"height":852,"url":"https:\/\/espaiphilae.com\/wp-content\/uploads\/latribudisis.webp","type":"image\/webp"}],"twitter_card":"summary_large_image","schema":{"@context":"https:\/\/schema.org","@graph":[{"@type":"WebPage","@id":"https:\/\/espaiphilae.com\/ca\/la-tribu-disis\/","url":"https:\/\/espaiphilae.com\/ca\/la-tribu-disis\/","name":"La Tribu d'ISIS - Espai Philae","isPartOf":{"@id":"https:\/\/espaiphilae.com\/ca\/#website"},"primaryImageOfPage":{"@id":"https:\/\/espaiphilae.com\/ca\/la-tribu-disis\/#primaryimage"},"image":{"@id":"https:\/\/espaiphilae.com\/ca\/la-tribu-disis\/#primaryimage"},"thumbnailUrl":"https:\/\/espaiphilae.com\/wp-content\/uploads\/ahmad-odeh-2QTn_YF1Db0-unsplash-recorte-scaled.jpg","datePublished":"2024-05-22T15:52:06+00:00","dateModified":"2024-08-01T12:21:11+00:00","breadcrumb":{"@id":"https:\/\/espaiphilae.com\/ca\/la-tribu-disis\/#breadcrumb"},"inLanguage":"ca","potentialAction":[{"@type":"ReadAction","target":["https:\/\/espaiphilae.com\/ca\/la-tribu-disis\/"]}]},{"@type":"ImageObject","inLanguage":"ca","@id":"https:\/\/espaiphilae.com\/ca\/la-tribu-disis\/#primaryimage","url":"https:\/\/espaiphilae.com\/wp-content\/uploads\/ahmad-odeh-2QTn_YF1Db0-unsplash-recorte-scaled.jpg","contentUrl":"https:\/\/espaiphilae.com\/wp-content\/uploads\/ahmad-odeh-2QTn_YF1Db0-unsplash-recorte-scaled.jpg","width":1900,"height":1027},{"@type":"BreadcrumbList","@id":"https:\/\/espaiphilae.com\/ca\/la-tribu-disis\/#breadcrumb","itemListElement":[{"@type":"ListItem","position":1,"name":"Home","item":"https:\/\/espaiphilae.com\/ca\/"},{"@type":"ListItem","position":2,"name":"La Tribu d&#8217;ISIS"}]},{"@type":"WebSite","@id":"https:\/\/espaiphilae.com\/ca\/#website","url":"https:\/\/espaiphilae.com\/ca\/","name":"Espai Philae","description":"Desenvolupament personal a trav\u00e9s de les arts esc\u00e8niques","publisher":{"@id":"https:\/\/espaiphilae.com\/ca\/#organization"},"potentialAction":[{"@type":"SearchAction","target":{"@type":"EntryPoint","urlTemplate":"https:\/\/espaiphilae.com\/ca\/?s={search_term_string}"},"query-input":{"@type":"PropertyValueSpecification","valueRequired":true,"valueName":"search_term_string"}}],"inLanguage":"ca"},{"@type":"Organization","@id":"https:\/\/espaiphilae.com\/ca\/#organization","name":"Espai Philae","url":"https:\/\/espaiphilae.com\/ca\/","logo":{"@type":"ImageObject","inLanguage":"ca","@id":"https:\/\/espaiphilae.com\/ca\/#\/schema\/logo\/image\/","url":"https:\/\/espaiphilae.com\/wp-content\/uploads\/LOGO_CAST_-MeTODE.png","contentUrl":"https:\/\/espaiphilae.com\/wp-content\/uploads\/LOGO_CAST_-MeTODE.png","width":159,"height":80,"caption":"Espai Philae"},"image":{"@id":"https:\/\/espaiphilae.com\/ca\/#\/schema\/logo\/image\/"},"sameAs":["https:\/\/www.facebook.com\/espaiphilae\/","https:\/\/www.instagram.com\/espai_philae\/","https:\/\/www.linkedin.com\/in\/teatro-y-consciencia-m\u00e9todo-sabat\u00e9-528b6613b\/"]}]}},"_links":{"self":[{"href":"https:\/\/espaiphilae.com\/ca\/wp-json\/wp\/v2\/pages\/7742","targetHints":{"allow":["GET"]}}],"collection":[{"href":"https:\/\/espaiphilae.com\/ca\/wp-json\/wp\/v2\/pages"}],"about":[{"href":"https:\/\/espaiphilae.com\/ca\/wp-json\/wp\/v2\/types\/page"}],"author":[{"embeddable":true,"href":"https:\/\/espaiphilae.com\/ca\/wp-json\/wp\/v2\/users\/2"}],"replies":[{"embeddable":true,"href":"https:\/\/espaiphilae.com\/ca\/wp-json\/wp\/v2\/comments?post=7742"}],"version-history":[{"count":0,"href":"https:\/\/espaiphilae.com\/ca\/wp-json\/wp\/v2\/pages\/7742\/revisions"}],"wp:featuredmedia":[{"embeddable":true,"href":"https:\/\/espaiphilae.com\/ca\/wp-json\/wp\/v2\/media\/8979"}],"wp:attachment":[{"href":"https:\/\/espaiphilae.com\/ca\/wp-json\/wp\/v2\/media?parent=7742"}],"curies":[{"name":"wp","href":"https:\/\/api.w.org\/{rel}","templated":true}]}}