

{"id":5944,"date":"2023-12-11T17:36:36","date_gmt":"2023-12-11T16:36:36","guid":{"rendered":"https:\/\/espaiphilae.com\/us-de-lespai\/"},"modified":"2023-12-11T17:45:36","modified_gmt":"2023-12-11T16:45:36","slug":"us-de-lespai","status":"publish","type":"page","link":"https:\/\/espaiphilae.com\/ca\/us-de-lespai\/","title":{"rendered":"\u00das de l&#8217;espai"},"content":{"rendered":"\n<p><\/p>\n\n<ul class=\"wp-block-list\">\n<li class=\"has-medium-font-size\">Es prega m\u00e0xima puntualitat com a forma de respecte al professorat i a la resta de companys\/es.<\/li>\n\n\n\n<li class=\"has-medium-font-size\">Per a qualsevol sessi\u00f3 a Espai Philae cal venir amb roba c\u00f2moda (xandall o malles). Disposeu de vestuaris per si us cal canviar-vos a l&#8217;escola.<\/li>\n\n\n\n<li class=\"has-medium-font-size\">No es permet l&#8217;estacionament de bicicletes, patinets o qualsevol transport personal el\u00e8ctric dins l&#8217;escola.<\/li>\n\n\n\n<li class=\"has-medium-font-size\">Les sabates s&#8217;han de deixar als bancs blancs de l&#8217;entrada i netejar-les pr\u00e8viament a la catifa d&#8217;entrada al centre.<\/li>\n\n\n\n<li class=\"has-medium-font-size\">Deixar roba, motxilles i bosses als vestidors de l&#8217;escola.<\/li>\n\n\n\n<li class=\"has-medium-font-size\">Portar la propia aigua i prendre caf\u00e8, te o snacks a l&#8217;exterior de l&#8217;escola durant les pauses.<\/li>\n\n\n\n<li class=\"has-medium-font-size\">L&#8217;usuari assumir\u00e0 el cost de qualsevol desperfecte ocasionat a l&#8217;espai, parets, parquet, o al material cedit, aix\u00ed com la sostracci\u00f3 de llibres o objectes de la zona de descans\/office per a \u00fas exclusiu de la sala.<\/li>\n\n\n\n<li class=\"has-medium-font-size\">Si es vol deixar material propi a Espai Philae cal consultar-ho pr\u00e8viament.<\/li>\n\n\n\n<li class=\"has-medium-font-size\">Est\u00e0 totalment prohibit encendre espelmes, encens o fer qualsevol tipus de foc.<\/li>\n\n\n\n<li class=\"has-medium-font-size\">No es permet utilitzar objectes punxants o tallants.<\/li>\n\n\n\n<li class=\"has-medium-font-size\">No es permet fumar ni consumir estupefaents.<\/li>\n\n\n\n<li class=\"has-medium-font-size\">No es permet menjar a la sala de treball i nom\u00e9s es permet entrar l\u00edquids embotellats. Heu d&#8217;abonar 50 c\u00e8ntims per cada consumici\u00f3 (caf\u00e8 o te) que preneu de l&#8217;office de l&#8217;escola (disposem d&#8217;un pot de vidre per deixar les monedes). Gr\u00e0cies.<\/li>\n\n\n\n<li class=\"has-medium-font-size\">Heu de procurar que el volum de la m\u00fasica no pugui ocasionar mol\u00e8sties als ve\u00efns.<\/li>\n\n\n\n<li class=\"has-medium-font-size\">A la sala de treball cal anar descal\u00e7os i sense esmalt d&#8217;ungles en cas de no portar mitjons.<\/li>\n\n\n\n<li class=\"has-medium-font-size\">Evitar percudir el parquet amb bastons, objectes punxants o cadires.<\/li>\n\n\n\n<li class=\"has-medium-font-size\">Recordeu emportar-vos la roba o pertinences personals en abandonar la sala. Tot all\u00f2 que no es reclami en els 2 mesos posteriors ser\u00e0 donat a benefic\u00e8ncia.<\/li>\n<\/ul>\n","protected":false},"excerpt":{"rendered":"","protected":false},"author":2,"featured_media":0,"parent":0,"menu_order":0,"comment_status":"closed","ping_status":"closed","template":"","meta":{"_acf_changed":false,"footnotes":""},"class_list":["post-5944","page","type-page","status-publish","hentry"],"acf":[],"yoast_head":"<!-- This site is optimized with the Yoast SEO plugin v27.3 - https:\/\/yoast.com\/product\/yoast-seo-wordpress\/ -->\n<title>\u00das de l&#039;espai - Espai Philae<\/title>\n<meta name=\"robots\" content=\"index, follow, max-snippet:-1, max-image-preview:large, max-video-preview:-1\" \/>\n<link rel=\"canonical\" href=\"https:\/\/espaiphilae.com\/ca\/us-de-lespai\/\" \/>\n<meta property=\"og:locale\" content=\"ca_ES\" \/>\n<meta property=\"og:type\" content=\"article\" \/>\n<meta property=\"og:title\" content=\"\u00das de l&#039;espai - Espai Philae\" \/>\n<meta property=\"og:url\" content=\"https:\/\/espaiphilae.com\/ca\/us-de-lespai\/\" \/>\n<meta property=\"og:site_name\" content=\"Espai Philae\" \/>\n<meta property=\"article:publisher\" content=\"https:\/\/www.facebook.com\/espaiphilae\/\" \/>\n<meta property=\"article:modified_time\" content=\"2023-12-11T16:45:36+00:00\" \/>\n<meta name=\"twitter:card\" content=\"summary_large_image\" \/>\n<meta name=\"twitter:label1\" content=\"Temps estimat de lectura\" \/>\n\t<meta name=\"twitter:data1\" content=\"2 minuts\" \/>\n<script type=\"application\/ld+json\" class=\"yoast-schema-graph\">{\"@context\":\"https:\\\/\\\/schema.org\",\"@graph\":[{\"@type\":\"WebPage\",\"@id\":\"https:\\\/\\\/espaiphilae.com\\\/ca\\\/us-de-lespai\\\/\",\"url\":\"https:\\\/\\\/espaiphilae.com\\\/ca\\\/us-de-lespai\\\/\",\"name\":\"\u00das de l'espai - Espai Philae\",\"isPartOf\":{\"@id\":\"https:\\\/\\\/espaiphilae.com\\\/ca\\\/#website\"},\"datePublished\":\"2023-12-11T16:36:36+00:00\",\"dateModified\":\"2023-12-11T16:45:36+00:00\",\"breadcrumb\":{\"@id\":\"https:\\\/\\\/espaiphilae.com\\\/ca\\\/us-de-lespai\\\/#breadcrumb\"},\"inLanguage\":\"ca\",\"potentialAction\":[{\"@type\":\"ReadAction\",\"target\":[\"https:\\\/\\\/espaiphilae.com\\\/ca\\\/us-de-lespai\\\/\"]}]},{\"@type\":\"BreadcrumbList\",\"@id\":\"https:\\\/\\\/espaiphilae.com\\\/ca\\\/us-de-lespai\\\/#breadcrumb\",\"itemListElement\":[{\"@type\":\"ListItem\",\"position\":1,\"name\":\"Home\",\"item\":\"https:\\\/\\\/espaiphilae.com\\\/ca\\\/\"},{\"@type\":\"ListItem\",\"position\":2,\"name\":\"\u00das de l&#8217;espai\"}]},{\"@type\":\"WebSite\",\"@id\":\"https:\\\/\\\/espaiphilae.com\\\/ca\\\/#website\",\"url\":\"https:\\\/\\\/espaiphilae.com\\\/ca\\\/\",\"name\":\"Espai Philae\",\"description\":\"Desenvolupament personal a trav\u00e9s de les arts esc\u00e8niques\",\"publisher\":{\"@id\":\"https:\\\/\\\/espaiphilae.com\\\/ca\\\/#organization\"},\"potentialAction\":[{\"@type\":\"SearchAction\",\"target\":{\"@type\":\"EntryPoint\",\"urlTemplate\":\"https:\\\/\\\/espaiphilae.com\\\/ca\\\/?s={search_term_string}\"},\"query-input\":{\"@type\":\"PropertyValueSpecification\",\"valueRequired\":true,\"valueName\":\"search_term_string\"}}],\"inLanguage\":\"ca\"},{\"@type\":\"Organization\",\"@id\":\"https:\\\/\\\/espaiphilae.com\\\/ca\\\/#organization\",\"name\":\"Espai Philae\",\"url\":\"https:\\\/\\\/espaiphilae.com\\\/ca\\\/\",\"logo\":{\"@type\":\"ImageObject\",\"inLanguage\":\"ca\",\"@id\":\"https:\\\/\\\/espaiphilae.com\\\/ca\\\/#\\\/schema\\\/logo\\\/image\\\/\",\"url\":\"https:\\\/\\\/espaiphilae.com\\\/wp-content\\\/uploads\\\/LOGO_CAST_-MeTODE.png\",\"contentUrl\":\"https:\\\/\\\/espaiphilae.com\\\/wp-content\\\/uploads\\\/LOGO_CAST_-MeTODE.png\",\"width\":159,\"height\":80,\"caption\":\"Espai Philae\"},\"image\":{\"@id\":\"https:\\\/\\\/espaiphilae.com\\\/ca\\\/#\\\/schema\\\/logo\\\/image\\\/\"},\"sameAs\":[\"https:\\\/\\\/www.facebook.com\\\/espaiphilae\\\/\",\"https:\\\/\\\/www.instagram.com\\\/espai_philae\\\/\",\"https:\\\/\\\/www.linkedin.com\\\/in\\\/teatro-y-consciencia-m\u00e9todo-sabat\u00e9-528b6613b\\\/\"]}]}<\/script>\n<!-- \/ Yoast SEO plugin. -->","yoast_head_json":{"title":"\u00das de l'espai - Espai Philae","robots":{"index":"index","follow":"follow","max-snippet":"max-snippet:-1","max-image-preview":"max-image-preview:large","max-video-preview":"max-video-preview:-1"},"canonical":"https:\/\/espaiphilae.com\/ca\/us-de-lespai\/","og_locale":"ca_ES","og_type":"article","og_title":"\u00das de l'espai - Espai Philae","og_url":"https:\/\/espaiphilae.com\/ca\/us-de-lespai\/","og_site_name":"Espai Philae","article_publisher":"https:\/\/www.facebook.com\/espaiphilae\/","article_modified_time":"2023-12-11T16:45:36+00:00","twitter_card":"summary_large_image","twitter_misc":{"Temps estimat de lectura":"2 minuts"},"schema":{"@context":"https:\/\/schema.org","@graph":[{"@type":"WebPage","@id":"https:\/\/espaiphilae.com\/ca\/us-de-lespai\/","url":"https:\/\/espaiphilae.com\/ca\/us-de-lespai\/","name":"\u00das de l'espai - Espai Philae","isPartOf":{"@id":"https:\/\/espaiphilae.com\/ca\/#website"},"datePublished":"2023-12-11T16:36:36+00:00","dateModified":"2023-12-11T16:45:36+00:00","breadcrumb":{"@id":"https:\/\/espaiphilae.com\/ca\/us-de-lespai\/#breadcrumb"},"inLanguage":"ca","potentialAction":[{"@type":"ReadAction","target":["https:\/\/espaiphilae.com\/ca\/us-de-lespai\/"]}]},{"@type":"BreadcrumbList","@id":"https:\/\/espaiphilae.com\/ca\/us-de-lespai\/#breadcrumb","itemListElement":[{"@type":"ListItem","position":1,"name":"Home","item":"https:\/\/espaiphilae.com\/ca\/"},{"@type":"ListItem","position":2,"name":"\u00das de l&#8217;espai"}]},{"@type":"WebSite","@id":"https:\/\/espaiphilae.com\/ca\/#website","url":"https:\/\/espaiphilae.com\/ca\/","name":"Espai Philae","description":"Desenvolupament personal a trav\u00e9s de les arts esc\u00e8niques","publisher":{"@id":"https:\/\/espaiphilae.com\/ca\/#organization"},"potentialAction":[{"@type":"SearchAction","target":{"@type":"EntryPoint","urlTemplate":"https:\/\/espaiphilae.com\/ca\/?s={search_term_string}"},"query-input":{"@type":"PropertyValueSpecification","valueRequired":true,"valueName":"search_term_string"}}],"inLanguage":"ca"},{"@type":"Organization","@id":"https:\/\/espaiphilae.com\/ca\/#organization","name":"Espai Philae","url":"https:\/\/espaiphilae.com\/ca\/","logo":{"@type":"ImageObject","inLanguage":"ca","@id":"https:\/\/espaiphilae.com\/ca\/#\/schema\/logo\/image\/","url":"https:\/\/espaiphilae.com\/wp-content\/uploads\/LOGO_CAST_-MeTODE.png","contentUrl":"https:\/\/espaiphilae.com\/wp-content\/uploads\/LOGO_CAST_-MeTODE.png","width":159,"height":80,"caption":"Espai Philae"},"image":{"@id":"https:\/\/espaiphilae.com\/ca\/#\/schema\/logo\/image\/"},"sameAs":["https:\/\/www.facebook.com\/espaiphilae\/","https:\/\/www.instagram.com\/espai_philae\/","https:\/\/www.linkedin.com\/in\/teatro-y-consciencia-m\u00e9todo-sabat\u00e9-528b6613b\/"]}]}},"_links":{"self":[{"href":"https:\/\/espaiphilae.com\/ca\/wp-json\/wp\/v2\/pages\/5944","targetHints":{"allow":["GET"]}}],"collection":[{"href":"https:\/\/espaiphilae.com\/ca\/wp-json\/wp\/v2\/pages"}],"about":[{"href":"https:\/\/espaiphilae.com\/ca\/wp-json\/wp\/v2\/types\/page"}],"author":[{"embeddable":true,"href":"https:\/\/espaiphilae.com\/ca\/wp-json\/wp\/v2\/users\/2"}],"replies":[{"embeddable":true,"href":"https:\/\/espaiphilae.com\/ca\/wp-json\/wp\/v2\/comments?post=5944"}],"version-history":[{"count":0,"href":"https:\/\/espaiphilae.com\/ca\/wp-json\/wp\/v2\/pages\/5944\/revisions"}],"wp:attachment":[{"href":"https:\/\/espaiphilae.com\/ca\/wp-json\/wp\/v2\/media?parent=5944"}],"curies":[{"name":"wp","href":"https:\/\/api.w.org\/{rel}","templated":true}]}}