

{"id":5911,"date":"2023-12-07T11:57:24","date_gmt":"2023-12-07T10:57:24","guid":{"rendered":"https:\/\/espaiphilae.com\/?page_id=5911"},"modified":"2023-12-12T20:33:43","modified_gmt":"2023-12-12T19:33:43","slug":"politica-de-cancel%c2%b7lacio","status":"publish","type":"page","link":"https:\/\/espaiphilae.com\/ca\/politica-de-cancel%c2%b7lacio\/","title":{"rendered":"Pol\u00edtica de cancel\u00b7laci\u00f3"},"content":{"rendered":"\n<div class=\"wp-block-columns is-layout-flex wp-container-core-columns-is-layout-9d6595d7 wp-block-columns-is-layout-flex\">\n<div class=\"wp-block-column is-vertically-aligned-center is-layout-flow wp-block-column-is-layout-flow\">\n<h3 class=\"wp-block-heading\">Pol\u00edtica cancel\u00b7laci\u00f3 cursos anuals i semestrals<\/h3>\n\n\n\n<p>. En cas de baixa fins a 30 dies abans de l&#8217;inici de la formaci\u00f3, es reemborsar\u00e0 l&#8217;import del curs exceptuant el dip\u00f2sit en concepte de matr\u00edcula.&#13;\n<\/p>\n\n\n\n<p>. En cas de baixa fins a 15 dies abans de comen\u00e7ar la formaci\u00f3, es reemborsar\u00e0 el 50% del curs exceptuant el dip\u00f2sit en concepte de matr\u00edcula.&#13;\n<\/p>\n\n\n\n<p>. En cas de baixa dins dels 15 dies abans de comen\u00e7ar la formaci\u00f3, o un cop iniciada, NO es tornar\u00e0 l&#8217;import abonat.<\/p>\n\n\n\n<h3 class=\"wp-block-heading\">Pol\u00edtica cancel\u00b7laci\u00f3 cursos trimestrals i intensius<\/h3>\n\n\n\n<p>En cas de baixa abans d&#8217;iniciar la formaci\u00f3, NO es reemborsar\u00e0 l&#8217;import del curs.<\/p>\n<\/div>\n<\/div>\n","protected":false},"excerpt":{"rendered":"<p>Pol\u00edtica cancel\u00b7laci\u00f3 cursos anuals i semestrals . En cas de baixa fins a 30 dies abans de l&#8217;inici de la formaci\u00f3, es reemborsar\u00e0 l&#8217;import del curs exceptuant el dip\u00f2sit en concepte de matr\u00edcula.&#13; . En cas de baixa fins a 15 dies abans de comen\u00e7ar la formaci\u00f3, es reemborsar\u00e0 el 50% del curs exceptuant el [&hellip;]<\/p>\n","protected":false},"author":1,"featured_media":0,"parent":0,"menu_order":0,"comment_status":"closed","ping_status":"closed","template":"","meta":{"_acf_changed":false,"footnotes":""},"class_list":["post-5911","page","type-page","status-publish","hentry"],"acf":[],"yoast_head":"<!-- This site is optimized with the Yoast SEO plugin v27.3 - https:\/\/yoast.com\/product\/yoast-seo-wordpress\/ -->\n<title>Pol\u00edtica de cancel\u00b7laci\u00f3 - Espai Philae<\/title>\n<meta name=\"robots\" content=\"index, follow, max-snippet:-1, max-image-preview:large, max-video-preview:-1\" \/>\n<link rel=\"canonical\" href=\"https:\/\/espaiphilae.com\/ca\/politica-de-cancel%c2%b7lacio\/\" \/>\n<meta property=\"og:locale\" content=\"ca_ES\" \/>\n<meta property=\"og:type\" content=\"article\" \/>\n<meta property=\"og:title\" content=\"Pol\u00edtica de cancel\u00b7laci\u00f3 - Espai Philae\" \/>\n<meta property=\"og:description\" content=\"Pol\u00edtica cancel\u00b7laci\u00f3 cursos anuals i semestrals . En cas de baixa fins a 30 dies abans de l&#8217;inici de la formaci\u00f3, es reemborsar\u00e0 l&#8217;import del curs exceptuant el dip\u00f2sit en concepte de matr\u00edcula.&#013; . En cas de baixa fins a 15 dies abans de comen\u00e7ar la formaci\u00f3, es reemborsar\u00e0 el 50% del curs exceptuant el [&hellip;]\" \/>\n<meta property=\"og:url\" content=\"https:\/\/espaiphilae.com\/ca\/politica-de-cancel%c2%b7lacio\/\" \/>\n<meta property=\"og:site_name\" content=\"Espai Philae\" \/>\n<meta property=\"article:publisher\" content=\"https:\/\/www.facebook.com\/espaiphilae\/\" \/>\n<meta property=\"article:modified_time\" content=\"2023-12-12T19:33:43+00:00\" \/>\n<meta name=\"twitter:card\" content=\"summary_large_image\" \/>\n<meta name=\"twitter:label1\" content=\"Temps estimat de lectura\" \/>\n\t<meta name=\"twitter:data1\" content=\"1 minut\" \/>\n<script type=\"application\/ld+json\" class=\"yoast-schema-graph\">{\"@context\":\"https:\\\/\\\/schema.org\",\"@graph\":[{\"@type\":\"WebPage\",\"@id\":\"https:\\\/\\\/espaiphilae.com\\\/ca\\\/politica-de-cancel%c2%b7lacio\\\/\",\"url\":\"https:\\\/\\\/espaiphilae.com\\\/ca\\\/politica-de-cancel%c2%b7lacio\\\/\",\"name\":\"Pol\u00edtica de cancel\u00b7laci\u00f3 - Espai Philae\",\"isPartOf\":{\"@id\":\"https:\\\/\\\/espaiphilae.com\\\/ca\\\/#website\"},\"datePublished\":\"2023-12-07T10:57:24+00:00\",\"dateModified\":\"2023-12-12T19:33:43+00:00\",\"breadcrumb\":{\"@id\":\"https:\\\/\\\/espaiphilae.com\\\/ca\\\/politica-de-cancel%c2%b7lacio\\\/#breadcrumb\"},\"inLanguage\":\"ca\",\"potentialAction\":[{\"@type\":\"ReadAction\",\"target\":[\"https:\\\/\\\/espaiphilae.com\\\/ca\\\/politica-de-cancel%c2%b7lacio\\\/\"]}]},{\"@type\":\"BreadcrumbList\",\"@id\":\"https:\\\/\\\/espaiphilae.com\\\/ca\\\/politica-de-cancel%c2%b7lacio\\\/#breadcrumb\",\"itemListElement\":[{\"@type\":\"ListItem\",\"position\":1,\"name\":\"Home\",\"item\":\"https:\\\/\\\/espaiphilae.com\\\/ca\\\/\"},{\"@type\":\"ListItem\",\"position\":2,\"name\":\"Pol\u00edtica de cancel\u00b7laci\u00f3\"}]},{\"@type\":\"WebSite\",\"@id\":\"https:\\\/\\\/espaiphilae.com\\\/ca\\\/#website\",\"url\":\"https:\\\/\\\/espaiphilae.com\\\/ca\\\/\",\"name\":\"Espai Philae\",\"description\":\"Desenvolupament personal a trav\u00e9s de les arts esc\u00e8niques\",\"publisher\":{\"@id\":\"https:\\\/\\\/espaiphilae.com\\\/ca\\\/#organization\"},\"potentialAction\":[{\"@type\":\"SearchAction\",\"target\":{\"@type\":\"EntryPoint\",\"urlTemplate\":\"https:\\\/\\\/espaiphilae.com\\\/ca\\\/?s={search_term_string}\"},\"query-input\":{\"@type\":\"PropertyValueSpecification\",\"valueRequired\":true,\"valueName\":\"search_term_string\"}}],\"inLanguage\":\"ca\"},{\"@type\":\"Organization\",\"@id\":\"https:\\\/\\\/espaiphilae.com\\\/ca\\\/#organization\",\"name\":\"Espai Philae\",\"url\":\"https:\\\/\\\/espaiphilae.com\\\/ca\\\/\",\"logo\":{\"@type\":\"ImageObject\",\"inLanguage\":\"ca\",\"@id\":\"https:\\\/\\\/espaiphilae.com\\\/ca\\\/#\\\/schema\\\/logo\\\/image\\\/\",\"url\":\"https:\\\/\\\/espaiphilae.com\\\/wp-content\\\/uploads\\\/LOGO_CAST_-MeTODE.png\",\"contentUrl\":\"https:\\\/\\\/espaiphilae.com\\\/wp-content\\\/uploads\\\/LOGO_CAST_-MeTODE.png\",\"width\":159,\"height\":80,\"caption\":\"Espai Philae\"},\"image\":{\"@id\":\"https:\\\/\\\/espaiphilae.com\\\/ca\\\/#\\\/schema\\\/logo\\\/image\\\/\"},\"sameAs\":[\"https:\\\/\\\/www.facebook.com\\\/espaiphilae\\\/\",\"https:\\\/\\\/www.instagram.com\\\/espai_philae\\\/\",\"https:\\\/\\\/www.linkedin.com\\\/in\\\/teatro-y-consciencia-m\u00e9todo-sabat\u00e9-528b6613b\\\/\"]}]}<\/script>\n<!-- \/ Yoast SEO plugin. -->","yoast_head_json":{"title":"Pol\u00edtica de cancel\u00b7laci\u00f3 - Espai Philae","robots":{"index":"index","follow":"follow","max-snippet":"max-snippet:-1","max-image-preview":"max-image-preview:large","max-video-preview":"max-video-preview:-1"},"canonical":"https:\/\/espaiphilae.com\/ca\/politica-de-cancel%c2%b7lacio\/","og_locale":"ca_ES","og_type":"article","og_title":"Pol\u00edtica de cancel\u00b7laci\u00f3 - Espai Philae","og_description":"Pol\u00edtica cancel\u00b7laci\u00f3 cursos anuals i semestrals . En cas de baixa fins a 30 dies abans de l&#8217;inici de la formaci\u00f3, es reemborsar\u00e0 l&#8217;import del curs exceptuant el dip\u00f2sit en concepte de matr\u00edcula.&#13; . En cas de baixa fins a 15 dies abans de comen\u00e7ar la formaci\u00f3, es reemborsar\u00e0 el 50% del curs exceptuant el [&hellip;]","og_url":"https:\/\/espaiphilae.com\/ca\/politica-de-cancel%c2%b7lacio\/","og_site_name":"Espai Philae","article_publisher":"https:\/\/www.facebook.com\/espaiphilae\/","article_modified_time":"2023-12-12T19:33:43+00:00","twitter_card":"summary_large_image","twitter_misc":{"Temps estimat de lectura":"1 minut"},"schema":{"@context":"https:\/\/schema.org","@graph":[{"@type":"WebPage","@id":"https:\/\/espaiphilae.com\/ca\/politica-de-cancel%c2%b7lacio\/","url":"https:\/\/espaiphilae.com\/ca\/politica-de-cancel%c2%b7lacio\/","name":"Pol\u00edtica de cancel\u00b7laci\u00f3 - Espai Philae","isPartOf":{"@id":"https:\/\/espaiphilae.com\/ca\/#website"},"datePublished":"2023-12-07T10:57:24+00:00","dateModified":"2023-12-12T19:33:43+00:00","breadcrumb":{"@id":"https:\/\/espaiphilae.com\/ca\/politica-de-cancel%c2%b7lacio\/#breadcrumb"},"inLanguage":"ca","potentialAction":[{"@type":"ReadAction","target":["https:\/\/espaiphilae.com\/ca\/politica-de-cancel%c2%b7lacio\/"]}]},{"@type":"BreadcrumbList","@id":"https:\/\/espaiphilae.com\/ca\/politica-de-cancel%c2%b7lacio\/#breadcrumb","itemListElement":[{"@type":"ListItem","position":1,"name":"Home","item":"https:\/\/espaiphilae.com\/ca\/"},{"@type":"ListItem","position":2,"name":"Pol\u00edtica de cancel\u00b7laci\u00f3"}]},{"@type":"WebSite","@id":"https:\/\/espaiphilae.com\/ca\/#website","url":"https:\/\/espaiphilae.com\/ca\/","name":"Espai Philae","description":"Desenvolupament personal a trav\u00e9s de les arts esc\u00e8niques","publisher":{"@id":"https:\/\/espaiphilae.com\/ca\/#organization"},"potentialAction":[{"@type":"SearchAction","target":{"@type":"EntryPoint","urlTemplate":"https:\/\/espaiphilae.com\/ca\/?s={search_term_string}"},"query-input":{"@type":"PropertyValueSpecification","valueRequired":true,"valueName":"search_term_string"}}],"inLanguage":"ca"},{"@type":"Organization","@id":"https:\/\/espaiphilae.com\/ca\/#organization","name":"Espai Philae","url":"https:\/\/espaiphilae.com\/ca\/","logo":{"@type":"ImageObject","inLanguage":"ca","@id":"https:\/\/espaiphilae.com\/ca\/#\/schema\/logo\/image\/","url":"https:\/\/espaiphilae.com\/wp-content\/uploads\/LOGO_CAST_-MeTODE.png","contentUrl":"https:\/\/espaiphilae.com\/wp-content\/uploads\/LOGO_CAST_-MeTODE.png","width":159,"height":80,"caption":"Espai Philae"},"image":{"@id":"https:\/\/espaiphilae.com\/ca\/#\/schema\/logo\/image\/"},"sameAs":["https:\/\/www.facebook.com\/espaiphilae\/","https:\/\/www.instagram.com\/espai_philae\/","https:\/\/www.linkedin.com\/in\/teatro-y-consciencia-m\u00e9todo-sabat\u00e9-528b6613b\/"]}]}},"_links":{"self":[{"href":"https:\/\/espaiphilae.com\/ca\/wp-json\/wp\/v2\/pages\/5911","targetHints":{"allow":["GET"]}}],"collection":[{"href":"https:\/\/espaiphilae.com\/ca\/wp-json\/wp\/v2\/pages"}],"about":[{"href":"https:\/\/espaiphilae.com\/ca\/wp-json\/wp\/v2\/types\/page"}],"author":[{"embeddable":true,"href":"https:\/\/espaiphilae.com\/ca\/wp-json\/wp\/v2\/users\/1"}],"replies":[{"embeddable":true,"href":"https:\/\/espaiphilae.com\/ca\/wp-json\/wp\/v2\/comments?post=5911"}],"version-history":[{"count":0,"href":"https:\/\/espaiphilae.com\/ca\/wp-json\/wp\/v2\/pages\/5911\/revisions"}],"wp:attachment":[{"href":"https:\/\/espaiphilae.com\/ca\/wp-json\/wp\/v2\/media?parent=5911"}],"curies":[{"name":"wp","href":"https:\/\/api.w.org\/{rel}","templated":true}]}}