

{"id":560,"date":"2019-04-30T15:54:21","date_gmt":"2019-04-30T13:54:21","guid":{"rendered":"https:\/\/espaiphilae.com\/?page_id=560"},"modified":"2024-04-25T18:50:26","modified_gmt":"2024-04-25T16:50:26","slug":"politica-de-privacitat-i-proteccio-de-dades","status":"publish","type":"page","link":"https:\/\/espaiphilae.com\/ca\/politica-de-privacitat-i-proteccio-de-dades\/","title":{"rendered":"Pol\u00edtica de privacitat i protecci\u00f3 de dades"},"content":{"rendered":"\n<p>En compliment del Reglament (UE) 2016\/679 del Parlament Europeu i del Consell, de 27 d&#8217;abril del 2016, relatiu a la protecci\u00f3 de les persones f\u00edsiques pel que fa al tractament de dades personals, pel qual es deroga la directiva 95 \/46\/CE (d&#8217;ara endavant, RGPD), de la Llei 34\/2002, d&#8217;11 de juliol, de serveis de la societat de la informaci\u00f3 i de comer\u00e7 electr\u00f2nic (d&#8217;ara endavant, LSSI-CE) i de la Llei org\u00e0nica 3\/ 2018, de Protecci\u00f3 de Dades Personals i garantia dels drets digitals, ESPAI PHILAE ARTS ESC\u00c8NIQUES SLU garanteix la protecci\u00f3 i confidencialitat de les dades personals, de qualsevol tipus que ens proporcionin els nostres clients, d&#8217;acord amb el que disposa el Reglament General de Protecci\u00f3 de Dades de Car\u00e0cter Personal.<\/p>\n\n<p>La Pol\u00edtica de Protecci\u00f3 de Dades d&#8217;ESPAI PHILAE ARTS ESC\u00c8NIQUES SLU descansa en el principi de responsabilitat proactiva, segons el qual el Responsable del tractament \u00e9s responsable del compliment del marc normatiu i jurisprudencial, i \u00e9s capa\u00e7 de demostrar-ho davant de les autoritats de control corresponents.<\/p>\n\n<p>Les dades facilitades seran tractades en els termes establerts al RGPD; en aquest sentit, ESPAI PHILAE ARTS ESC\u00c8NIQUES SLU ha adoptat els nivells de protecci\u00f3 que legalment s&#8217;exigeixen, i ha instal\u00b7lat totes les mesures t\u00e8cniques al seu abast per evitar la p\u00e8rdua, el mal \u00fas, l&#8217;alteraci\u00f3, l&#8217;acc\u00e9s no autoritzat per tercers, exposats a continuaci\u00f3. Tot i aix\u00f2, l&#8217;usuari ha de ser conscient que les mesures de seguretat a Internet no s\u00f3n inexpugnables.<\/p>\n\n<p><strong>Responsable del tractament: Qui som?<\/strong><\/p>\n\n<ul class=\"wp-block-list\">\n<li>Denominaci\u00f3: ESPAI PHILAE ARTES ESC\u00c9NICAS SLU<\/li>\n\n\n\n<li>CIF: B56937352<\/li>\n\n\n\n<li>Direcci\u00f3: Carrer Saragossa 116, Local Bajos 1, 08006, BARCELONA<\/li>\n\n\n\n<li>Tel\u00e8fon: 645645270<\/li>\n\n\n\n<li>Correu electr\u00f2nic: hola@espaiphilae.com<\/li>\n<\/ul>\n\n<p><strong>Tractament de dades: Quines dades tractem i quin n&#8217;\u00e9s l&#8217;origen?<\/strong><\/p>\n\n<p>Segons la relaci\u00f3 que pugui tenir amb nosaltres, es poden tractar les categories de dades personals seg\u00fcents, aix\u00ed com obtenir les dades des de diferents fonts:<\/p>\n\n<ul class=\"wp-block-list\">\n<li>Formularis i trucades de contacte: Les dades provenen del propi interessat, o del seu representant legal. Les categories de dades que es tractaran s\u00f3n \u00abDades identificatives\u00bb (nom, correu electr\u00f2nic i tel\u00e8fon).<\/li>\n\n\n\n<li>Sol\u00b7licitud de pressupostos: Les dades provenen del propi interessat, o del seu representant legal. Les categories de dades que es tractaran s\u00f3n \u00abIdentificatives\u00bb (nom, correu electr\u00f2nic, tel\u00e8fon).<\/li>\n\n\n\n<li>Prestaci\u00f3 de serveis o venda de productes: Les dades provenen del mateix interessat, o del seu representant legal. Les categories de dades que es tractaran s\u00f3n \u00abIdentificatives\u00bb (nom, correu electr\u00f2nic, tel\u00e8fon, adre\u00e7a postal) i \u00abEcon\u00f2miques\u00bb (dades banc\u00e0ries)<\/li>\n\n\n\n<li>Enviament de comunicacions comercials: Les dades provenen del mateix interessat, o del seu representant legal. Les categories de dades que es tractaran s\u00f3n \u00abIdentificatives\u00bb (nom, correu electr\u00f2nic, tel\u00e8fon, imatge). Se sol\u00b7licitar\u00e0 consentiment expr\u00e9s per fer-ho.<\/li>\n<\/ul>\n\n<p><strong>Finalitat del tractament: Per qu\u00e8 farem servir les vostres dades?<\/strong><\/p>\n\n<p>Formularis de contacte: Totes les dades facilitades pels nostres visitants a la web d&#8217;ESPAI PHILAE ARTS ESC\u00c8NIQUES SLU seran incloses al registre d&#8217;activitats de tractament de dades de car\u00e0cter personal, creat i mantingut sota la responsabilitat d&#8217;ESPAI PHILAE ARTS ESC\u00c8NIQUES SLU, imprescindibles per resoldre dubtes o sol\u00b7licituds d&#8217;informaci\u00f3 trameses pels nostres visitants.<\/p>\n\n<p>Atenci\u00f3 al client: Totes les dades facilitades pels nostres clients seran incloses al registre d&#8217;activitats de tractament de dades de car\u00e0cter personal, creat i mantingut sota la responsabilitat d&#8217;ESPAI PHILAE ARTS ESC\u00c8NIQUES SLU, imprescindibles per prestar els serveis contractats pels nostres clients, aix\u00ed com per resoldre els dubtes o q\u00fcestions que ens plantegin a trav\u00e9s dels nostres canals datenci\u00f3 al client.<\/p>\n\n<p>Trucades rebudes: Totes les dades facilitades pels interessats que contactin a ESPAI PHILAE ARTS ESC\u00c8NIQUES SLU seran incloses al registre d&#8217;activitats de tractament de dades de car\u00e0cter personal, creat i mantingut sota la responsabilitat d&#8217;ESPAI PHILAE ARTS ESC\u00c8NIQUES SLU, imprescindibles per resoldre els dubtes o sol\u00b7licituds d&#8217;informaci\u00f3 que ens facin.<\/p>\n\n<p>Visitants web: Realitzem un seguiment anonimitzat dels visitants a la p\u00e0gina web d&#8217;ESPAI PHILAE ARTS ESC\u00c8NIQUES SLU, per con\u00e8ixer quines p\u00e0gines i serveis tenen m\u00e9s rellev\u00e0ncia per als nostres potencials clients.<\/p>\n\n<p>Butllet\u00ed productes i serveis: Als clients que marquin la casella de consentiment d&#8217;enviament de comunicacions comercials\/publicitat, us enviarem informaci\u00f3 relacionada els productes\/serveis que oferim.<\/p>\n\n<p><strong>Legitimitat del tractament: Per qu\u00e8 necessitem les vostres dades?<\/strong><\/p>\n\n<p>a) Relaci\u00f3 contractual: \u00c9s la que aplica quan contracta algun dels nostres serveis\/productes.<\/p>\n\n<p>b) Inter\u00e8s leg\u00edtim: Per atendre les consultes i reclamacions que ens plantege i per gestionar el cobrament de les quantitats degudes.<\/p>\n\n<p>c) El vostre consentiment: Si sou usuari de la nostra web, mitjan\u00e7ant la marcaci\u00f3 de la casella que figura al formulari de contacte, ens autoritzeu que us remetem les comunicacions necess\u00e0ries per donar resposta a la consulta o sol\u00b7licitud d&#8217;informaci\u00f3 plantejada i l&#8217;enviament de publicitat amb el consentiment previ de l&#8217;usuari.<\/p>\n\n<p><strong>Destinataris. Amb qui compartim les vostres dades?<\/strong><\/p>\n\n<p>Cedim les vostres dades personals a les entitats necess\u00e0ries per assolir la finalitat del tractament ia aquelles entitats a qu\u00e8 estiguem obligats a fi del compliment d&#8217;alguna llei. En el cas que, al marge dels sup\u00f2sits comentats, necessitem donar a con\u00e8ixer la vostra informaci\u00f3 personal a altres entitats, us sol\u00b7licitarem pr\u00e8viament el vostre perm\u00eds a trav\u00e9s d&#8217;opcions clares que us permetran decidir sobre aix\u00f2.<\/p>\n\n<p><strong>Comunicaci\u00f3: On podr\u00edem enviar les teves dades?<\/strong><\/p>\n\n<p>No farem transfer\u00e8ncies internacionals de les vostres dades personals per a cap de les finalitats indicades.<\/p>\n\n<p><strong>Conservaci\u00f3: Quant de temps mantindrem les teves dades??<\/strong><\/p>\n\n<p>Nom\u00e9s conservarem les vostres dades personals durant el temps que resulti necessari per aconseguir les finalitats per a les quals van ser recollides. A l&#8217;hora de determinar el per\u00edode de conservaci\u00f3 oport\u00fa, examinem els riscos que comporta el tractament, aix\u00ed com les nostres obligacions contractuals, legals i normatives, les pol\u00edtiques internes de conservaci\u00f3 de dades i els nostres interessos de negoci leg\u00edtims descrits en aquest Av\u00eds de Privadesa i Pol\u00edtica de galetes. En aquest sentit, ESPAI PHILAE ARTES ESC\u00c8NIQUES SLU conservar\u00e0 les dades personals una vegada acabada la seva relaci\u00f3 amb vost\u00e8, degudament bloquejades, durant el termini de prescripci\u00f3 de les accions que es puguin derivar de la relaci\u00f3 mantinguda amb l&#8217;interessat.<\/p>\n\n<p>Un cop bloquejades, les seves dades resultaran inaccessibles per a ESPAI PHILAE ARTS ESC\u00c8NIQUES SLU, i no seran tractades excepte per a la seva posada a disposici\u00f3 a les administracions p\u00fabliques, jutges i tribunals, per a l&#8217;atenci\u00f3 de les possibles responsabilitats nascudes dels tractaments, aix\u00ed com per al exercici i defensa de reclamacions davant de l&#8217;Ag\u00e8ncia Espanyola de Protecci\u00f3 de Dades.<\/p>\n\n<p><strong>Seguretat: Com protegirem les vostres dades?<\/strong><\/p>\n\n<p>Fem servir tots els esfor\u00e7os raonables per mantenir la confidencialitat de la informaci\u00f3 personal que es tracti en els nostres sistemes. Mantenim estrictes nivells de seguretat per protegir les dades de car\u00e0cter personal que processem davant de p\u00e8rdues fortu\u00eftes i accessos, tractaments o revelacions no autoritzats, tenint en compte l&#8217;estat de la tecnologia, la naturalesa i els riscos a qu\u00e8 estan exposades les dades. No obstant aix\u00f2, no podem responsabilitzar-nos de l&#8217;\u00fas que feu de les dades (incl\u00f2s usuari i contrasenya) que utilitzeu a la nostra web. El nostre personal segueix estrictes normes de privadesa i en el cas que contractem tercers per prestar serveis de suport, els exigim que acatin les mateixes normes i ens permetin auditar-los per verificar el seu compliment.<\/p>\n\n<p><strong>Els seus drets: Quins drets pot exercir com a interessat?<\/strong><\/p>\n\n<p>Us informem que podreu exercir els drets seg\u00fcents:<\/p>\n\n<p>a) Dret d&#8217;acc\u00e9s a les vostres dades personals, per saber quines estan sent objecte de tractament i les operacions de tractament dutes a terme amb elles;<\/p>\n\n<p>b) Dret de rectificaci\u00f3 de qualsevol dada personal inexacta;<\/p>\n\n<p>c) Dret de supressi\u00f3 de les dades personals, quan aix\u00f2 sigui possible (per exemple, per imperatiu legal);<\/p>\n\n<p>d) Dret de limitaci\u00f3 del tractament de les vostres dades personals quan l&#8217;exactitud, la legalitat o la necessitat del tractament de les dades resulti dubtosa, i en este cas, podrem conservar-les per a l&#8217;exercici o la defensa de reclamacions.<\/p>\n\n<p>e) Dret d&#8217;oposici\u00f3 al tractament de les dades personals, quan la base legal que ens habiliti per al tractament de les indicades sigui el nostre inter\u00e8s leg\u00edtim. ESPAI PHILAE ARTS ESC\u00c8NIQUES SLU deixar\u00e0 de tractar les teves dades tret que tingui un inter\u00e8s leg\u00edtim o sigui necessari per a la defensa de reclamacions, quan sigui procedent aquest dret.<\/p>\n\n<p>f) Dret a la portabilitat de les vostres dades, quan la base legal que ens habiliti per al vostre tractament sigui l&#8217;exist\u00e8ncia d&#8217;una relaci\u00f3 contractual o el vostre consentiment.<\/p>\n\n<p>g) Dret a revocar el consentiment atorgat a ESPAI PHILAE ARTS ESC\u00c8NIQUES SLU.<\/p>\n\n<p>Per exercitar els vostres drets, podeu fer-ho de manera gratu\u00efta i en qualsevol moment, contactant amb nosaltres a l&#8217;adre\u00e7a Carrer Saragossa, 116, Local Baixos 1, 08006 Barcelona, Barcelona, o escrivint un correu a hola@espaiphilae.com.<\/p>\n\n<p><strong>Tutela de drets: On pot fer una reclamaci\u00f3?<\/strong><\/p>\n\n<p>En cas que entengueu que els vostres drets han estat desatesos per la nostra entitat, podeu formular una reclamaci\u00f3 a l&#8217;Ag\u00e8ncia Espanyola de Protecci\u00f3 de Dades, a trav\u00e9s d&#8217;algun dels mitjans seg\u00fcents:<\/p>\n\n<p>.- Seu electr\u00f2nica: https:\/\/www.aepd.es<\/p>\n\n<p>.- Correu postal: Ag\u00e8ncia Espanyola de Protecci\u00f3 de Dades, C\/ Jorge Juan, 6, 28001, Madrid<\/p>\n\n<p>.- Tel\u00e8fon: 901.100.099 i 912.663.517<\/p>\n\n<p>Formular una reclamaci\u00f3 a l&#8217;Ag\u00e8ncia Espanyola de Protecci\u00f3 de Dades no comporta cap cost i no cal l&#8217;assist\u00e8ncia d&#8217;advocat ni procurador.<\/p>\n\n<p><strong>Actualitzacions: Quins canvis hi pot haver en aquesta Pol\u00edtica de Privadesa?<\/strong><\/p>\n\n<p>ESPAI PHILAE ARTES ESC\u00c8NIQUES SLU es reserva el dret a modificar la present pol\u00edtica per adaptar-la a novetats legislatives o jurisprudencials que puguin afectar-ne el compliment. Per tal de garantir el compliment de la normativa sobre protecci\u00f3 de dades de car\u00e0cter personal, ESPAI PHILAE ARTS ESC\u00c8NIQUES SLU ha rebut els serveis de consultoria i assessorament per part de ClickDatos.<\/p>\n","protected":false},"excerpt":{"rendered":"<p>En compliment del Reglament (UE) 2016\/679 del Parlament Europeu i del Consell, de 27 d&#8217;abril del 2016, relatiu a la protecci\u00f3 de les persones f\u00edsiques pel que fa al tractament de dades personals, pel qual es deroga la directiva 95 \/46\/CE (d&#8217;ara endavant, RGPD), de la Llei 34\/2002, d&#8217;11 de juliol, de serveis de la [&hellip;]<\/p>\n","protected":false},"author":1,"featured_media":0,"parent":0,"menu_order":0,"comment_status":"closed","ping_status":"closed","template":"","meta":{"_acf_changed":false,"footnotes":""},"class_list":["post-560","page","type-page","status-publish","hentry"],"acf":[],"yoast_head":"<!-- This site is optimized with the Yoast SEO plugin v27.3 - https:\/\/yoast.com\/product\/yoast-seo-wordpress\/ -->\n<title>Pol\u00edtica de privacitat i protecci\u00f3 de dades - Espai Philae<\/title>\n<meta name=\"robots\" content=\"index, follow, max-snippet:-1, max-image-preview:large, max-video-preview:-1\" \/>\n<link rel=\"canonical\" href=\"https:\/\/espaiphilae.com\/ca\/politica-de-privacitat-i-proteccio-de-dades\/\" \/>\n<meta property=\"og:locale\" content=\"ca_ES\" \/>\n<meta property=\"og:type\" content=\"article\" \/>\n<meta property=\"og:title\" content=\"Pol\u00edtica de privacitat i protecci\u00f3 de dades - Espai Philae\" \/>\n<meta property=\"og:description\" content=\"En compliment del Reglament (UE) 2016\/679 del Parlament Europeu i del Consell, de 27 d&#8217;abril del 2016, relatiu a la protecci\u00f3 de les persones f\u00edsiques pel que fa al tractament de dades personals, pel qual es deroga la directiva 95 \/46\/CE (d&#8217;ara endavant, RGPD), de la Llei 34\/2002, d&#8217;11 de juliol, de serveis de la [&hellip;]\" \/>\n<meta property=\"og:url\" content=\"https:\/\/espaiphilae.com\/ca\/politica-de-privacitat-i-proteccio-de-dades\/\" \/>\n<meta property=\"og:site_name\" content=\"Espai Philae\" \/>\n<meta property=\"article:publisher\" content=\"https:\/\/www.facebook.com\/espaiphilae\/\" \/>\n<meta property=\"article:modified_time\" content=\"2024-04-25T16:50:26+00:00\" \/>\n<meta name=\"twitter:card\" content=\"summary_large_image\" \/>\n<meta name=\"twitter:label1\" content=\"Temps estimat de lectura\" \/>\n\t<meta name=\"twitter:data1\" content=\"8 minuts\" \/>\n<script type=\"application\/ld+json\" class=\"yoast-schema-graph\">{\"@context\":\"https:\\\/\\\/schema.org\",\"@graph\":[{\"@type\":\"WebPage\",\"@id\":\"https:\\\/\\\/espaiphilae.com\\\/ca\\\/politica-de-privacitat-i-proteccio-de-dades\\\/\",\"url\":\"https:\\\/\\\/espaiphilae.com\\\/ca\\\/politica-de-privacitat-i-proteccio-de-dades\\\/\",\"name\":\"Pol\u00edtica de privacitat i protecci\u00f3 de dades - Espai Philae\",\"isPartOf\":{\"@id\":\"https:\\\/\\\/espaiphilae.com\\\/ca\\\/#website\"},\"datePublished\":\"2019-04-30T13:54:21+00:00\",\"dateModified\":\"2024-04-25T16:50:26+00:00\",\"breadcrumb\":{\"@id\":\"https:\\\/\\\/espaiphilae.com\\\/ca\\\/politica-de-privacitat-i-proteccio-de-dades\\\/#breadcrumb\"},\"inLanguage\":\"ca\",\"potentialAction\":[{\"@type\":\"ReadAction\",\"target\":[\"https:\\\/\\\/espaiphilae.com\\\/ca\\\/politica-de-privacitat-i-proteccio-de-dades\\\/\"]}]},{\"@type\":\"BreadcrumbList\",\"@id\":\"https:\\\/\\\/espaiphilae.com\\\/ca\\\/politica-de-privacitat-i-proteccio-de-dades\\\/#breadcrumb\",\"itemListElement\":[{\"@type\":\"ListItem\",\"position\":1,\"name\":\"Home\",\"item\":\"https:\\\/\\\/espaiphilae.com\\\/ca\\\/\"},{\"@type\":\"ListItem\",\"position\":2,\"name\":\"Pol\u00edtica de privacitat i protecci\u00f3 de dades\"}]},{\"@type\":\"WebSite\",\"@id\":\"https:\\\/\\\/espaiphilae.com\\\/ca\\\/#website\",\"url\":\"https:\\\/\\\/espaiphilae.com\\\/ca\\\/\",\"name\":\"Espai Philae\",\"description\":\"Desenvolupament personal a trav\u00e9s de les arts esc\u00e8niques\",\"publisher\":{\"@id\":\"https:\\\/\\\/espaiphilae.com\\\/ca\\\/#organization\"},\"potentialAction\":[{\"@type\":\"SearchAction\",\"target\":{\"@type\":\"EntryPoint\",\"urlTemplate\":\"https:\\\/\\\/espaiphilae.com\\\/ca\\\/?s={search_term_string}\"},\"query-input\":{\"@type\":\"PropertyValueSpecification\",\"valueRequired\":true,\"valueName\":\"search_term_string\"}}],\"inLanguage\":\"ca\"},{\"@type\":\"Organization\",\"@id\":\"https:\\\/\\\/espaiphilae.com\\\/ca\\\/#organization\",\"name\":\"Espai Philae\",\"url\":\"https:\\\/\\\/espaiphilae.com\\\/ca\\\/\",\"logo\":{\"@type\":\"ImageObject\",\"inLanguage\":\"ca\",\"@id\":\"https:\\\/\\\/espaiphilae.com\\\/ca\\\/#\\\/schema\\\/logo\\\/image\\\/\",\"url\":\"https:\\\/\\\/espaiphilae.com\\\/wp-content\\\/uploads\\\/LOGO_CAST_-MeTODE.png\",\"contentUrl\":\"https:\\\/\\\/espaiphilae.com\\\/wp-content\\\/uploads\\\/LOGO_CAST_-MeTODE.png\",\"width\":159,\"height\":80,\"caption\":\"Espai Philae\"},\"image\":{\"@id\":\"https:\\\/\\\/espaiphilae.com\\\/ca\\\/#\\\/schema\\\/logo\\\/image\\\/\"},\"sameAs\":[\"https:\\\/\\\/www.facebook.com\\\/espaiphilae\\\/\",\"https:\\\/\\\/www.instagram.com\\\/espai_philae\\\/\",\"https:\\\/\\\/www.linkedin.com\\\/in\\\/teatro-y-consciencia-m\u00e9todo-sabat\u00e9-528b6613b\\\/\"]}]}<\/script>\n<!-- \/ Yoast SEO plugin. -->","yoast_head_json":{"title":"Pol\u00edtica de privacitat i protecci\u00f3 de dades - Espai Philae","robots":{"index":"index","follow":"follow","max-snippet":"max-snippet:-1","max-image-preview":"max-image-preview:large","max-video-preview":"max-video-preview:-1"},"canonical":"https:\/\/espaiphilae.com\/ca\/politica-de-privacitat-i-proteccio-de-dades\/","og_locale":"ca_ES","og_type":"article","og_title":"Pol\u00edtica de privacitat i protecci\u00f3 de dades - Espai Philae","og_description":"En compliment del Reglament (UE) 2016\/679 del Parlament Europeu i del Consell, de 27 d&#8217;abril del 2016, relatiu a la protecci\u00f3 de les persones f\u00edsiques pel que fa al tractament de dades personals, pel qual es deroga la directiva 95 \/46\/CE (d&#8217;ara endavant, RGPD), de la Llei 34\/2002, d&#8217;11 de juliol, de serveis de la [&hellip;]","og_url":"https:\/\/espaiphilae.com\/ca\/politica-de-privacitat-i-proteccio-de-dades\/","og_site_name":"Espai Philae","article_publisher":"https:\/\/www.facebook.com\/espaiphilae\/","article_modified_time":"2024-04-25T16:50:26+00:00","twitter_card":"summary_large_image","twitter_misc":{"Temps estimat de lectura":"8 minuts"},"schema":{"@context":"https:\/\/schema.org","@graph":[{"@type":"WebPage","@id":"https:\/\/espaiphilae.com\/ca\/politica-de-privacitat-i-proteccio-de-dades\/","url":"https:\/\/espaiphilae.com\/ca\/politica-de-privacitat-i-proteccio-de-dades\/","name":"Pol\u00edtica de privacitat i protecci\u00f3 de dades - Espai Philae","isPartOf":{"@id":"https:\/\/espaiphilae.com\/ca\/#website"},"datePublished":"2019-04-30T13:54:21+00:00","dateModified":"2024-04-25T16:50:26+00:00","breadcrumb":{"@id":"https:\/\/espaiphilae.com\/ca\/politica-de-privacitat-i-proteccio-de-dades\/#breadcrumb"},"inLanguage":"ca","potentialAction":[{"@type":"ReadAction","target":["https:\/\/espaiphilae.com\/ca\/politica-de-privacitat-i-proteccio-de-dades\/"]}]},{"@type":"BreadcrumbList","@id":"https:\/\/espaiphilae.com\/ca\/politica-de-privacitat-i-proteccio-de-dades\/#breadcrumb","itemListElement":[{"@type":"ListItem","position":1,"name":"Home","item":"https:\/\/espaiphilae.com\/ca\/"},{"@type":"ListItem","position":2,"name":"Pol\u00edtica de privacitat i protecci\u00f3 de dades"}]},{"@type":"WebSite","@id":"https:\/\/espaiphilae.com\/ca\/#website","url":"https:\/\/espaiphilae.com\/ca\/","name":"Espai Philae","description":"Desenvolupament personal a trav\u00e9s de les arts esc\u00e8niques","publisher":{"@id":"https:\/\/espaiphilae.com\/ca\/#organization"},"potentialAction":[{"@type":"SearchAction","target":{"@type":"EntryPoint","urlTemplate":"https:\/\/espaiphilae.com\/ca\/?s={search_term_string}"},"query-input":{"@type":"PropertyValueSpecification","valueRequired":true,"valueName":"search_term_string"}}],"inLanguage":"ca"},{"@type":"Organization","@id":"https:\/\/espaiphilae.com\/ca\/#organization","name":"Espai Philae","url":"https:\/\/espaiphilae.com\/ca\/","logo":{"@type":"ImageObject","inLanguage":"ca","@id":"https:\/\/espaiphilae.com\/ca\/#\/schema\/logo\/image\/","url":"https:\/\/espaiphilae.com\/wp-content\/uploads\/LOGO_CAST_-MeTODE.png","contentUrl":"https:\/\/espaiphilae.com\/wp-content\/uploads\/LOGO_CAST_-MeTODE.png","width":159,"height":80,"caption":"Espai Philae"},"image":{"@id":"https:\/\/espaiphilae.com\/ca\/#\/schema\/logo\/image\/"},"sameAs":["https:\/\/www.facebook.com\/espaiphilae\/","https:\/\/www.instagram.com\/espai_philae\/","https:\/\/www.linkedin.com\/in\/teatro-y-consciencia-m\u00e9todo-sabat\u00e9-528b6613b\/"]}]}},"_links":{"self":[{"href":"https:\/\/espaiphilae.com\/ca\/wp-json\/wp\/v2\/pages\/560","targetHints":{"allow":["GET"]}}],"collection":[{"href":"https:\/\/espaiphilae.com\/ca\/wp-json\/wp\/v2\/pages"}],"about":[{"href":"https:\/\/espaiphilae.com\/ca\/wp-json\/wp\/v2\/types\/page"}],"author":[{"embeddable":true,"href":"https:\/\/espaiphilae.com\/ca\/wp-json\/wp\/v2\/users\/1"}],"replies":[{"embeddable":true,"href":"https:\/\/espaiphilae.com\/ca\/wp-json\/wp\/v2\/comments?post=560"}],"version-history":[{"count":0,"href":"https:\/\/espaiphilae.com\/ca\/wp-json\/wp\/v2\/pages\/560\/revisions"}],"wp:attachment":[{"href":"https:\/\/espaiphilae.com\/ca\/wp-json\/wp\/v2\/media?parent=560"}],"curies":[{"name":"wp","href":"https:\/\/api.w.org\/{rel}","templated":true}]}}