

{"id":553,"date":"2019-06-11T12:32:12","date_gmt":"2019-06-11T10:32:12","guid":{"rendered":"https:\/\/espaiphilae.com\/?page_id=553"},"modified":"2024-04-25T14:02:08","modified_gmt":"2024-04-25T12:02:08","slug":"politica-de-cookies","status":"publish","type":"page","link":"https:\/\/espaiphilae.com\/ca\/politica-de-cookies\/","title":{"rendered":"Pol\u00edtica de cookies"},"content":{"rendered":"\n<p>A la web https:\/\/espaiphilae.com\/ (d&#8217;ara endavant, el Lloc Web) utilitzem cookies per facilitar la relaci\u00f3 dels visitants amb el nostre contingut i per permetre elaborar estad\u00edstiques sobre les visitants&#13;\nque rebem.<\/p>\n\n<p>Us informem que podem utilitzar cookies amb la finalitat de facilitar la vostra navegaci\u00f3 a trav\u00e9s del Lloc Web, distingir-vos d&#8217;altres usuaris, proporcionar-vos una millor experi\u00e8ncia en l&#8217;\u00fas del mateix, i identificar problemes per millorar el nostre Lloc Web. Aix\u00ed mateix, en cas que presti el seu consentiment, utilitzarem galetes que ens permetin obtenir m\u00e9s informaci\u00f3 sobre les seves prefer\u00e8ncies i personalitzar el nostre Lloc Web de conformitat amb els seus interessos individuals.<\/p>\n\n<p><strong>\u00bfQu\u00e8 s\u00f3n las cookies?<\/strong><\/p>\n\n<p>S&#8217;anomenen cookies a uns petits fitxers que es graven al navegador utilitzat per cada visitant de la nostra web perqu\u00e8 el servidor pugui recordar la visita d&#8217;aquest usuari amb posterioritat quan torni a accedir als nostres continguts. Aquesta informaci\u00f3 no revela la seva identitat, ni cap dada personal, ni accedeix al contingut emmagatzemat al seu pc, per\u00f2 s\u00ed que permet al nostre sistema identificar-vos com un usuari determinat que ja va visitar la web amb anterioritat, va visualitzar determinades p\u00e0gines, etc. i a m\u00e9s permet guardar les seves prefer\u00e8ncies personals i informaci\u00f3 t\u00e8cnica com ara les visites realitzades o p\u00e0gines concretes que visiti.<\/p>\n\n<p>Aquesta pol\u00edtica de cookies t\u00e9 per finalitat informar-vos de manera clara i precisa sobre les cookies que s&#8217;utilitzen al nostre Lloc Web (la \u201cPol\u00edtica de Cookies\u201d). Respecte de les galetes de tercers, \u00e9s a dir aquelles que s\u00f3n alienes al nostre lloc web, no podem fer-nos responsables del contingut i veracitat de les pol\u00edtiques de privadesa que ells inclouen pel que la informaci\u00f3 que us oferim \u00e9s sempre amb refer\u00e8ncia a la font.<\/p>\n\n<p>\u00c9s possible que actualitzem la Pol\u00edtica de Cookies del nostre Lloc Web, per aix\u00f2 us recomanem revisar aquesta pol\u00edtica cada vegada que accediu al nostre Lloc Web amb l&#8217;objectiu d&#8217;estar adequadament informat sobre com i per a qu\u00e8 usem les cookies.<\/p>\n\n<p>A continuaci\u00f3, es fa una classificaci\u00f3 de les cookies en funci\u00f3 d&#8217;una s\u00e8rie de categories. No obstant aix\u00f2, cal tenir en compte que una mateixa galeta pot estar inclosa en m\u00e9s d&#8217;una categoria.<\/p>\n\n<p><strong>Tipus de galetes segons l&#8217;entitat que les gestiona<\/strong><\/p>\n\n<ul class=\"wp-block-list\">\n<li><strong>Cookies pr\u00f2pies:<\/strong> S\u00f3n aquelles que s&#8217;envien a l&#8217;equip terminal de l&#8217;usuari des d&#8217;un equip o domini gestionat pel mateix editor i des del qual es presta el servei sol\u00b7licitat per l&#8217;usuari.<\/li>\n\n\n\n<li><strong>Galetes de tercers<\/strong>: S\u00f3n aquelles que s&#8217;envien a l&#8217;equip terminal de l&#8217;usuari des d&#8217;un equip o domini que no \u00e9s gestionat per l&#8217;editor, sin\u00f3 per una altra entitat que tracta les dades<\/li>\n<\/ul>\n\n<p><strong>Tipus de cookies segons el termini de temps que romanen actives<\/strong><\/p>\n\n<ul class=\"wp-block-list\">\n<li><strong>Cookies de sessi\u00f3<\/strong>: S\u00f3n un tipus de cookies dissenyades per demanar i emmagatzemar dades mentre l&#8217;usuari accedeix a una p\u00e0gina web.<\/li>\n\n\n\n<li><strong>Cookies persistents:<\/strong> S\u00f3n un tipus de cookies en qu\u00e8 les dades segueixen emmagatzemades al terminal i poden ser accedides i tractades durant un per\u00edode definit pel responsable de la galeta, i que pot anar d&#8217;uns minuts a diversos anys.<\/li>\n<\/ul>\n\n<p><strong>Tipus de cookies segons la finalitat<\/strong><\/p>\n\n<ul class=\"wp-block-list\">\n<li><strong>Galetes t\u00e8cniques<\/strong>: Aquelles que permeten a l&#8217;usuari la navegaci\u00f3 a trav\u00e9s d&#8217;una p\u00e0gina web, plataforma o aplicaci\u00f3 i la utilitzaci\u00f3 de les diferents opcions o serveis que hi hagi com, per exemple, controlar el tr\u00e0nsit i la comunicaci\u00f3 de dades, identificar la sessi\u00f3 , accedir a parts d&#8217;acc\u00e9s restringit, recordar els elements que integren una comanda, realitzar el proc\u00e9s de compra d&#8217;una comanda, fer la sol\u00b7licitud d&#8217;inscripci\u00f3 o participaci\u00f3 en un esdeveniment, utilitzar elements de seguretat durant la navegaci\u00f3, emmagatzemar continguts per a la difusi\u00f3 de v\u00eddeos o so o compartir continguts a trav\u00e9s de xarxes socials.<\/li>\n<\/ul>\n\n<ul class=\"wp-block-list\">\n<li><strong>Galetes de personalitzaci\u00f3<\/strong>: S\u00f3n aquelles que permeten a l&#8217;usuari accedir al servei amb algunes caracter\u00edstiques de car\u00e0cter general predefinides en funci\u00f3 d&#8217;una s\u00e8rie de criteris al terminal de l&#8217;usuari com ara serien l&#8217;idioma, el tipus de navegador a trav\u00e9s del qual accedeix al servei , la configuraci\u00f3 regional des d&#8217;on accedeix al servei, etc.<\/li>\n<\/ul>\n\n<ul class=\"wp-block-list\">\n<li><strong>Cookies publicit\u00e0ries<\/strong>: S\u00f3n aquelles que permeten la gesti\u00f3, de la manera m\u00e9s efica\u00e7 possible, dels espais publicitaris que, si escau, l&#8217;editor hagi incl\u00f2s en una p\u00e0gina web, aplicaci\u00f3 o plataforma des de la qual presta el servei sol\u00b7licitat segons criteris com el contingut editat o la freq\u00fc\u00e8ncia en qu\u00e8 es mostren els anuncis.<\/li>\n<\/ul>\n\n<ul class=\"wp-block-list\">\n<li><strong>Cookies de publicitat comportamental:<\/strong> S\u00f3n aquelles que permeten la gesti\u00f3, de la manera m\u00e9s efica\u00e7 possible, dels espais publicitaris que, si escau, l&#8217;editor hagi incl\u00f2s en una p\u00e0gina web, aplicaci\u00f3 o plataforma des de la qual presta el servei sol\u00b7licitat. Aquestes cookies emmagatzemen informaci\u00f3 del comportament dels usuaris obtinguda a trav\u00e9s de l&#8217;observaci\u00f3 continuada dels seus h\u00e0bits de navegaci\u00f3, cosa que permet desenvolupar un perfil espec\u00edfic per mostrar publicitat en funci\u00f3 del mateix.<\/li>\n<\/ul>\n\n<ul class=\"wp-block-list\">\n<li><strong>Cookies d&#8217;an\u00e0lisi:<\/strong> S\u00f3n aquelles que permeten al responsable de les mateixes, el seguiment i l&#8217;an\u00e0lisi del comportament dels usuaris dels llocs web als quals estan vinculades. La informaci\u00f3 recollida mitjan\u00e7ant aquest tipus de cookies s&#8217;utilitza en el mesurament de l&#8217;activitat dels llocs web, aplicaci\u00f3 o plataforma i per a l&#8217;elaboraci\u00f3 de perfils de navegaci\u00f3 dels usuaris d&#8217;aquests llocs, aplicacions i plataformes, per introduir millores a funci\u00f3 de lan\u00e0lisi de les dades d\u00fas que fan els usuaris del servei.<\/li>\n<\/ul>\n\n<p>Respecte al tractament de dades recollides a trav\u00e9s de les cookies d&#8217;an\u00e0lisi, tot i que no estan exemptes del deure d&#8217;obtenir un consentiment informat per al seu \u00fas, \u00e9s poc probable que representin un risc per a la privadesa dels usuaris sempre que es tracti de galetes de primera part, que tractin dades agregades amb una finalitat estrictament estad\u00edstica, que es faciliti informaci\u00f3 sobre els seus \u00fas i s&#8217;inclogui la possibilitat que els usuaris manifestin la seva negativa sobre la seva utilitzaci\u00f3.<\/p>\n\n<p>Actualment, la majoria dels navegadors estan configurats per defecte per bloquejar la instal\u00b7laci\u00f3 de cookies de publicitat o tercers al vostre equip. L&#8217;usuari pot ampliar les restriccions d&#8217;origen, impedint l&#8217;entrada de qualsevol tipus de galeta, o eliminar les restriccions esmentades, acceptant l&#8217;entrada de qualsevol tipus de galetes. Si esteu interessats en admetre cookies de publicitat o de tercers, podreu configurar el vostre navegador amb aquesta finalitat.<\/p>\n\n<p>L&#8217;acceptaci\u00f3 realitzada per l&#8217;usuari, fent clic al bot\u00f3 d&#8217;ACEPTAR mostrat a la informaci\u00f3 inicial sobre cookies, implica que est\u00e0 consentint expressament el responsable per a la seva utilitzaci\u00f3, podent exercir els seus drets i revocar el seu consentiment en qualsevol moment, a trav\u00e9s de sol\u00b7licitud a ESPAI PHILAE ARTS ESC\u00c8NIQUES SLU.<\/p>\n\n<p>\u00c9s possible que actualitzem la Pol\u00edtica de Cookies del nostre Lloc Web, per aix\u00f2 us recomanem revisar aquesta pol\u00edtica cada vegada que accediu al nostre Lloc Web amb l&#8217;objectiu d&#8217;estar adequadament informat sobre com i per a qu\u00e8 usem les cookies.<\/p>\n\n<p>La finalitat de les galetes \u00e9s la de facilitar a l&#8217;Usuari un acc\u00e9s m\u00e9s r\u00e0pid als Serveis seleccionats.<\/p>\n\n<p>Si no voleu que es guardin galetes al vostre navegador o prefereix rebre una informaci\u00f3 cada vegada que una galeta sol\u00b7liciti instal\u00b7lar-se, podeu configurar les vostres opcions de navegaci\u00f3 perqu\u00e8 es faci d&#8217;aquesta manera.<\/p>\n\n<p>La major part dels navegadors permeten la gesti\u00f3 de les galetes de 3 formes diferents:<\/p>\n\n<p>&#8211; Les galetes s\u00f3n sempre rebutjades;<\/p>\n\n<p>&#8211; El navegador pregunta si l&#8217;usuari vol instal\u00b7lar cada galeta;<\/p>\n\n<p>&#8211; Les galetes s\u00f3n sempre acceptades;<\/p>\n\n<p>El vostre navegador tamb\u00e9 pot incloure la possibilitat de seleccionar amb detall les cookies que voleu que s&#8217;instal\u00b7lin al vostre ordinador. En concret, l&#8217;usuari pot normalment acceptar alguna de les opcions seg\u00fcents:<\/p>\n\n<p>&#8211; Rebutjar les galetes de determinats dominis;<\/p>\n\n<p>&#8211; Rebutjar les galetes de tercers;<\/p>\n\n<p>&#8211; Acceptar cookies com a no persistents (s&#8217;eliminen quan el navegador es tanca);<\/p>\n\n<p>&#8211; Permetre al servidor crear galetes per a un domini diferent.<\/p>\n\n<p>Per permetre, con\u00e8ixer, bloquejar o eliminar les cookies instal\u00b7lades al vostre equip podeu fer-ho mitjan\u00e7ant la configuraci\u00f3 de les opcions del navegador instal\u00b7lat al vostre ordinador.<\/p>\n\n<p>Podeu trobar informaci\u00f3 sobre com configurar els navegadors m\u00e9s utilitzats a les seg\u00fcents ubicacions:<\/p>\n\n<p>\u2022 Internet Explorer: Eines -&gt; Opcions d&#8217;Internet -&gt; Privadesa -&gt; Configuraci\u00f3. Per a m\u00e9s informaci\u00f3, podeu consultar el suport de Microsoft o l&#8217;Ajuda del navegador.<\/p>\n\n<p>\u2022 Firefox: Eines -&gt; Opcions -&gt; Privadesa -&gt; Historial -&gt; Configuraci\u00f3 Personalitzada. Per a m\u00e9s informaci\u00f3, podeu consultar el suport de Mozilla o l&#8217;Ajuda del navegador.<\/p>\n\n<p>\u2022 Chrome: Configuraci\u00f3 -&gt; Mostrar opcions avan\u00e7ades -&gt; Privadesa -&gt; Configuraci\u00f3 de<\/p>\n\n<p>contingut. Per a m\u00e9s informaci\u00f3, podeu consultar el suport de Google o l&#8217;Ajuda del navegador.<\/p>\n\n<p>\u2022 Safari: Prefer\u00e8ncies -&gt; Seguretat. Per a m\u00e9s informaci\u00f3, podeu consultar el suport d&#8217;Apple o l&#8217;Ajuda del navegador.<\/p>\n\n<p>Si heu acceptat carregar les cookies de Google Analytics, tamb\u00e9 podeu revocar en qualsevol moment aquesta acceptaci\u00f3 utilitzant el &#8220;Complement d&#8217;inhabilitaci\u00f3 per a navegadors de Google Analytics&#8221;, accedint a la seg\u00fcent p\u00e0gina web i seguint les instruccions que s&#8217;hi detallen: https:\/\/ tools.google.com\/dlpage\/gaoptout?hl=ca<\/p>\n\n<p>.<\/p>\n\n<p><\/p>\n","protected":false},"excerpt":{"rendered":"<p>A la web https:\/\/espaiphilae.com\/ (d&#8217;ara endavant, el Lloc Web) utilitzem cookies per facilitar la relaci\u00f3 dels visitants amb el nostre contingut i per permetre elaborar estad\u00edstiques sobre les visitants&#13; que rebem. Us informem que podem utilitzar cookies amb la finalitat de facilitar la vostra navegaci\u00f3 a trav\u00e9s del Lloc Web, distingir-vos d&#8217;altres usuaris, proporcionar-vos una [&hellip;]<\/p>\n","protected":false},"author":1,"featured_media":0,"parent":0,"menu_order":0,"comment_status":"closed","ping_status":"closed","template":"","meta":{"_acf_changed":false,"footnotes":""},"class_list":["post-553","page","type-page","status-publish","hentry"],"acf":[],"yoast_head":"<!-- This site is optimized with the Yoast SEO plugin v27.3 - https:\/\/yoast.com\/product\/yoast-seo-wordpress\/ -->\n<title>Pol\u00edtica de cookies - Espai Philae<\/title>\n<meta name=\"robots\" content=\"index, follow, max-snippet:-1, max-image-preview:large, max-video-preview:-1\" \/>\n<link rel=\"canonical\" href=\"https:\/\/espaiphilae.com\/ca\/politica-de-cookies\/\" \/>\n<meta property=\"og:locale\" content=\"ca_ES\" \/>\n<meta property=\"og:type\" content=\"article\" \/>\n<meta property=\"og:title\" content=\"Pol\u00edtica de cookies - Espai Philae\" \/>\n<meta property=\"og:description\" content=\"A la web https:\/\/espaiphilae.com\/ (d&#8217;ara endavant, el Lloc Web) utilitzem cookies per facilitar la relaci\u00f3 dels visitants amb el nostre contingut i per permetre elaborar estad\u00edstiques sobre les visitants&#013; que rebem. Us informem que podem utilitzar cookies amb la finalitat de facilitar la vostra navegaci\u00f3 a trav\u00e9s del Lloc Web, distingir-vos d&#8217;altres usuaris, proporcionar-vos una [&hellip;]\" \/>\n<meta property=\"og:url\" content=\"https:\/\/espaiphilae.com\/ca\/politica-de-cookies\/\" \/>\n<meta property=\"og:site_name\" content=\"Espai Philae\" \/>\n<meta property=\"article:publisher\" content=\"https:\/\/www.facebook.com\/espaiphilae\/\" \/>\n<meta property=\"article:modified_time\" content=\"2024-04-25T12:02:08+00:00\" \/>\n<meta name=\"twitter:card\" content=\"summary_large_image\" \/>\n<meta name=\"twitter:label1\" content=\"Temps estimat de lectura\" \/>\n\t<meta name=\"twitter:data1\" content=\"8 minuts\" \/>\n<script type=\"application\/ld+json\" class=\"yoast-schema-graph\">{\"@context\":\"https:\\\/\\\/schema.org\",\"@graph\":[{\"@type\":\"WebPage\",\"@id\":\"https:\\\/\\\/espaiphilae.com\\\/ca\\\/politica-de-cookies\\\/\",\"url\":\"https:\\\/\\\/espaiphilae.com\\\/ca\\\/politica-de-cookies\\\/\",\"name\":\"Pol\u00edtica de cookies - Espai Philae\",\"isPartOf\":{\"@id\":\"https:\\\/\\\/espaiphilae.com\\\/ca\\\/#website\"},\"datePublished\":\"2019-06-11T10:32:12+00:00\",\"dateModified\":\"2024-04-25T12:02:08+00:00\",\"breadcrumb\":{\"@id\":\"https:\\\/\\\/espaiphilae.com\\\/ca\\\/politica-de-cookies\\\/#breadcrumb\"},\"inLanguage\":\"ca\",\"potentialAction\":[{\"@type\":\"ReadAction\",\"target\":[\"https:\\\/\\\/espaiphilae.com\\\/ca\\\/politica-de-cookies\\\/\"]}]},{\"@type\":\"BreadcrumbList\",\"@id\":\"https:\\\/\\\/espaiphilae.com\\\/ca\\\/politica-de-cookies\\\/#breadcrumb\",\"itemListElement\":[{\"@type\":\"ListItem\",\"position\":1,\"name\":\"Home\",\"item\":\"https:\\\/\\\/espaiphilae.com\\\/ca\\\/\"},{\"@type\":\"ListItem\",\"position\":2,\"name\":\"Pol\u00edtica de cookies\"}]},{\"@type\":\"WebSite\",\"@id\":\"https:\\\/\\\/espaiphilae.com\\\/ca\\\/#website\",\"url\":\"https:\\\/\\\/espaiphilae.com\\\/ca\\\/\",\"name\":\"Espai Philae\",\"description\":\"Desenvolupament personal a trav\u00e9s de les arts esc\u00e8niques\",\"publisher\":{\"@id\":\"https:\\\/\\\/espaiphilae.com\\\/ca\\\/#organization\"},\"potentialAction\":[{\"@type\":\"SearchAction\",\"target\":{\"@type\":\"EntryPoint\",\"urlTemplate\":\"https:\\\/\\\/espaiphilae.com\\\/ca\\\/?s={search_term_string}\"},\"query-input\":{\"@type\":\"PropertyValueSpecification\",\"valueRequired\":true,\"valueName\":\"search_term_string\"}}],\"inLanguage\":\"ca\"},{\"@type\":\"Organization\",\"@id\":\"https:\\\/\\\/espaiphilae.com\\\/ca\\\/#organization\",\"name\":\"Espai Philae\",\"url\":\"https:\\\/\\\/espaiphilae.com\\\/ca\\\/\",\"logo\":{\"@type\":\"ImageObject\",\"inLanguage\":\"ca\",\"@id\":\"https:\\\/\\\/espaiphilae.com\\\/ca\\\/#\\\/schema\\\/logo\\\/image\\\/\",\"url\":\"https:\\\/\\\/espaiphilae.com\\\/wp-content\\\/uploads\\\/LOGO_CAST_-MeTODE.png\",\"contentUrl\":\"https:\\\/\\\/espaiphilae.com\\\/wp-content\\\/uploads\\\/LOGO_CAST_-MeTODE.png\",\"width\":159,\"height\":80,\"caption\":\"Espai Philae\"},\"image\":{\"@id\":\"https:\\\/\\\/espaiphilae.com\\\/ca\\\/#\\\/schema\\\/logo\\\/image\\\/\"},\"sameAs\":[\"https:\\\/\\\/www.facebook.com\\\/espaiphilae\\\/\",\"https:\\\/\\\/www.instagram.com\\\/espai_philae\\\/\",\"https:\\\/\\\/www.linkedin.com\\\/in\\\/teatro-y-consciencia-m\u00e9todo-sabat\u00e9-528b6613b\\\/\"]}]}<\/script>\n<!-- \/ Yoast SEO plugin. -->","yoast_head_json":{"title":"Pol\u00edtica de cookies - Espai Philae","robots":{"index":"index","follow":"follow","max-snippet":"max-snippet:-1","max-image-preview":"max-image-preview:large","max-video-preview":"max-video-preview:-1"},"canonical":"https:\/\/espaiphilae.com\/ca\/politica-de-cookies\/","og_locale":"ca_ES","og_type":"article","og_title":"Pol\u00edtica de cookies - Espai Philae","og_description":"A la web https:\/\/espaiphilae.com\/ (d&#8217;ara endavant, el Lloc Web) utilitzem cookies per facilitar la relaci\u00f3 dels visitants amb el nostre contingut i per permetre elaborar estad\u00edstiques sobre les visitants&#13; que rebem. Us informem que podem utilitzar cookies amb la finalitat de facilitar la vostra navegaci\u00f3 a trav\u00e9s del Lloc Web, distingir-vos d&#8217;altres usuaris, proporcionar-vos una [&hellip;]","og_url":"https:\/\/espaiphilae.com\/ca\/politica-de-cookies\/","og_site_name":"Espai Philae","article_publisher":"https:\/\/www.facebook.com\/espaiphilae\/","article_modified_time":"2024-04-25T12:02:08+00:00","twitter_card":"summary_large_image","twitter_misc":{"Temps estimat de lectura":"8 minuts"},"schema":{"@context":"https:\/\/schema.org","@graph":[{"@type":"WebPage","@id":"https:\/\/espaiphilae.com\/ca\/politica-de-cookies\/","url":"https:\/\/espaiphilae.com\/ca\/politica-de-cookies\/","name":"Pol\u00edtica de cookies - Espai Philae","isPartOf":{"@id":"https:\/\/espaiphilae.com\/ca\/#website"},"datePublished":"2019-06-11T10:32:12+00:00","dateModified":"2024-04-25T12:02:08+00:00","breadcrumb":{"@id":"https:\/\/espaiphilae.com\/ca\/politica-de-cookies\/#breadcrumb"},"inLanguage":"ca","potentialAction":[{"@type":"ReadAction","target":["https:\/\/espaiphilae.com\/ca\/politica-de-cookies\/"]}]},{"@type":"BreadcrumbList","@id":"https:\/\/espaiphilae.com\/ca\/politica-de-cookies\/#breadcrumb","itemListElement":[{"@type":"ListItem","position":1,"name":"Home","item":"https:\/\/espaiphilae.com\/ca\/"},{"@type":"ListItem","position":2,"name":"Pol\u00edtica de cookies"}]},{"@type":"WebSite","@id":"https:\/\/espaiphilae.com\/ca\/#website","url":"https:\/\/espaiphilae.com\/ca\/","name":"Espai Philae","description":"Desenvolupament personal a trav\u00e9s de les arts esc\u00e8niques","publisher":{"@id":"https:\/\/espaiphilae.com\/ca\/#organization"},"potentialAction":[{"@type":"SearchAction","target":{"@type":"EntryPoint","urlTemplate":"https:\/\/espaiphilae.com\/ca\/?s={search_term_string}"},"query-input":{"@type":"PropertyValueSpecification","valueRequired":true,"valueName":"search_term_string"}}],"inLanguage":"ca"},{"@type":"Organization","@id":"https:\/\/espaiphilae.com\/ca\/#organization","name":"Espai Philae","url":"https:\/\/espaiphilae.com\/ca\/","logo":{"@type":"ImageObject","inLanguage":"ca","@id":"https:\/\/espaiphilae.com\/ca\/#\/schema\/logo\/image\/","url":"https:\/\/espaiphilae.com\/wp-content\/uploads\/LOGO_CAST_-MeTODE.png","contentUrl":"https:\/\/espaiphilae.com\/wp-content\/uploads\/LOGO_CAST_-MeTODE.png","width":159,"height":80,"caption":"Espai Philae"},"image":{"@id":"https:\/\/espaiphilae.com\/ca\/#\/schema\/logo\/image\/"},"sameAs":["https:\/\/www.facebook.com\/espaiphilae\/","https:\/\/www.instagram.com\/espai_philae\/","https:\/\/www.linkedin.com\/in\/teatro-y-consciencia-m\u00e9todo-sabat\u00e9-528b6613b\/"]}]}},"_links":{"self":[{"href":"https:\/\/espaiphilae.com\/ca\/wp-json\/wp\/v2\/pages\/553","targetHints":{"allow":["GET"]}}],"collection":[{"href":"https:\/\/espaiphilae.com\/ca\/wp-json\/wp\/v2\/pages"}],"about":[{"href":"https:\/\/espaiphilae.com\/ca\/wp-json\/wp\/v2\/types\/page"}],"author":[{"embeddable":true,"href":"https:\/\/espaiphilae.com\/ca\/wp-json\/wp\/v2\/users\/1"}],"replies":[{"embeddable":true,"href":"https:\/\/espaiphilae.com\/ca\/wp-json\/wp\/v2\/comments?post=553"}],"version-history":[{"count":0,"href":"https:\/\/espaiphilae.com\/ca\/wp-json\/wp\/v2\/pages\/553\/revisions"}],"wp:attachment":[{"href":"https:\/\/espaiphilae.com\/ca\/wp-json\/wp\/v2\/media?parent=553"}],"curies":[{"name":"wp","href":"https:\/\/api.w.org\/{rel}","templated":true}]}}