

{"id":3593,"date":"2022-06-20T09:57:35","date_gmt":"2022-06-20T07:57:35","guid":{"rendered":"https:\/\/espaiphilae.com\/espai-philae\/equip-espaiphilae\/"},"modified":"2022-06-20T11:45:14","modified_gmt":"2022-06-20T09:45:14","slug":"equip-espaiphilae","status":"publish","type":"page","link":"https:\/\/espaiphilae.com\/ca\/espai-philae\/equip-espaiphilae\/","title":{"rendered":"Equip"},"content":{"rendered":"\t\t<div data-elementor-type=\"wp-page\" data-elementor-id=\"3593\" class=\"elementor elementor-3593 elementor-3553\" data-elementor-post-type=\"page\">\n\t\t\t\t\t\t<section data-particle_enable=\"false\" data-particle-mobile-disabled=\"false\" class=\"elementor-section elementor-top-section elementor-element elementor-element-70d35d4 elementor-section-stretched elementor-section-boxed elementor-section-height-default elementor-section-height-default\" data-id=\"70d35d4\" data-element_type=\"section\" data-e-type=\"section\" data-settings=\"{&quot;stretch_section&quot;:&quot;section-stretched&quot;,&quot;background_background&quot;:&quot;classic&quot;}\">\n\t\t\t\t\t\t<div class=\"elementor-container elementor-column-gap-default\">\n\t\t\t\t\t<div class=\"elementor-column elementor-col-100 elementor-top-column elementor-element elementor-element-a0d3b9f\" data-id=\"a0d3b9f\" data-element_type=\"column\" data-e-type=\"column\">\n\t\t\t<div class=\"elementor-widget-wrap elementor-element-populated\">\n\t\t\t\t\t\t<div class=\"elementor-element elementor-element-ee7256f elementor-widget elementor-widget-heading\" data-id=\"ee7256f\" data-element_type=\"widget\" data-e-type=\"widget\" data-widget_type=\"heading.default\">\n\t\t\t\t\t<h2 class=\"elementor-heading-title elementor-size-default\">Equip<\/h2>\t\t\t\t<\/div>\n\t\t\t\t<div class=\"elementor-element elementor-element-bde1d4a elementor-widget elementor-widget-text-editor\" data-id=\"bde1d4a\" data-element_type=\"widget\" data-e-type=\"widget\" data-widget_type=\"text-editor.default\">\n\t\t\t\t\t\t\t\t\t<p>L&#8217;equip d&#8217;Espai Philae ens reconeixem imperfectament humanes i desitjoses de cr\u00e9ixer amb tota persona que entri al nostre espai \u201csagrat\u201d de benestar i creativitat.<br \/>Per aix\u00f2 ens posem al servei de totes vosaltres des dels valors m\u00e9s arrelats a l&#8217;origen de Teatre i Consci\u00e8ncia:<\/p><p><strong>&#8220;Humanitat, autenticitat, llibertat, excel\u00b7l\u00e8ncia, coratge, comprom\u00eds, noblesa, generositat, creativitat, profunditat&#8221;<\/strong><\/p><h4>Gr\u00e0cies per la vostra confian\u00e7a!<\/h4>\t\t\t\t\t\t\t\t<\/div>\n\t\t\t\t\t<\/div>\n\t\t<\/div>\n\t\t\t\t\t<\/div>\n\t\t<\/section>\n\t\t\t\t<section data-particle_enable=\"false\" data-particle-mobile-disabled=\"false\" class=\"elementor-section elementor-top-section elementor-element elementor-element-4c8a652 elementor-section-stretched elementor-section-boxed elementor-section-height-default elementor-section-height-default\" data-id=\"4c8a652\" data-element_type=\"section\" data-e-type=\"section\" data-settings=\"{&quot;stretch_section&quot;:&quot;section-stretched&quot;}\">\n\t\t\t\t\t\t\t<div class=\"elementor-background-overlay\"><\/div>\n\t\t\t\t\t\t\t<div class=\"elementor-container elementor-column-gap-custom\">\n\t\t\t\t\t<div class=\"elementor-column elementor-col-50 elementor-top-column elementor-element elementor-element-cd6111c\" data-id=\"cd6111c\" data-element_type=\"column\" data-e-type=\"column\">\n\t\t\t<div class=\"elementor-widget-wrap elementor-element-populated\">\n\t\t\t\t\t\t<div class=\"elementor-element elementor-element-946bb93 elementor-position-top elementor-widget elementor-widget-image-box\" data-id=\"946bb93\" data-element_type=\"widget\" data-e-type=\"widget\" data-widget_type=\"image-box.default\">\n\t\t\t\t\t<div class=\"elementor-image-box-wrapper\"><figure class=\"elementor-image-box-img\"><img fetchpriority=\"high\" decoding=\"async\" width=\"600\" height=\"600\" src=\"https:\/\/espaiphilae.com\/wp-content\/uploads\/Anna-Sabate-3.jpg\" class=\"attachment-full size-full wp-image-3563\" alt=\"\" srcset=\"https:\/\/espaiphilae.com\/wp-content\/uploads\/Anna-Sabate-3.jpg 600w, https:\/\/espaiphilae.com\/wp-content\/uploads\/Anna-Sabate-3-300x300.jpg 300w, https:\/\/espaiphilae.com\/wp-content\/uploads\/Anna-Sabate-3-100x100.jpg 100w, https:\/\/espaiphilae.com\/wp-content\/uploads\/Anna-Sabate-3-150x150.jpg 150w\" sizes=\"(max-width: 600px) 100vw, 600px\" \/><\/figure><div class=\"elementor-image-box-content\"><h3 class=\"elementor-image-box-title\">Anna Sabat\u00e9 <\/h3><p class=\"elementor-image-box-description\"><b>Fundadora i Directora<\/b><br>\u201cM\u2019encanta saber qu\u00e8 es cou a l\u2019interior de la teva \u00e0nima. Dona\u2019m la teva veritat i em tindr\u00e1s als teus peus per sempre\"<\/p><\/div><\/div>\t\t\t\t<\/div>\n\t\t\t\t\t<\/div>\n\t\t<\/div>\n\t\t\t\t<div class=\"elementor-column elementor-col-50 elementor-top-column elementor-element elementor-element-5df259b\" data-id=\"5df259b\" data-element_type=\"column\" data-e-type=\"column\">\n\t\t\t<div class=\"elementor-widget-wrap elementor-element-populated\">\n\t\t\t\t\t\t<div class=\"elementor-element elementor-element-010d95b elementor-position-left elementor-vertical-align-top elementor-widget elementor-widget-image-box\" data-id=\"010d95b\" data-element_type=\"widget\" data-e-type=\"widget\" data-widget_type=\"image-box.default\">\n\t\t\t\t\t<div class=\"elementor-image-box-wrapper\"><figure class=\"elementor-image-box-img\"><img decoding=\"async\" width=\"600\" height=\"600\" src=\"https:\/\/espaiphilae.com\/wp-content\/uploads\/Anna-Masides.jpg\" class=\"attachment-full size-full wp-image-3561\" alt=\"\" srcset=\"https:\/\/espaiphilae.com\/wp-content\/uploads\/Anna-Masides.jpg 600w, https:\/\/espaiphilae.com\/wp-content\/uploads\/Anna-Masides-300x300.jpg 300w, https:\/\/espaiphilae.com\/wp-content\/uploads\/Anna-Masides-100x100.jpg 100w, https:\/\/espaiphilae.com\/wp-content\/uploads\/Anna-Masides-150x150.jpg 150w\" sizes=\"(max-width: 600px) 100vw, 600px\" \/><\/figure><div class=\"elementor-image-box-content\"><h3 class=\"elementor-image-box-title\">Anna Masides (Anni)<\/h3><p class=\"elementor-image-box-description\"><b>Coordinadora Acad\u00e8mica<\/b><br>\u201cCrec en l\u2019\u00e9sser hum\u00e0 i en com la cultura ens transforma\"<\/p><\/div><\/div>\t\t\t\t<\/div>\n\t\t\t\t<div class=\"elementor-element elementor-element-a2cdbee elementor-position-left elementor-vertical-align-top elementor-widget elementor-widget-image-box\" data-id=\"a2cdbee\" data-element_type=\"widget\" data-e-type=\"widget\" data-widget_type=\"image-box.default\">\n\t\t\t\t\t<div class=\"elementor-image-box-wrapper\"><figure class=\"elementor-image-box-img\"><img decoding=\"async\" width=\"600\" height=\"600\" src=\"https:\/\/espaiphilae.com\/wp-content\/uploads\/Natalye-Carballo.jpg\" class=\"attachment-full size-full wp-image-3565\" alt=\"\" srcset=\"https:\/\/espaiphilae.com\/wp-content\/uploads\/Natalye-Carballo.jpg 600w, https:\/\/espaiphilae.com\/wp-content\/uploads\/Natalye-Carballo-300x300.jpg 300w, https:\/\/espaiphilae.com\/wp-content\/uploads\/Natalye-Carballo-100x100.jpg 100w, https:\/\/espaiphilae.com\/wp-content\/uploads\/Natalye-Carballo-150x150.jpg 150w\" sizes=\"(max-width: 600px) 100vw, 600px\" \/><\/figure><div class=\"elementor-image-box-content\"><h3 class=\"elementor-image-box-title\">Natalye Carballo<\/h3><p class=\"elementor-image-box-description\"><b>Responsable de comunicaci\u00f3<\/b><br>\u201cLa destrucci\u00f3 \u00e9s una altra forma de creaci\u00f3. Per molt abatuda, trista, sense rumb o buida que em trobi, les respostes sempre me les dona el cos, a trav\u00e9s de l\u2019art\"<\/p><\/div><\/div>\t\t\t\t<\/div>\n\t\t\t\t<div class=\"elementor-element elementor-element-49c732f elementor-position-left elementor-vertical-align-top elementor-widget elementor-widget-image-box\" data-id=\"49c732f\" data-element_type=\"widget\" data-e-type=\"widget\" data-widget_type=\"image-box.default\">\n\t\t\t\t\t<div class=\"elementor-image-box-wrapper\"><figure class=\"elementor-image-box-img\"><img loading=\"lazy\" decoding=\"async\" width=\"600\" height=\"600\" src=\"https:\/\/espaiphilae.com\/wp-content\/uploads\/Xavi-siles.jpg\" class=\"attachment-full size-full wp-image-3567\" alt=\"\" srcset=\"https:\/\/espaiphilae.com\/wp-content\/uploads\/Xavi-siles.jpg 600w, https:\/\/espaiphilae.com\/wp-content\/uploads\/Xavi-siles-300x300.jpg 300w, https:\/\/espaiphilae.com\/wp-content\/uploads\/Xavi-siles-100x100.jpg 100w, https:\/\/espaiphilae.com\/wp-content\/uploads\/Xavi-siles-150x150.jpg 150w\" sizes=\"(max-width: 600px) 100vw, 600px\" \/><\/figure><div class=\"elementor-image-box-content\"><h3 class=\"elementor-image-box-title\">Xavi Siles<\/h3><p class=\"elementor-image-box-description\"><b>Fotografia <\/b><br>\u201cM\u2019encanta connectar amb les persones, especialment a trav\u00e9s de la vulnerabilitat i sempre amb sentit de l\u2019humor\"<\/p><\/div><\/div>\t\t\t\t<\/div>\n\t\t\t\t\t<\/div>\n\t\t<\/div>\n\t\t\t\t\t<\/div>\n\t\t<\/section>\n\t\t\t\t<\/div>\n\t\t","protected":false},"excerpt":{"rendered":"<p>Equip L&#8217;equip d&#8217;Espai Philae ens reconeixem imperfectament humanes i desitjoses de cr\u00e9ixer amb tota persona que entri al nostre espai \u201csagrat\u201d de benestar i creativitat.Per aix\u00f2 ens posem al servei de totes vosaltres des dels valors m\u00e9s arrelats a l&#8217;origen de Teatre i Consci\u00e8ncia: &#8220;Humanitat, autenticitat, llibertat, excel\u00b7l\u00e8ncia, coratge, comprom\u00eds, noblesa, generositat, creativitat, profunditat&#8221; Gr\u00e0cies [&hellip;]<\/p>\n","protected":false},"author":1,"featured_media":0,"parent":551,"menu_order":0,"comment_status":"closed","ping_status":"closed","template":"template\/page-elementor.php","meta":{"_acf_changed":false,"footnotes":""},"class_list":["post-3593","page","type-page","status-publish","hentry"],"acf":[],"yoast_head":"<!-- This site is optimized with the Yoast SEO plugin v27.3 - https:\/\/yoast.com\/product\/yoast-seo-wordpress\/ -->\n<title>Equip - Espai Philae<\/title>\n<meta name=\"robots\" content=\"index, follow, max-snippet:-1, max-image-preview:large, max-video-preview:-1\" \/>\n<link rel=\"canonical\" href=\"https:\/\/espaiphilae.com\/ca\/espai-philae\/equip-espaiphilae\/\" \/>\n<meta property=\"og:locale\" content=\"ca_ES\" \/>\n<meta property=\"og:type\" content=\"article\" \/>\n<meta property=\"og:title\" content=\"Equip - Espai Philae\" \/>\n<meta property=\"og:description\" content=\"Equip L&#8217;equip d&#8217;Espai Philae ens reconeixem imperfectament humanes i desitjoses de cr\u00e9ixer amb tota persona que entri al nostre espai \u201csagrat\u201d de benestar i creativitat.Per aix\u00f2 ens posem al servei de totes vosaltres des dels valors m\u00e9s arrelats a l&#8217;origen de Teatre i Consci\u00e8ncia: &#8220;Humanitat, autenticitat, llibertat, excel\u00b7l\u00e8ncia, coratge, comprom\u00eds, noblesa, generositat, creativitat, profunditat&#8221; Gr\u00e0cies [&hellip;]\" \/>\n<meta property=\"og:url\" content=\"https:\/\/espaiphilae.com\/ca\/espai-philae\/equip-espaiphilae\/\" \/>\n<meta property=\"og:site_name\" content=\"Espai Philae\" \/>\n<meta property=\"article:publisher\" content=\"https:\/\/www.facebook.com\/espaiphilae\/\" \/>\n<meta property=\"article:modified_time\" content=\"2022-06-20T09:45:14+00:00\" \/>\n<meta property=\"og:image\" content=\"https:\/\/espaiphilae.com\/wp-content\/uploads\/Anna-Sabate-3.jpg\" \/>\n<meta name=\"twitter:card\" content=\"summary_large_image\" \/>\n<meta name=\"twitter:label1\" content=\"Temps estimat de lectura\" \/>\n\t<meta name=\"twitter:data1\" content=\"2 minuts\" \/>\n<script type=\"application\/ld+json\" class=\"yoast-schema-graph\">{\"@context\":\"https:\\\/\\\/schema.org\",\"@graph\":[{\"@type\":\"WebPage\",\"@id\":\"https:\\\/\\\/espaiphilae.com\\\/ca\\\/espai-philae\\\/equip-espaiphilae\\\/\",\"url\":\"https:\\\/\\\/espaiphilae.com\\\/ca\\\/espai-philae\\\/equip-espaiphilae\\\/\",\"name\":\"Equip - Espai Philae\",\"isPartOf\":{\"@id\":\"https:\\\/\\\/espaiphilae.com\\\/ca\\\/#website\"},\"primaryImageOfPage\":{\"@id\":\"https:\\\/\\\/espaiphilae.com\\\/ca\\\/espai-philae\\\/equip-espaiphilae\\\/#primaryimage\"},\"image\":{\"@id\":\"https:\\\/\\\/espaiphilae.com\\\/ca\\\/espai-philae\\\/equip-espaiphilae\\\/#primaryimage\"},\"thumbnailUrl\":\"https:\\\/\\\/espaiphilae.com\\\/wp-content\\\/uploads\\\/Anna-Sabate-3.jpg\",\"datePublished\":\"2022-06-20T07:57:35+00:00\",\"dateModified\":\"2022-06-20T09:45:14+00:00\",\"breadcrumb\":{\"@id\":\"https:\\\/\\\/espaiphilae.com\\\/ca\\\/espai-philae\\\/equip-espaiphilae\\\/#breadcrumb\"},\"inLanguage\":\"ca\",\"potentialAction\":[{\"@type\":\"ReadAction\",\"target\":[\"https:\\\/\\\/espaiphilae.com\\\/ca\\\/espai-philae\\\/equip-espaiphilae\\\/\"]}]},{\"@type\":\"ImageObject\",\"inLanguage\":\"ca\",\"@id\":\"https:\\\/\\\/espaiphilae.com\\\/ca\\\/espai-philae\\\/equip-espaiphilae\\\/#primaryimage\",\"url\":\"https:\\\/\\\/espaiphilae.com\\\/wp-content\\\/uploads\\\/Anna-Sabate-3.jpg\",\"contentUrl\":\"https:\\\/\\\/espaiphilae.com\\\/wp-content\\\/uploads\\\/Anna-Sabate-3.jpg\"},{\"@type\":\"BreadcrumbList\",\"@id\":\"https:\\\/\\\/espaiphilae.com\\\/ca\\\/espai-philae\\\/equip-espaiphilae\\\/#breadcrumb\",\"itemListElement\":[{\"@type\":\"ListItem\",\"position\":1,\"name\":\"Home\",\"item\":\"https:\\\/\\\/espaiphilae.com\\\/ca\\\/\"},{\"@type\":\"ListItem\",\"position\":2,\"name\":\"Espai Philae\",\"item\":\"https:\\\/\\\/espaiphilae.com\\\/ca\\\/espai-philae\\\/\"},{\"@type\":\"ListItem\",\"position\":3,\"name\":\"Equip\"}]},{\"@type\":\"WebSite\",\"@id\":\"https:\\\/\\\/espaiphilae.com\\\/ca\\\/#website\",\"url\":\"https:\\\/\\\/espaiphilae.com\\\/ca\\\/\",\"name\":\"Espai Philae\",\"description\":\"Desenvolupament personal a trav\u00e9s de les arts esc\u00e8niques\",\"publisher\":{\"@id\":\"https:\\\/\\\/espaiphilae.com\\\/ca\\\/#organization\"},\"potentialAction\":[{\"@type\":\"SearchAction\",\"target\":{\"@type\":\"EntryPoint\",\"urlTemplate\":\"https:\\\/\\\/espaiphilae.com\\\/ca\\\/?s={search_term_string}\"},\"query-input\":{\"@type\":\"PropertyValueSpecification\",\"valueRequired\":true,\"valueName\":\"search_term_string\"}}],\"inLanguage\":\"ca\"},{\"@type\":\"Organization\",\"@id\":\"https:\\\/\\\/espaiphilae.com\\\/ca\\\/#organization\",\"name\":\"Espai Philae\",\"url\":\"https:\\\/\\\/espaiphilae.com\\\/ca\\\/\",\"logo\":{\"@type\":\"ImageObject\",\"inLanguage\":\"ca\",\"@id\":\"https:\\\/\\\/espaiphilae.com\\\/ca\\\/#\\\/schema\\\/logo\\\/image\\\/\",\"url\":\"https:\\\/\\\/espaiphilae.com\\\/wp-content\\\/uploads\\\/LOGO_CAST_-MeTODE.png\",\"contentUrl\":\"https:\\\/\\\/espaiphilae.com\\\/wp-content\\\/uploads\\\/LOGO_CAST_-MeTODE.png\",\"width\":159,\"height\":80,\"caption\":\"Espai Philae\"},\"image\":{\"@id\":\"https:\\\/\\\/espaiphilae.com\\\/ca\\\/#\\\/schema\\\/logo\\\/image\\\/\"},\"sameAs\":[\"https:\\\/\\\/www.facebook.com\\\/espaiphilae\\\/\",\"https:\\\/\\\/www.instagram.com\\\/espai_philae\\\/\",\"https:\\\/\\\/www.linkedin.com\\\/in\\\/teatro-y-consciencia-m\u00e9todo-sabat\u00e9-528b6613b\\\/\"]}]}<\/script>\n<!-- \/ Yoast SEO plugin. -->","yoast_head_json":{"title":"Equip - Espai Philae","robots":{"index":"index","follow":"follow","max-snippet":"max-snippet:-1","max-image-preview":"max-image-preview:large","max-video-preview":"max-video-preview:-1"},"canonical":"https:\/\/espaiphilae.com\/ca\/espai-philae\/equip-espaiphilae\/","og_locale":"ca_ES","og_type":"article","og_title":"Equip - Espai Philae","og_description":"Equip L&#8217;equip d&#8217;Espai Philae ens reconeixem imperfectament humanes i desitjoses de cr\u00e9ixer amb tota persona que entri al nostre espai \u201csagrat\u201d de benestar i creativitat.Per aix\u00f2 ens posem al servei de totes vosaltres des dels valors m\u00e9s arrelats a l&#8217;origen de Teatre i Consci\u00e8ncia: &#8220;Humanitat, autenticitat, llibertat, excel\u00b7l\u00e8ncia, coratge, comprom\u00eds, noblesa, generositat, creativitat, profunditat&#8221; Gr\u00e0cies [&hellip;]","og_url":"https:\/\/espaiphilae.com\/ca\/espai-philae\/equip-espaiphilae\/","og_site_name":"Espai Philae","article_publisher":"https:\/\/www.facebook.com\/espaiphilae\/","article_modified_time":"2022-06-20T09:45:14+00:00","og_image":[{"url":"https:\/\/espaiphilae.com\/wp-content\/uploads\/Anna-Sabate-3.jpg","type":"","width":"","height":""}],"twitter_card":"summary_large_image","twitter_misc":{"Temps estimat de lectura":"2 minuts"},"schema":{"@context":"https:\/\/schema.org","@graph":[{"@type":"WebPage","@id":"https:\/\/espaiphilae.com\/ca\/espai-philae\/equip-espaiphilae\/","url":"https:\/\/espaiphilae.com\/ca\/espai-philae\/equip-espaiphilae\/","name":"Equip - Espai Philae","isPartOf":{"@id":"https:\/\/espaiphilae.com\/ca\/#website"},"primaryImageOfPage":{"@id":"https:\/\/espaiphilae.com\/ca\/espai-philae\/equip-espaiphilae\/#primaryimage"},"image":{"@id":"https:\/\/espaiphilae.com\/ca\/espai-philae\/equip-espaiphilae\/#primaryimage"},"thumbnailUrl":"https:\/\/espaiphilae.com\/wp-content\/uploads\/Anna-Sabate-3.jpg","datePublished":"2022-06-20T07:57:35+00:00","dateModified":"2022-06-20T09:45:14+00:00","breadcrumb":{"@id":"https:\/\/espaiphilae.com\/ca\/espai-philae\/equip-espaiphilae\/#breadcrumb"},"inLanguage":"ca","potentialAction":[{"@type":"ReadAction","target":["https:\/\/espaiphilae.com\/ca\/espai-philae\/equip-espaiphilae\/"]}]},{"@type":"ImageObject","inLanguage":"ca","@id":"https:\/\/espaiphilae.com\/ca\/espai-philae\/equip-espaiphilae\/#primaryimage","url":"https:\/\/espaiphilae.com\/wp-content\/uploads\/Anna-Sabate-3.jpg","contentUrl":"https:\/\/espaiphilae.com\/wp-content\/uploads\/Anna-Sabate-3.jpg"},{"@type":"BreadcrumbList","@id":"https:\/\/espaiphilae.com\/ca\/espai-philae\/equip-espaiphilae\/#breadcrumb","itemListElement":[{"@type":"ListItem","position":1,"name":"Home","item":"https:\/\/espaiphilae.com\/ca\/"},{"@type":"ListItem","position":2,"name":"Espai Philae","item":"https:\/\/espaiphilae.com\/ca\/espai-philae\/"},{"@type":"ListItem","position":3,"name":"Equip"}]},{"@type":"WebSite","@id":"https:\/\/espaiphilae.com\/ca\/#website","url":"https:\/\/espaiphilae.com\/ca\/","name":"Espai Philae","description":"Desenvolupament personal a trav\u00e9s de les arts esc\u00e8niques","publisher":{"@id":"https:\/\/espaiphilae.com\/ca\/#organization"},"potentialAction":[{"@type":"SearchAction","target":{"@type":"EntryPoint","urlTemplate":"https:\/\/espaiphilae.com\/ca\/?s={search_term_string}"},"query-input":{"@type":"PropertyValueSpecification","valueRequired":true,"valueName":"search_term_string"}}],"inLanguage":"ca"},{"@type":"Organization","@id":"https:\/\/espaiphilae.com\/ca\/#organization","name":"Espai Philae","url":"https:\/\/espaiphilae.com\/ca\/","logo":{"@type":"ImageObject","inLanguage":"ca","@id":"https:\/\/espaiphilae.com\/ca\/#\/schema\/logo\/image\/","url":"https:\/\/espaiphilae.com\/wp-content\/uploads\/LOGO_CAST_-MeTODE.png","contentUrl":"https:\/\/espaiphilae.com\/wp-content\/uploads\/LOGO_CAST_-MeTODE.png","width":159,"height":80,"caption":"Espai Philae"},"image":{"@id":"https:\/\/espaiphilae.com\/ca\/#\/schema\/logo\/image\/"},"sameAs":["https:\/\/www.facebook.com\/espaiphilae\/","https:\/\/www.instagram.com\/espai_philae\/","https:\/\/www.linkedin.com\/in\/teatro-y-consciencia-m\u00e9todo-sabat\u00e9-528b6613b\/"]}]}},"_links":{"self":[{"href":"https:\/\/espaiphilae.com\/ca\/wp-json\/wp\/v2\/pages\/3593","targetHints":{"allow":["GET"]}}],"collection":[{"href":"https:\/\/espaiphilae.com\/ca\/wp-json\/wp\/v2\/pages"}],"about":[{"href":"https:\/\/espaiphilae.com\/ca\/wp-json\/wp\/v2\/types\/page"}],"author":[{"embeddable":true,"href":"https:\/\/espaiphilae.com\/ca\/wp-json\/wp\/v2\/users\/1"}],"replies":[{"embeddable":true,"href":"https:\/\/espaiphilae.com\/ca\/wp-json\/wp\/v2\/comments?post=3593"}],"version-history":[{"count":0,"href":"https:\/\/espaiphilae.com\/ca\/wp-json\/wp\/v2\/pages\/3593\/revisions"}],"up":[{"embeddable":true,"href":"https:\/\/espaiphilae.com\/ca\/wp-json\/wp\/v2\/pages\/551"}],"wp:attachment":[{"href":"https:\/\/espaiphilae.com\/ca\/wp-json\/wp\/v2\/media?parent=3593"}],"curies":[{"name":"wp","href":"https:\/\/api.w.org\/{rel}","templated":true}]}}